{"id":20394,"date":"2018-08-04T19:37:20","date_gmt":"2018-08-04T17:37:20","guid":{"rendered":"https:\/\/staging2.animalsalut.com\/centro-veterinario\/"},"modified":"2025-03-08T16:44:03","modified_gmt":"2025-03-08T15:44:03","slug":"centre-veterinari","status":"publish","type":"page","link":"https:\/\/www.animalsalut.com\/ca\/centre-veterinari\/","title":{"rendered":"Centre"},"content":{"rendered":"<div class=\"wpb-content-wrapper\"><p>[vc_row css_animation=&#8221;&#8221; row_type=&#8221;row&#8221; use_row_as_full_screen_section=&#8221;yes&#8221; type=&#8221;full_width&#8221; angled_section=&#8221;no&#8221; text_align=&#8221;center&#8221; background_image_as_pattern=&#8221;without_pattern&#8221; css=&#8221;.vc_custom_1741080176020{margin-top: 100px !important;}&#8221; z_index=&#8221;&#8221;][vc_column][vc_column_text css=&#8221;.vc_custom_1741080099675{margin-bottom: 0px !important;}&#8221;]<\/p>\n<h1 style=\"text-align: center;\"><span style=\"font-size: 30pt; color: #1744b9;\">Centre veterinari<\/span><\/h1>\n<p>[\/vc_column_text][\/vc_column][\/vc_row][vc_row css_animation=&#8221;&#8221; row_type=&#8221;row&#8221; use_row_as_full_screen_section=&#8221;no&#8221; type=&#8221;full_width&#8221; angled_section=&#8221;no&#8221; text_align=&#8221;left&#8221; background_image_as_pattern=&#8221;without_pattern&#8221; z_index=&#8221;&#8221;][vc_column][vc_row_inner row_type=&#8221;row&#8221; type=&#8221;grid&#8221; text_align=&#8221;left&#8221; css_animation=&#8221;&#8221;][vc_column_inner width=&#8221;1\/6&#8243;][\/vc_column_inner][vc_column_inner width=&#8221;2\/3&#8243;][vc_empty_space height=&#8221;3em&#8221;][vc_column_text]<\/p>\n<p style=\"text-align: center;\"><span style=\"font-weight: 400;\">El nostre centre veterinari est\u00e0 situat al barri de la Sagrera de Barcelona. Amb m\u00e9s de 15 anys d&#8217;hist\u00f2ria, el centre Animal Salut s&#8217;ha consolidat com el veterinari familiar de la zona. Des de la seva obertura, el centre ha anat modernitzant-se i adaptant-se a les noves t\u00e8cniques veterin\u00e0ries. Compte a m\u00e9s amb una \u00e0mplia botiga, que exposa gran varietat de pinsos i productes per a les mascotes, i un excel\u00b7lent servei de perruqueria que complementa els serveis que s&#8217;ofereixen.<\/span><\/p>\n<p>[\/vc_column_text][\/vc_column_inner][vc_column_inner width=&#8221;1\/6&#8243;][\/vc_column_inner][\/vc_row_inner][\/vc_column][\/vc_row][vc_row css_animation=&#8221;&#8221; row_type=&#8221;row&#8221; use_row_as_full_screen_section=&#8221;no&#8221; type=&#8221;full_width&#8221; angled_section=&#8221;no&#8221; text_align=&#8221;left&#8221; background_image_as_pattern=&#8221;without_pattern&#8221;][vc_column][vc_empty_space height=&#8221;3em&#8221;][vc_row_inner row_type=&#8221;row&#8221; type=&#8221;full_width&#8221; text_align=&#8221;left&#8221; css_animation=&#8221;&#8221;][vc_column_inner width=&#8221;1\/12&#8243;][\/vc_column_inner][vc_column_inner width=&#8221;5\/6&#8243;][vc_gallery type=&#8221;image_grid&#8221; images=&#8221;19815,19824,38083&#8243; img_size=&#8221;full&#8221; column_number=&#8221;3&#8243; grayscale=&#8221;no&#8221; images_space=&#8221;gallery_without_space&#8221;][vc_gallery type=&#8221;image_grid&#8221; images=&#8221;19806,19809,19812&#8243; img_size=&#8221;full&#8221; column_number=&#8221;3&#8243; grayscale=&#8221;no&#8221; images_space=&#8221;gallery_without_space&#8221;][\/vc_column_inner][vc_column_inner width=&#8221;1\/12&#8243;][\/vc_column_inner][\/vc_row_inner][\/vc_column][\/vc_row][vc_row css_animation=&#8221;&#8221; row_type=&#8221;row&#8221; use_row_as_full_screen_section=&#8221;no&#8221; type=&#8221;grid&#8221; angled_section=&#8221;no&#8221; text_align=&#8221;left&#8221; background_image_as_pattern=&#8221;without_pattern&#8221; z_index=&#8221;&#8221;][vc_column][vc_empty_space height=&#8221;5em&#8221;][vc_column_text]<\/p>\n<h2 style=\"text-align: center;\">EQUIP<\/h2>\n<p>[\/vc_column_text][vc_empty_space height=&#8221;1em&#8221;][vc_column_text css=&#8221;&#8221;]<\/p>\n<p style=\"text-align: center;\"><span style=\"font-size: 12pt;\"><span style=\"font-weight: 400;\">Animal Salut \u00e9s un servei integral veterinari creat per amants dels animals per donar servei a altres amants dels animals. El nostre equip est\u00e0 format per grans professionals amb anys d\u00b4experi\u00e8ncia dedicats a la salut de les mascotes. Pots trobar-nos al nostre centre veterinari o, si ho prefereixes, ens desplacem a casa teva per a una visita veterin\u00e0ria a domicili totalment personalitzada.<\/span><\/span><\/p>\n<p style=\"text-align: center;\"><span style=\"font-size: 12pt;\"><span style=\"font-weight: 400;\"><br \/>\n<a href=\"https:\/\/www.animalsalut.com\/ca\/coneixens\/\"><strong>Aqu\u00ed<\/strong><\/a> podr\u00e0s con\u00e8ixer millor el nostre equip i descobrir per qu\u00e8 som l&#8217;elecci\u00f3 ideal per tenir cura de la teva mascota.<\/span><\/span><\/p>\n<div id=\"gtx-trans\" style=\"position: absolute; left: 501px; top: -9.50391px;\">\n<div class=\"gtx-trans-icon\"><\/div>\n<\/div>\n<p>[\/vc_column_text][vc_empty_space height=&#8221;3em&#8221;][\/vc_column][\/vc_row][vc_row css_animation=&#8221;&#8221; row_type=&#8221;row&#8221; use_row_as_full_screen_section=&#8221;no&#8221; type=&#8221;grid&#8221; angled_section=&#8221;no&#8221; text_align=&#8221;left&#8221; background_image_as_pattern=&#8221;without_pattern&#8221; z_index=&#8221;&#8221;][vc_column][vc_empty_space height=&#8221;3em&#8221;][vc_column_text]<\/p>\n<h2 style=\"text-align: center;\"><span style=\"font-size: 18pt;\">#animalsalut<\/span><\/h2>\n<p>[\/vc_column_text][vc_empty_space height=&#8221;3em&#8221;][\/vc_column][\/vc_row][vc_row css_animation=&#8221;&#8221; row_type=&#8221;row&#8221; use_row_as_full_screen_section=&#8221;no&#8221; type=&#8221;grid&#8221; angled_section=&#8221;no&#8221; text_align=&#8221;left&#8221; background_image_as_pattern=&#8221;without_pattern&#8221; z_index=&#8221;&#8221;][vc_column]<div class='blog_slider_holder clearfix '><div class='blog_slider blog_slider_carousel' data-blogs_shown=\"4\" data-auto_start=\"true\"><ul class='blog_slides'>Sorry, no posts matched your criteria.<\/ul><ul class=\"caroufredsel-direction-nav\"><li><a id=\"caroufredsel-prev\" class=\"caroufredsel-prev\" href=\"#\"><div><i class=\"fa fa-angle-left\"><\/i><\/div><\/a><\/li><li><a class=\"caroufredsel-next\" id=\"caroufredsel-next\" href=\"#\"><div><i class=\"fa fa-angle-right\"><\/i><\/div><\/a><\/li><\/ul><\/div><\/div>[vc_empty_space height=&#8221;3em&#8221;][\/vc_column][\/vc_row][vc_row css_animation=&#8221;&#8221; row_type=&#8221;row&#8221; use_row_as_full_screen_section=&#8221;no&#8221; type=&#8221;full_width&#8221; angled_section=&#8221;no&#8221; text_align=&#8221;left&#8221; background_image_as_pattern=&#8221;without_pattern&#8221;][vc_column][vc_empty_space height=&#8221;5em&#8221;][\/vc_column][\/vc_row]<\/p>\n<\/div>","protected":false},"excerpt":{"rendered":"<p>[vc_row css_animation=&#8221;&#8221; row_type=&#8221;row&#8221; use_row_as_full_screen_section=&#8221;yes&#8221; type=&#8221;full_width&#8221; angled_section=&#8221;no&#8221; text_align=&#8221;center&#8221; background_image_as_pattern=&#8221;without_pattern&#8221; css=&#8221;.vc_custom_1741080176020{margin-top: 100px !important;}&#8221; z_index=&#8221;&#8221;][vc_column][vc_column_text css=&#8221;.vc_custom_1741080099675{margin-bottom: 0px !important;}&#8221;] Centre veterinari [\/vc_column_text][\/vc_column][\/vc_row][vc_row css_animation=&#8221;&#8221; row_type=&#8221;row&#8221; use_row_as_full_screen_section=&#8221;no&#8221; type=&#8221;full_width&#8221; angled_section=&#8221;no&#8221; text_align=&#8221;left&#8221; background_image_as_pattern=&#8221;without_pattern&#8221; z_index=&#8221;&#8221;][vc_column][vc_row_inner row_type=&#8221;row&#8221; type=&#8221;grid&#8221; text_align=&#8221;left&#8221; css_animation=&#8221;&#8221;][vc_column_inner width=&#8221;1\/6&#8243;][\/vc_column_inner][vc_column_inner width=&#8221;2\/3&#8243;][vc_empty_space height=&#8221;3em&#8221;][vc_column_text] El nostre centre veterinari est\u00e0 situat al barri de la Sagrera de&#8230;<\/p>\n","protected":false},"author":2,"featured_media":0,"parent":0,"menu_order":0,"comment_status":"open","ping_status":"closed","template":"full_width.php","meta":{"footnotes":""},"class_list":["post-20394","page","type-page","status-publish","hentry"],"yoast_head":"<!-- This site is optimized with the Yoast SEO plugin v27.5 - https:\/\/yoast.com\/product\/yoast-seo-wordpress\/ -->\n<title>Centre veterinari barri de la Sagrera de Barcelona - Animal Salut<\/title>\n<meta name=\"description\" content=\"El nostre centre veterinari est\u00e0 situat al barri de la Sagrera de Barcelona. M\u00e9s de 10 anys d&#039;hist\u00f2ria i un gran equip al servei dels animals\" \/>\n<meta name=\"robots\" content=\"index, follow, max-snippet:-1, max-image-preview:large, max-video-preview:-1\" \/>\n<link rel=\"canonical\" href=\"https:\/\/www.animalsalut.com\/ca\/centre-veterinari\/\" \/>\n<meta property=\"og:locale\" content=\"ca_ES\" \/>\n<meta property=\"og:type\" content=\"article\" \/>\n<meta property=\"og:title\" content=\"Nosotros Animal Salut - Servicio de veterinario a domicilio\" \/>\n<meta property=\"og:description\" content=\"Nuestra veterinario a domicilio es Mireia Badia Pinilla, licenciada en veterinaria en la Universidad Aut\u00f3noma de Barcelona.\" \/>\n<meta property=\"og:url\" content=\"https:\/\/www.animalsalut.com\/ca\/centre-veterinari\/\" \/>\n<meta property=\"og:site_name\" content=\"Animal Salut\" \/>\n<meta property=\"article:publisher\" content=\"https:\/\/www.facebook.com\/animalsalut\" \/>\n<meta property=\"article:modified_time\" content=\"2025-03-08T15:44:03+00:00\" \/>\n<meta property=\"og:image\" content=\"https:\/\/www.animalsalut.com\/wp-content\/uploads\/2016\/12\/logo_icon.png\" \/>\n\t<meta property=\"og:image:width\" content=\"300\" \/>\n\t<meta property=\"og:image:height\" content=\"300\" \/>\n\t<meta property=\"og:image:type\" content=\"image\/png\" \/>\n<meta name=\"twitter:card\" content=\"summary_large_image\" \/>\n<meta name=\"twitter:title\" content=\"Nosotros Animal Salut - Servicio de veterinario a domicilio\" \/>\n<meta name=\"twitter:description\" content=\"Nuestra veterinario a domicilio es Mireia Badia Pinilla, licenciada en veterinaria en la Universidad Aut\u00f3noma de Barcelona.\" \/>\n<meta name=\"twitter:image\" content=\"https:\/\/www.animalsalut.com\/wp-content\/uploads\/2016\/12\/logo_icon.png\" \/>\n<meta name=\"twitter:site\" content=\"@animalsalut\" \/>\n<meta name=\"twitter:label1\" content=\"Temps estimat de lectura\" \/>\n\t<meta name=\"twitter:data1\" content=\"3 minuts\" \/>\n<script type=\"application\/ld+json\" class=\"yoast-schema-graph\">{\"@context\":\"https:\\\/\\\/schema.org\",\"@graph\":[{\"@type\":\"WebPage\",\"@id\":\"https:\\\/\\\/www.animalsalut.com\\\/ca\\\/centre-veterinari\\\/\",\"url\":\"https:\\\/\\\/www.animalsalut.com\\\/ca\\\/centre-veterinari\\\/\",\"name\":\"Centre veterinari barri de la Sagrera de Barcelona - Animal Salut\",\"isPartOf\":{\"@id\":\"https:\\\/\\\/www.animalsalut.com\\\/ca\\\/?lang=ca\\\/#website\"},\"datePublished\":\"2018-08-04T17:37:20+00:00\",\"dateModified\":\"2025-03-08T15:44:03+00:00\",\"description\":\"El nostre centre veterinari est\u00e0 situat al barri de la Sagrera de Barcelona. M\u00e9s de 10 anys d'hist\u00f2ria i un gran equip al servei dels animals\",\"breadcrumb\":{\"@id\":\"https:\\\/\\\/www.animalsalut.com\\\/ca\\\/centre-veterinari\\\/#breadcrumb\"},\"inLanguage\":\"ca\",\"potentialAction\":[{\"@type\":\"ReadAction\",\"target\":[\"https:\\\/\\\/www.animalsalut.com\\\/ca\\\/centre-veterinari\\\/\"]}]},{\"@type\":\"BreadcrumbList\",\"@id\":\"https:\\\/\\\/www.animalsalut.com\\\/ca\\\/centre-veterinari\\\/#breadcrumb\",\"itemListElement\":[{\"@type\":\"ListItem\",\"position\":1,\"name\":\"Portada\",\"item\":\"https:\\\/\\\/www.animalsalut.com\\\/ca\\\/\"},{\"@type\":\"ListItem\",\"position\":2,\"name\":\"Centre\"}]},{\"@type\":\"WebSite\",\"@id\":\"https:\\\/\\\/www.animalsalut.com\\\/ca\\\/?lang=ca\\\/#website\",\"url\":\"https:\\\/\\\/www.animalsalut.com\\\/ca\\\/?lang=ca\\\/\",\"name\":\"Animal Salut\",\"description\":\"Veterinari a domicili a Barcelona\",\"publisher\":{\"@id\":\"https:\\\/\\\/www.animalsalut.com\\\/ca\\\/?lang=ca\\\/#organization\"},\"alternateName\":\"Veterinari a domicili\",\"potentialAction\":[{\"@type\":\"SearchAction\",\"target\":{\"@type\":\"EntryPoint\",\"urlTemplate\":\"https:\\\/\\\/www.animalsalut.com\\\/ca\\\/?lang=ca\\\/?s={search_term_string}\"},\"query-input\":{\"@type\":\"PropertyValueSpecification\",\"valueRequired\":true,\"valueName\":\"search_term_string\"}}],\"inLanguage\":\"ca\"},{\"@type\":\"Organization\",\"@id\":\"https:\\\/\\\/www.animalsalut.com\\\/ca\\\/?lang=ca\\\/#organization\",\"name\":\"Animal Salut\",\"alternateName\":\"Animal Salut - Veterinario a domicilio\",\"url\":\"https:\\\/\\\/www.animalsalut.com\\\/ca\\\/?lang=ca\\\/\",\"logo\":{\"@type\":\"ImageObject\",\"inLanguage\":\"ca\",\"@id\":\"https:\\\/\\\/www.animalsalut.com\\\/ca\\\/?lang=ca\\\/#\\\/schema\\\/logo\\\/image\\\/\",\"url\":\"https:\\\/\\\/www.animalsalut.com\\\/wp-content\\\/uploads\\\/2018\\\/10\\\/cropped-logo_animal_salut-1.png\",\"contentUrl\":\"https:\\\/\\\/www.animalsalut.com\\\/wp-content\\\/uploads\\\/2018\\\/10\\\/cropped-logo_animal_salut-1.png\",\"width\":512,\"height\":512,\"caption\":\"Animal Salut\"},\"image\":{\"@id\":\"https:\\\/\\\/www.animalsalut.com\\\/ca\\\/?lang=ca\\\/#\\\/schema\\\/logo\\\/image\\\/\"},\"sameAs\":[\"https:\\\/\\\/www.facebook.com\\\/animalsalut\",\"https:\\\/\\\/x.com\\\/animalsalut\",\"https:\\\/\\\/www.instagram.com\\\/animalsalut\",\"https:\\\/\\\/www.threads.net\\\/@animalsalut\"]}]}<\/script>\n<!-- \/ Yoast SEO plugin. -->","yoast_head_json":{"title":"Centre veterinari barri de la Sagrera de Barcelona - Animal Salut","description":"El nostre centre veterinari est\u00e0 situat al barri de la Sagrera de Barcelona. M\u00e9s de 10 anys d'hist\u00f2ria i un gran equip al servei dels animals","robots":{"index":"index","follow":"follow","max-snippet":"max-snippet:-1","max-image-preview":"max-image-preview:large","max-video-preview":"max-video-preview:-1"},"canonical":"https:\/\/www.animalsalut.com\/ca\/centre-veterinari\/","og_locale":"ca_ES","og_type":"article","og_title":"Nosotros Animal Salut - Servicio de veterinario a domicilio","og_description":"Nuestra veterinario a domicilio es Mireia Badia Pinilla, licenciada en veterinaria en la Universidad Aut\u00f3noma de Barcelona.","og_url":"https:\/\/www.animalsalut.com\/ca\/centre-veterinari\/","og_site_name":"Animal Salut","article_publisher":"https:\/\/www.facebook.com\/animalsalut","article_modified_time":"2025-03-08T15:44:03+00:00","og_image":[{"width":300,"height":300,"url":"https:\/\/www.animalsalut.com\/wp-content\/uploads\/2016\/12\/logo_icon.png","type":"image\/png"}],"twitter_card":"summary_large_image","twitter_title":"Nosotros Animal Salut - Servicio de veterinario a domicilio","twitter_description":"Nuestra veterinario a domicilio es Mireia Badia Pinilla, licenciada en veterinaria en la Universidad Aut\u00f3noma de Barcelona.","twitter_image":"https:\/\/www.animalsalut.com\/wp-content\/uploads\/2016\/12\/logo_icon.png","twitter_site":"@animalsalut","twitter_misc":{"Temps estimat de lectura":"3 minuts"},"schema":{"@context":"https:\/\/schema.org","@graph":[{"@type":"WebPage","@id":"https:\/\/www.animalsalut.com\/ca\/centre-veterinari\/","url":"https:\/\/www.animalsalut.com\/ca\/centre-veterinari\/","name":"Centre veterinari barri de la Sagrera de Barcelona - Animal Salut","isPartOf":{"@id":"https:\/\/www.animalsalut.com\/ca\/?lang=ca\/#website"},"datePublished":"2018-08-04T17:37:20+00:00","dateModified":"2025-03-08T15:44:03+00:00","description":"El nostre centre veterinari est\u00e0 situat al barri de la Sagrera de Barcelona. M\u00e9s de 10 anys d'hist\u00f2ria i un gran equip al servei dels animals","breadcrumb":{"@id":"https:\/\/www.animalsalut.com\/ca\/centre-veterinari\/#breadcrumb"},"inLanguage":"ca","potentialAction":[{"@type":"ReadAction","target":["https:\/\/www.animalsalut.com\/ca\/centre-veterinari\/"]}]},{"@type":"BreadcrumbList","@id":"https:\/\/www.animalsalut.com\/ca\/centre-veterinari\/#breadcrumb","itemListElement":[{"@type":"ListItem","position":1,"name":"Portada","item":"https:\/\/www.animalsalut.com\/ca\/"},{"@type":"ListItem","position":2,"name":"Centre"}]},{"@type":"WebSite","@id":"https:\/\/www.animalsalut.com\/ca\/?lang=ca\/#website","url":"https:\/\/www.animalsalut.com\/ca\/?lang=ca\/","name":"Animal Salut","description":"Veterinari a domicili a Barcelona","publisher":{"@id":"https:\/\/www.animalsalut.com\/ca\/?lang=ca\/#organization"},"alternateName":"Veterinari a domicili","potentialAction":[{"@type":"SearchAction","target":{"@type":"EntryPoint","urlTemplate":"https:\/\/www.animalsalut.com\/ca\/?lang=ca\/?s={search_term_string}"},"query-input":{"@type":"PropertyValueSpecification","valueRequired":true,"valueName":"search_term_string"}}],"inLanguage":"ca"},{"@type":"Organization","@id":"https:\/\/www.animalsalut.com\/ca\/?lang=ca\/#organization","name":"Animal Salut","alternateName":"Animal Salut - Veterinario a domicilio","url":"https:\/\/www.animalsalut.com\/ca\/?lang=ca\/","logo":{"@type":"ImageObject","inLanguage":"ca","@id":"https:\/\/www.animalsalut.com\/ca\/?lang=ca\/#\/schema\/logo\/image\/","url":"https:\/\/www.animalsalut.com\/wp-content\/uploads\/2018\/10\/cropped-logo_animal_salut-1.png","contentUrl":"https:\/\/www.animalsalut.com\/wp-content\/uploads\/2018\/10\/cropped-logo_animal_salut-1.png","width":512,"height":512,"caption":"Animal Salut"},"image":{"@id":"https:\/\/www.animalsalut.com\/ca\/?lang=ca\/#\/schema\/logo\/image\/"},"sameAs":["https:\/\/www.facebook.com\/animalsalut","https:\/\/x.com\/animalsalut","https:\/\/www.instagram.com\/animalsalut","https:\/\/www.threads.net\/@animalsalut"]}]}},"_links":{"self":[{"href":"https:\/\/www.animalsalut.com\/ca\/wp-json\/wp\/v2\/pages\/20394","targetHints":{"allow":["GET"]}}],"collection":[{"href":"https:\/\/www.animalsalut.com\/ca\/wp-json\/wp\/v2\/pages"}],"about":[{"href":"https:\/\/www.animalsalut.com\/ca\/wp-json\/wp\/v2\/types\/page"}],"author":[{"embeddable":true,"href":"https:\/\/www.animalsalut.com\/ca\/wp-json\/wp\/v2\/users\/2"}],"replies":[{"embeddable":true,"href":"https:\/\/www.animalsalut.com\/ca\/wp-json\/wp\/v2\/comments?post=20394"}],"version-history":[{"count":8,"href":"https:\/\/www.animalsalut.com\/ca\/wp-json\/wp\/v2\/pages\/20394\/revisions"}],"predecessor-version":[{"id":41900,"href":"https:\/\/www.animalsalut.com\/ca\/wp-json\/wp\/v2\/pages\/20394\/revisions\/41900"}],"wp:attachment":[{"href":"https:\/\/www.animalsalut.com\/ca\/wp-json\/wp\/v2\/media?parent=20394"}],"curies":[{"name":"wp","href":"https:\/\/api.w.org\/{rel}","templated":true}]}}