{"id":20521,"date":"2018-08-04T19:30:26","date_gmt":"2018-08-04T17:30:26","guid":{"rendered":"https:\/\/staging2.animalsalut.com\/conocenos-veterinario-domicilio\/"},"modified":"2025-03-06T16:07:33","modified_gmt":"2025-03-06T15:07:33","slug":"coneixens","status":"publish","type":"page","link":"https:\/\/www.animalsalut.com\/ca\/coneixens\/","title":{"rendered":"Coneixe\u2019ns"},"content":{"rendered":"<div class=\"wpb-content-wrapper\"><p>[vc_row css_animation=&#8221;&#8221; row_type=&#8221;row&#8221; use_row_as_full_screen_section=&#8221;yes&#8221; type=&#8221;full_width&#8221; angled_section=&#8221;no&#8221; text_align=&#8221;center&#8221; background_image_as_pattern=&#8221;without_pattern&#8221; css=&#8221;.vc_custom_1741080831957{margin-top: 100px !important;margin-bottom: 100px !important;}&#8221; z_index=&#8221;&#8221;][vc_column][vc_column_text css=&#8221;.vc_custom_1741080819837{margin-bottom: 0px !important;}&#8221;]<\/p>\n<h1 style=\"text-align: center;\"><span style=\"font-size: 30pt; color: #1744b9;\">Coneixe&#8217;ns<\/span><\/h1>\n<p>[\/vc_column_text][\/vc_column][\/vc_row][vc_row css_animation=&#8221;&#8221; row_type=&#8221;row&#8221; use_row_as_full_screen_section=&#8221;no&#8221; type=&#8221;grid&#8221; angled_section=&#8221;no&#8221; text_align=&#8221;left&#8221; background_image_as_pattern=&#8221;without_pattern&#8221; z_index=&#8221;&#8221;][vc_column][vc_column_text]<\/p>\n<h2 style=\"text-align: center;\">EL NOSTRE EQUIP<\/h2>\n<p>[\/vc_column_text][vc_empty_space height=&#8221;3em&#8221;][vc_row_inner row_type=&#8221;row&#8221; type=&#8221;grid&#8221; text_align=&#8221;left&#8221; css_animation=&#8221;&#8221;][vc_column_inner][vc_column_text]<\/p>\n<p style=\"text-align: justify;\">Animal Salut \u00e9s un servei integral veterinari creat per amants dels animals per donar servei a altres amants dels animals. El nostre equip est\u00e0 format per grans professionals amb anys d\u00b4experi\u00e8ncia dedicats a la salut de les mascotes.\u00a0 Pots trobar-nos al nostre centre veterinari o, si ho prefereixes, ens desplacem a casa teva per a una visita veterin\u00e0ria a domicili totalment personalitzada.<\/p>\n<p style=\"text-align: justify;\">Aqu\u00ed podr\u00e0s con\u00e8ixer millor el nostre equip i descobrir per qu\u00e8 som l&#8217;elecci\u00f3 ideal per tenir cura de la teva mascota.<\/p>\n<p>[\/vc_column_text][\/vc_column_inner][\/vc_row_inner][vc_empty_space height=&#8221;3em&#8221;][vc_row_inner row_type=&#8221;row&#8221; type=&#8221;grid&#8221; text_align=&#8221;left&#8221; css_animation=&#8221;&#8221;][vc_column_inner width=&#8221;1\/4&#8243;][vc_empty_space height=&#8221;3em&#8221;][vc_column_text]<\/p>\n<h2 style=\"text-align: center;\">EQUIP VETERINARI<\/h2>\n<p>[\/vc_column_text][\/vc_column_inner][vc_column_inner width=&#8221;3\/4&#8243;][vc_column_text]<\/p>\n<p style=\"text-align: justify;\"><span style=\"font-weight: 400;\">Ens enorgulleix comptar amb un equip de professionals veterinaris altament capacitats, formats a universitats prestigioses com la Universitat Aut\u00f2noma de Barcelona. Els nostres veterinaris no nom\u00e9s han treballat a diversos centres de Catalunya, sin\u00f3 que tamb\u00e9 han realitzat estades en institucions de refer\u00e8ncia a Espanya i al Regne Unit. Col\u00b7laborem activament amb associacions protectores i els nostres experts veterinaris tenen una \u00e0mplia experi\u00e8ncia en medicina interna canina i felina, dermatologia, reproducci\u00f3, cirurgia i medicina d&#8217;animals ex\u00f2tics. Cont\u00ednuament ens formem per garantir la millor atenci\u00f3 als nostres pacients.<\/span><\/p>\n<p>[\/vc_column_text][\/vc_column_inner][\/vc_row_inner][vc_empty_space height=&#8221;3em&#8221;][vc_row_inner row_type=&#8221;row&#8221; type=&#8221;grid&#8221; text_align=&#8221;left&#8221; css_animation=&#8221;&#8221;][vc_column_inner width=&#8221;3\/4&#8243;][vc_column_text]<\/p>\n<p style=\"text-align: justify;\"><span style=\"font-weight: 400;\">El nostre equip d&#8217;auxiliars veterinaris est\u00e0 format per professionals altament capacitats, formats per institucions de renom. Han adquirit valuosa experi\u00e8ncia a hospitals i cl\u00edniques veterin\u00e0ries, i s\u00f3n els que et rebran al nostre centre amb un somriure. Els animals els adoren pel seu tracte afectu\u00f3s i atent. La seva dedicaci\u00f3 i amor pels animals garanteixen que cada mascota rebi la millor cura possible.<\/span><\/p>\n<p>[\/vc_column_text][\/vc_column_inner][vc_column_inner width=&#8221;1\/4&#8243;][vc_column_text]<\/p>\n<h2 style=\"text-align: center;\">EQUIP AUXLIAR<\/h2>\n<p>[\/vc_column_text][\/vc_column_inner][\/vc_row_inner][vc_empty_space height=&#8221;3em&#8221;][vc_row_inner row_type=&#8221;row&#8221; type=&#8221;grid&#8221; text_align=&#8221;left&#8221; css_animation=&#8221;&#8221;][vc_column_inner width=&#8221;1\/4&#8243;][vc_column_text]<\/p>\n<h2 style=\"text-align: center;\">EQUIP PERRUQUER<\/h2>\n<p>[\/vc_column_text][\/vc_column_inner][vc_column_inner width=&#8221;3\/4&#8243;][vc_column_text]<\/p>\n<p style=\"text-align: justify;\"><span style=\"font-weight: 400;\">A la perruqueria d&#8217;Animal Salut trobar\u00e0s professionals especialitzats en estilisme per a gossos, gats i conills. El nostre equip de perruquers, formats a prestigioses escoles de Barcelona, \u200b\u200bha treballat a centres veterinaris i perruqueries de tot Catalunya. Amb \u00e0mplia experi\u00e8ncia en estilisme de concurs, stripping i moda canina, els nostres perruquers segueixen actualitzant-se constantment. Assisteixen a cursos, fires i concursos per estar al dia amb les \u00faltimes tend\u00e8ncies i oferir la millor cura a la teva mascota.<\/span><\/p>\n<p>[\/vc_column_text][\/vc_column_inner][\/vc_row_inner][vc_empty_space height=&#8221;3em&#8221;][\/vc_column][\/vc_row][vc_row css_animation=&#8221;&#8221; row_type=&#8221;row&#8221; use_row_as_full_screen_section=&#8221;no&#8221; type=&#8221;full_width&#8221; angled_section=&#8221;no&#8221; text_align=&#8221;left&#8221; background_image_as_pattern=&#8221;without_pattern&#8221;][vc_column][vc_empty_space height=&#8221;5em&#8221;][\/vc_column][\/vc_row]<\/p>\n<\/div>","protected":false},"excerpt":{"rendered":"<p>[vc_row css_animation=&#8221;&#8221; row_type=&#8221;row&#8221; use_row_as_full_screen_section=&#8221;yes&#8221; type=&#8221;full_width&#8221; angled_section=&#8221;no&#8221; text_align=&#8221;center&#8221; background_image_as_pattern=&#8221;without_pattern&#8221; css=&#8221;.vc_custom_1741080831957{margin-top: 100px !important;margin-bottom: 100px !important;}&#8221; z_index=&#8221;&#8221;][vc_column][vc_column_text css=&#8221;.vc_custom_1741080819837{margin-bottom: 0px !important;}&#8221;] Coneixe&#8217;ns [\/vc_column_text][\/vc_column][\/vc_row][vc_row css_animation=&#8221;&#8221; row_type=&#8221;row&#8221; use_row_as_full_screen_section=&#8221;no&#8221; type=&#8221;grid&#8221; angled_section=&#8221;no&#8221; text_align=&#8221;left&#8221; background_image_as_pattern=&#8221;without_pattern&#8221; z_index=&#8221;&#8221;][vc_column][vc_column_text] EL NOSTRE EQUIP [\/vc_column_text][vc_empty_space height=&#8221;3em&#8221;][vc_row_inner row_type=&#8221;row&#8221; type=&#8221;grid&#8221; text_align=&#8221;left&#8221; css_animation=&#8221;&#8221;][vc_column_inner][vc_column_text] Animal Salut \u00e9s un servei integral veterinari creat per&#8230;<\/p>\n","protected":false},"author":2,"featured_media":0,"parent":0,"menu_order":0,"comment_status":"open","ping_status":"closed","template":"full_width.php","meta":{"footnotes":""},"class_list":["post-20521","page","type-page","status-publish","hentry"],"yoast_head":"<!-- This site is optimized with the Yoast SEO plugin v27.5 - https:\/\/yoast.com\/product\/yoast-seo-wordpress\/ -->\n<title>Coneixe\u2019ns som veterinaris a domicili i centre a Barcelona<\/title>\n<meta name=\"description\" content=\"Animal Salut \u00e9s un servei veterinari creat per amants dels animals. El nostre equip s\u00f3n tres grans professionals al servei de les mascotes.\" \/>\n<meta name=\"robots\" content=\"index, follow, max-snippet:-1, max-image-preview:large, max-video-preview:-1\" \/>\n<link rel=\"canonical\" href=\"https:\/\/www.animalsalut.com\/ca\/coneixens\/\" \/>\n<meta property=\"og:locale\" content=\"ca_ES\" \/>\n<meta property=\"og:type\" content=\"article\" \/>\n<meta property=\"og:title\" content=\"Nosotros Animal Salut - Servicio de veterinario a domicilio\" \/>\n<meta property=\"og:description\" content=\"Nuestra veterinario a domicilio es Mireia Badia Pinilla, licenciada en veterinaria en la Universidad Aut\u00f3noma de Barcelona.\" \/>\n<meta property=\"og:url\" content=\"https:\/\/www.animalsalut.com\/ca\/coneixens\/\" \/>\n<meta property=\"og:site_name\" content=\"Animal Salut\" \/>\n<meta property=\"article:publisher\" content=\"https:\/\/www.facebook.com\/animalsalut\" \/>\n<meta property=\"article:modified_time\" content=\"2025-03-06T15:07:33+00:00\" \/>\n<meta property=\"og:image\" content=\"https:\/\/www.animalsalut.com\/wp-content\/uploads\/2016\/12\/logo_icon.png\" \/>\n\t<meta property=\"og:image:width\" content=\"300\" \/>\n\t<meta property=\"og:image:height\" content=\"300\" \/>\n\t<meta property=\"og:image:type\" content=\"image\/png\" \/>\n<meta name=\"twitter:card\" content=\"summary_large_image\" \/>\n<meta name=\"twitter:title\" content=\"Nosotros Animal Salut - Servicio de veterinario a domicilio\" \/>\n<meta name=\"twitter:description\" content=\"Nuestra veterinario a domicilio es Mireia Badia Pinilla, licenciada en veterinaria en la Universidad Aut\u00f3noma de Barcelona.\" \/>\n<meta name=\"twitter:image\" content=\"https:\/\/www.animalsalut.com\/wp-content\/uploads\/2016\/12\/logo_icon.png\" \/>\n<meta name=\"twitter:site\" content=\"@animalsalut\" \/>\n<meta name=\"twitter:label1\" content=\"Temps estimat de lectura\" \/>\n\t<meta name=\"twitter:data1\" content=\"2 minuts\" \/>\n<script type=\"application\/ld+json\" class=\"yoast-schema-graph\">{\"@context\":\"https:\\\/\\\/schema.org\",\"@graph\":[{\"@type\":\"WebPage\",\"@id\":\"https:\\\/\\\/www.animalsalut.com\\\/ca\\\/coneixens\\\/\",\"url\":\"https:\\\/\\\/www.animalsalut.com\\\/ca\\\/coneixens\\\/\",\"name\":\"Coneixe\u2019ns som veterinaris a domicili i centre a Barcelona\",\"isPartOf\":{\"@id\":\"https:\\\/\\\/www.animalsalut.com\\\/ca\\\/?lang=ca\\\/#website\"},\"datePublished\":\"2018-08-04T17:30:26+00:00\",\"dateModified\":\"2025-03-06T15:07:33+00:00\",\"description\":\"Animal Salut \u00e9s un servei veterinari creat per amants dels animals. El nostre equip s\u00f3n tres grans professionals al servei de les mascotes.\",\"breadcrumb\":{\"@id\":\"https:\\\/\\\/www.animalsalut.com\\\/ca\\\/coneixens\\\/#breadcrumb\"},\"inLanguage\":\"ca\",\"potentialAction\":[{\"@type\":\"ReadAction\",\"target\":[\"https:\\\/\\\/www.animalsalut.com\\\/ca\\\/coneixens\\\/\"]}]},{\"@type\":\"BreadcrumbList\",\"@id\":\"https:\\\/\\\/www.animalsalut.com\\\/ca\\\/coneixens\\\/#breadcrumb\",\"itemListElement\":[{\"@type\":\"ListItem\",\"position\":1,\"name\":\"Portada\",\"item\":\"https:\\\/\\\/www.animalsalut.com\\\/ca\\\/\"},{\"@type\":\"ListItem\",\"position\":2,\"name\":\"Coneixe\u2019ns\"}]},{\"@type\":\"WebSite\",\"@id\":\"https:\\\/\\\/www.animalsalut.com\\\/ca\\\/?lang=ca\\\/#website\",\"url\":\"https:\\\/\\\/www.animalsalut.com\\\/ca\\\/?lang=ca\\\/\",\"name\":\"Animal Salut\",\"description\":\"Veterinari a domicili a Barcelona\",\"publisher\":{\"@id\":\"https:\\\/\\\/www.animalsalut.com\\\/ca\\\/?lang=ca\\\/#organization\"},\"alternateName\":\"Veterinari a domicili\",\"potentialAction\":[{\"@type\":\"SearchAction\",\"target\":{\"@type\":\"EntryPoint\",\"urlTemplate\":\"https:\\\/\\\/www.animalsalut.com\\\/ca\\\/?lang=ca\\\/?s={search_term_string}\"},\"query-input\":{\"@type\":\"PropertyValueSpecification\",\"valueRequired\":true,\"valueName\":\"search_term_string\"}}],\"inLanguage\":\"ca\"},{\"@type\":\"Organization\",\"@id\":\"https:\\\/\\\/www.animalsalut.com\\\/ca\\\/?lang=ca\\\/#organization\",\"name\":\"Animal Salut\",\"alternateName\":\"Animal Salut - Veterinario a domicilio\",\"url\":\"https:\\\/\\\/www.animalsalut.com\\\/ca\\\/?lang=ca\\\/\",\"logo\":{\"@type\":\"ImageObject\",\"inLanguage\":\"ca\",\"@id\":\"https:\\\/\\\/www.animalsalut.com\\\/ca\\\/?lang=ca\\\/#\\\/schema\\\/logo\\\/image\\\/\",\"url\":\"https:\\\/\\\/www.animalsalut.com\\\/wp-content\\\/uploads\\\/2018\\\/10\\\/cropped-logo_animal_salut-1.png\",\"contentUrl\":\"https:\\\/\\\/www.animalsalut.com\\\/wp-content\\\/uploads\\\/2018\\\/10\\\/cropped-logo_animal_salut-1.png\",\"width\":512,\"height\":512,\"caption\":\"Animal Salut\"},\"image\":{\"@id\":\"https:\\\/\\\/www.animalsalut.com\\\/ca\\\/?lang=ca\\\/#\\\/schema\\\/logo\\\/image\\\/\"},\"sameAs\":[\"https:\\\/\\\/www.facebook.com\\\/animalsalut\",\"https:\\\/\\\/x.com\\\/animalsalut\",\"https:\\\/\\\/www.instagram.com\\\/animalsalut\",\"https:\\\/\\\/www.threads.net\\\/@animalsalut\"]}]}<\/script>\n<!-- \/ Yoast SEO plugin. -->","yoast_head_json":{"title":"Coneixe\u2019ns som veterinaris a domicili i centre a Barcelona","description":"Animal Salut \u00e9s un servei veterinari creat per amants dels animals. El nostre equip s\u00f3n tres grans professionals al servei de les mascotes.","robots":{"index":"index","follow":"follow","max-snippet":"max-snippet:-1","max-image-preview":"max-image-preview:large","max-video-preview":"max-video-preview:-1"},"canonical":"https:\/\/www.animalsalut.com\/ca\/coneixens\/","og_locale":"ca_ES","og_type":"article","og_title":"Nosotros Animal Salut - Servicio de veterinario a domicilio","og_description":"Nuestra veterinario a domicilio es Mireia Badia Pinilla, licenciada en veterinaria en la Universidad Aut\u00f3noma de Barcelona.","og_url":"https:\/\/www.animalsalut.com\/ca\/coneixens\/","og_site_name":"Animal Salut","article_publisher":"https:\/\/www.facebook.com\/animalsalut","article_modified_time":"2025-03-06T15:07:33+00:00","og_image":[{"width":300,"height":300,"url":"https:\/\/www.animalsalut.com\/wp-content\/uploads\/2016\/12\/logo_icon.png","type":"image\/png"}],"twitter_card":"summary_large_image","twitter_title":"Nosotros Animal Salut - Servicio de veterinario a domicilio","twitter_description":"Nuestra veterinario a domicilio es Mireia Badia Pinilla, licenciada en veterinaria en la Universidad Aut\u00f3noma de Barcelona.","twitter_image":"https:\/\/www.animalsalut.com\/wp-content\/uploads\/2016\/12\/logo_icon.png","twitter_site":"@animalsalut","twitter_misc":{"Temps estimat de lectura":"2 minuts"},"schema":{"@context":"https:\/\/schema.org","@graph":[{"@type":"WebPage","@id":"https:\/\/www.animalsalut.com\/ca\/coneixens\/","url":"https:\/\/www.animalsalut.com\/ca\/coneixens\/","name":"Coneixe\u2019ns som veterinaris a domicili i centre a Barcelona","isPartOf":{"@id":"https:\/\/www.animalsalut.com\/ca\/?lang=ca\/#website"},"datePublished":"2018-08-04T17:30:26+00:00","dateModified":"2025-03-06T15:07:33+00:00","description":"Animal Salut \u00e9s un servei veterinari creat per amants dels animals. El nostre equip s\u00f3n tres grans professionals al servei de les mascotes.","breadcrumb":{"@id":"https:\/\/www.animalsalut.com\/ca\/coneixens\/#breadcrumb"},"inLanguage":"ca","potentialAction":[{"@type":"ReadAction","target":["https:\/\/www.animalsalut.com\/ca\/coneixens\/"]}]},{"@type":"BreadcrumbList","@id":"https:\/\/www.animalsalut.com\/ca\/coneixens\/#breadcrumb","itemListElement":[{"@type":"ListItem","position":1,"name":"Portada","item":"https:\/\/www.animalsalut.com\/ca\/"},{"@type":"ListItem","position":2,"name":"Coneixe\u2019ns"}]},{"@type":"WebSite","@id":"https:\/\/www.animalsalut.com\/ca\/?lang=ca\/#website","url":"https:\/\/www.animalsalut.com\/ca\/?lang=ca\/","name":"Animal Salut","description":"Veterinari a domicili a Barcelona","publisher":{"@id":"https:\/\/www.animalsalut.com\/ca\/?lang=ca\/#organization"},"alternateName":"Veterinari a domicili","potentialAction":[{"@type":"SearchAction","target":{"@type":"EntryPoint","urlTemplate":"https:\/\/www.animalsalut.com\/ca\/?lang=ca\/?s={search_term_string}"},"query-input":{"@type":"PropertyValueSpecification","valueRequired":true,"valueName":"search_term_string"}}],"inLanguage":"ca"},{"@type":"Organization","@id":"https:\/\/www.animalsalut.com\/ca\/?lang=ca\/#organization","name":"Animal Salut","alternateName":"Animal Salut - Veterinario a domicilio","url":"https:\/\/www.animalsalut.com\/ca\/?lang=ca\/","logo":{"@type":"ImageObject","inLanguage":"ca","@id":"https:\/\/www.animalsalut.com\/ca\/?lang=ca\/#\/schema\/logo\/image\/","url":"https:\/\/www.animalsalut.com\/wp-content\/uploads\/2018\/10\/cropped-logo_animal_salut-1.png","contentUrl":"https:\/\/www.animalsalut.com\/wp-content\/uploads\/2018\/10\/cropped-logo_animal_salut-1.png","width":512,"height":512,"caption":"Animal Salut"},"image":{"@id":"https:\/\/www.animalsalut.com\/ca\/?lang=ca\/#\/schema\/logo\/image\/"},"sameAs":["https:\/\/www.facebook.com\/animalsalut","https:\/\/x.com\/animalsalut","https:\/\/www.instagram.com\/animalsalut","https:\/\/www.threads.net\/@animalsalut"]}]}},"_links":{"self":[{"href":"https:\/\/www.animalsalut.com\/ca\/wp-json\/wp\/v2\/pages\/20521","targetHints":{"allow":["GET"]}}],"collection":[{"href":"https:\/\/www.animalsalut.com\/ca\/wp-json\/wp\/v2\/pages"}],"about":[{"href":"https:\/\/www.animalsalut.com\/ca\/wp-json\/wp\/v2\/types\/page"}],"author":[{"embeddable":true,"href":"https:\/\/www.animalsalut.com\/ca\/wp-json\/wp\/v2\/users\/2"}],"replies":[{"embeddable":true,"href":"https:\/\/www.animalsalut.com\/ca\/wp-json\/wp\/v2\/comments?post=20521"}],"version-history":[{"count":9,"href":"https:\/\/www.animalsalut.com\/ca\/wp-json\/wp\/v2\/pages\/20521\/revisions"}],"predecessor-version":[{"id":42262,"href":"https:\/\/www.animalsalut.com\/ca\/wp-json\/wp\/v2\/pages\/20521\/revisions\/42262"}],"wp:attachment":[{"href":"https:\/\/www.animalsalut.com\/ca\/wp-json\/wp\/v2\/media?parent=20521"}],"curies":[{"name":"wp","href":"https:\/\/api.w.org\/{rel}","templated":true}]}}