{"id":20589,"date":"2018-08-04T19:41:01","date_gmt":"2018-08-04T17:41:01","guid":{"rendered":"https:\/\/staging2.animalsalut.com\/veterinario-a-domicilio\/"},"modified":"2025-03-06T15:32:24","modified_gmt":"2025-03-06T14:32:24","slug":"veterinari-a-domicili","status":"publish","type":"page","link":"https:\/\/www.animalsalut.com\/ca\/veterinari-a-domicili\/","title":{"rendered":"Domicilis"},"content":{"rendered":"<div class=\"wpb-content-wrapper\"><p>[vc_row css_animation=&#8221;&#8221; row_type=&#8221;row&#8221; use_row_as_full_screen_section=&#8221;no&#8221; type=&#8221;grid&#8221; angled_section=&#8221;no&#8221; text_align=&#8221;center&#8221; background_image_as_pattern=&#8221;without_pattern&#8221; padding_top=&#8221;100&#8243; z_index=&#8221;&#8221;][vc_column][vc_column_text css=&#8221;&#8221;]<\/p>\n<h1 style=\"text-align: center;\"><span style=\"font-size: 30pt; color: #1744b9;\">Servei veterinari a domicili<\/span><\/h1>\n<p>[\/vc_column_text][\/vc_column][\/vc_row][vc_row css_animation=&#8221;&#8221; row_type=&#8221;row&#8221; use_row_as_full_screen_section=&#8221;no&#8221; type=&#8221;grid&#8221; angled_section=&#8221;no&#8221; text_align=&#8221;center&#8221; background_image_as_pattern=&#8221;without_pattern&#8221; padding_top=&#8221;100&#8243;][vc_column width=&#8221;1\/2&#8243;][vc_column_text]<span style=\"font-weight: 400;\">Animal Salut ofereix un servei de veterinari a domicili al Barcelon\u00e8s, Garraf, Alt Pened\u00e8s i rodalies principalment. Amb nosaltres el veterinari sempre estar\u00e0 a prop, ja que ens desplacem fins a la teva casa i aix\u00ed podem oferir m\u00e9s comoditat, tant per a tu com tamb\u00e9 per a la teva mascota.<\/span><\/p>\n<p><span style=\"font-weight: 400;\">Si vius fora d&#8217;aquesta \u00e0rea per\u00f2 necessites els nostres serveis, posa&#8217;t en <\/span><span style=\"font-weight: 400;\">contacte amb nosaltres<\/span>.[\/vc_column_text][vc_empty_space height=&#8221;3em&#8221;][vc_column_text]<\/p>\n<h5>Datos de contacto<\/h5>\n<p>[\/vc_column_text][vc_empty_space height=&#8221;3em&#8221;][vc_column_text]<strong>E-mail<\/strong>: <a href=\"mailto:info@animalsalut.com\">info@animalsalut.com<\/a><\/p>\n<p><strong>Tel\u00e8fono<\/strong>: <a href=\"tel:693711863\">+34 693 71 18 63<\/a><\/p>\n<p><strong>Horari d&#8217;atenci\u00f3<\/strong>:\u00a0<span style=\"font-weight: 400;\">De dilluns a divendres de 10:00h a 20:00h<\/span><\/p>\n<p><span style=\"font-weight: 400;\">Dissabte de 10:00h a 14:00h<\/span>[\/vc_column_text][\/vc_column][vc_column width=&#8221;1\/2&#8243;][vc_column_text]<\/p>\n<p style=\"text-align: center;\" align=\"center\">Sol\u00b7licita cita presencial o en l\u00ednia amb el nostre veterinari de manera f\u00e0cil, r\u00e0pida i autom\u00e0tica.<\/p>\n<div id=\"gtx-trans\" style=\"position: absolute; left: 331px; top: -9.50391px;\">\n<div class=\"gtx-trans-icon\"><\/div>\n<\/div>\n<p>[\/vc_column_text][vc_empty_space height=&#8221;3em&#8221;]<a  itemprop=\"url\" href=\"https:\/\/www.animalsalut.com\/ca\/visita-veterinari-a-domicili-a-barcelona\" target=\"_blank\"  class=\"qbutton  large default\" style=\"\">Reservar cita a domicili<\/a>[vc_empty_space height=&#8221;1em&#8221;]<a  itemprop=\"url\" href=\"https:\/\/www.animalsalut.com\/ca\/consulta-online-veterinaria\/\" target=\"_blank\"  class=\"qbutton  large default\" style=\"\">Reservar cita online<\/a>[vc_empty_space height=&#8221;3em&#8221;][vc_single_image image=&#8221;19707&#8243; img_size=&#8221;full&#8221; qode_css_animation=&#8221;&#8221;][\/vc_column][\/vc_row][vc_row css_animation=&#8221;&#8221; row_type=&#8221;row&#8221; use_row_as_full_screen_section=&#8221;no&#8221; type=&#8221;grid&#8221; angled_section=&#8221;no&#8221; text_align=&#8221;center&#8221; background_image_as_pattern=&#8221;without_pattern&#8221; padding_top=&#8221;100&#8243; padding_bottom=&#8221;80&#8243;][vc_column width=&#8221;1\/3&#8243;][vc_empty_space height=&#8221;1em&#8221;][vc_single_image image=&#8221;15828&#8243; img_size=&#8221;full&#8221; alignment=&#8221;center&#8221; qode_css_animation=&#8221;&#8221;][vc_empty_space height=&#8221;2em&#8221;][vc_column_text]<\/p>\n<h3>M<strong>enys estr\u00e8s<\/strong><\/h3>\n<p>[\/vc_column_text][vc_empty_space height=&#8221;1em&#8221;][vc_separator type=&#8221;normal&#8221; color=&#8221;#b7b7b7&#8243;][vc_empty_space height=&#8221;1em&#8221;][vc_column_text]<span style=\"font-weight: 400;\">Es redueix l&#8217;estr\u00e8s i el risc sanitari, en un ambient conegut estan m\u00e9s tranquils.<\/span>[\/vc_column_text][\/vc_column][vc_column width=&#8221;1\/3&#8243;][vc_empty_space height=&#8221;1em&#8221;][vc_single_image image=&#8221;15824&#8243; img_size=&#8221;full&#8221; alignment=&#8221;center&#8221; qode_css_animation=&#8221;&#8221;][vc_empty_space height=&#8221;2em&#8221;][vc_column_text]<\/p>\n<h3>C<strong>omoditat per a tu<\/strong><\/h3>\n<p>[\/vc_column_text][vc_empty_space height=&#8221;1em&#8221;][vc_separator type=&#8221;normal&#8221; color=&#8221;#b7b7b7&#8243;][vc_empty_space height=&#8221;1em&#8221;][vc_column_text]<span style=\"font-weight: 400;\">Ens adaptem al teu horari i localitzaci\u00f3 i a m\u00e9s pots demanar visita en l\u00ednia.<\/span>[\/vc_column_text][\/vc_column][vc_column width=&#8221;1\/3&#8243;][vc_empty_space height=&#8221;1em&#8221;][vc_single_image image=&#8221;15831&#8243; img_size=&#8221;full&#8221; alignment=&#8221;center&#8221; qode_css_animation=&#8221;&#8221;][vc_empty_space height=&#8221;2em&#8221;][vc_column_text]<\/p>\n<h3>At<strong>enci\u00f3 personalitzada<\/strong><\/h3>\n<p>[\/vc_column_text][vc_empty_space height=&#8221;1em&#8221;][vc_separator type=&#8221;normal&#8221; color=&#8221;#b7b7b7&#8243;][vc_empty_space height=&#8221;1em&#8221;][vc_column_text]<span style=\"font-weight: 400;\">Disposem de tots els Serveis necessaris per a la salut de la teva mascota.<\/span>[\/vc_column_text][\/vc_column][\/vc_row][vc_row css_animation=&#8221;&#8221; row_type=&#8221;row&#8221; use_row_as_full_screen_section=&#8221;no&#8221; type=&#8221;full_width&#8221; angled_section=&#8221;no&#8221; text_align=&#8221;left&#8221; background_image_as_pattern=&#8221;without_pattern&#8221;][vc_column width=&#8221;1\/12&#8243;][\/vc_column][vc_column width=&#8221;5\/6&#8243;][vc_gallery type=&#8221;image_grid&#8221; images=&#8221;19890,19895,19883,19886&#8243; img_size=&#8221;full&#8221; column_number=&#8221;4&#8243; grayscale=&#8221;no&#8221; images_space=&#8221;gallery_without_space&#8221;][\/vc_column][vc_column width=&#8221;1\/12&#8243;][\/vc_column][\/vc_row][vc_row css_animation=&#8221;&#8221; row_type=&#8221;row&#8221; use_row_as_full_screen_section=&#8221;no&#8221; type=&#8221;grid&#8221; angled_section=&#8221;no&#8221; text_align=&#8221;left&#8221; background_image_as_pattern=&#8221;without_pattern&#8221; z_index=&#8221;&#8221;][vc_column width=&#8221;1\/12&#8243;][\/vc_column][vc_column width=&#8221;5\/6&#8243;][vc_empty_space height=&#8221;3em&#8221;][vc_column_text]<\/p>\n<h3 style=\"text-align: center;\">El nostre m\u00e8tode<\/h3>\n<p>[\/vc_column_text][vc_empty_space height=&#8221;1em&#8221;][vc_separator type=&#8221;normal&#8221; color=&#8221;#b7b7b7&#8243;][vc_empty_space height=&#8221;1em&#8221;][vc_column_text]<\/p>\n<p style=\"text-align: justify;\"><span style=\"font-weight: 400;\">La nostra filosofia \u00e9s oferir la comoditat del veterinari a domicili amb un tracte personal i una atenci\u00f3 veterin\u00e0ria de qualitat i professional. Al domicili es poden realitzar la majoria de visites i tractaments veterinaris com les vacunacions, microxipatge, anal\u00edtiques, etc. amb els seg\u00fcents avantatges:<\/span><\/p>\n<p>&nbsp;<\/p>\n<ul style=\"text-align: justify;\">\n<li style=\"font-weight: 400;\"><span style=\"font-weight: 400;\">Es redueix l&#8217;estr\u00e8s de l&#8217;animal: tant pel despla\u00e7ament fins a la cl\u00ednica com pel nou ambient ple d&#8217;olors i d&#8217;altres animals. Degut a que s\u00f3n molt sensibles estan m\u00e9s relaxats en un ambient c\u00f2mode i conegut.<\/span><\/li>\n<li style=\"font-weight: 400;\"><span style=\"font-weight: 400;\">Es disminueix el risc sanitari: al no entrar a una cl\u00ednica veterin\u00e0ria f\u00edsica es redueix la possibilitat de contraure malalties infeccioses o parasit\u00e0ries.<\/span><\/li>\n<li style=\"font-weight: 400;\"><span style=\"font-weight: 400;\">La comoditat: tenim horaris que no permeten portar l&#8217;animal a la cl\u00ednica, la dificultat de despla\u00e7ar a m\u00e9s d&#8217;un gos, animals geri\u00e0trics, persones amb mobilitat redu\u00efda &#8230;<\/span><\/li>\n<li style=\"font-weight: 400;\"><span style=\"font-weight: 400;\">Permet examinar l&#8217;entorn de l&#8217;animal i tenir una visi\u00f3 m\u00e9s \u00e0mplia dels factors que influeixen en el seu dia a dia. Aix\u00ed ens ajuda a entendre el motiu d&#8217;alguns problemes.<\/span><\/li>\n<li style=\"font-weight: 400;\"><span style=\"font-weight: 400;\">Atenem personalment a la seva mascota i a vost\u00e8, i disposem del temps necessari per a resoldre dubtes o preguntes.<\/span><\/li>\n<\/ul>\n<p>&nbsp;<\/p>\n<p style=\"text-align: justify;\"><span style=\"font-weight: 400;\">En els casos en qu\u00e8 es necessiti d&#8217;una prova o un tractament no disponibles a domicili (com una radiografia o cirurgia), us dirigirem al nostre <a href=\"https:\/\/www.animalsalut.com\/centre-veterinari\/?lang=ca\">centre veterinari<\/a> o a un dels centres de refer\u00e8ncia de la zona.<\/span><\/p>\n<p>[\/vc_column_text][\/vc_column][vc_column width=&#8221;1\/12&#8243;][\/vc_column][\/vc_row][vc_row css_animation=&#8221;&#8221; row_type=&#8221;row&#8221; use_row_as_full_screen_section=&#8221;no&#8221; type=&#8221;full_width&#8221; angled_section=&#8221;no&#8221; text_align=&#8221;left&#8221; background_image_as_pattern=&#8221;without_pattern&#8221;][vc_column][vc_empty_space height=&#8221;3em&#8221;][vc_column_text]<\/p>\n<h2 style=\"text-align: center;\">#animalsalut<\/h2>\n<p>[\/vc_column_text][vc_empty_space height=&#8221;1em&#8221;][\/vc_column][\/vc_row][vc_row css_animation=&#8221;&#8221; row_type=&#8221;row&#8221; use_row_as_full_screen_section=&#8221;no&#8221; type=&#8221;grid&#8221; angled_section=&#8221;no&#8221; text_align=&#8221;left&#8221; background_image_as_pattern=&#8221;without_pattern&#8221; z_index=&#8221;&#8221;][vc_column width=&#8221;1\/12&#8243;][\/vc_column][vc_column width=&#8221;5\/6&#8243;][vc_separator type=&#8221;normal&#8221; color=&#8221;#b7b7b7&#8243;][vc_empty_space height=&#8221;2em&#8221;][\/vc_column][vc_column width=&#8221;1\/12&#8243;][\/vc_column][\/vc_row][vc_row css_animation=&#8221;&#8221; row_type=&#8221;row&#8221; use_row_as_full_screen_section=&#8221;no&#8221; type=&#8221;grid&#8221; angled_section=&#8221;no&#8221; text_align=&#8221;left&#8221; background_image_as_pattern=&#8221;without_pattern&#8221; z_index=&#8221;&#8221;][vc_column]<div class='blog_slider_holder clearfix '><div class='blog_slider blog_slider_carousel' data-blogs_shown=\"4\" data-auto_start=\"true\"><ul class='blog_slides'>Sorry, no posts matched your criteria.<\/ul><ul class=\"caroufredsel-direction-nav\"><li><a id=\"caroufredsel-prev\" class=\"caroufredsel-prev\" href=\"#\"><div><i class=\"fa fa-angle-left\"><\/i><\/div><\/a><\/li><li><a class=\"caroufredsel-next\" id=\"caroufredsel-next\" href=\"#\"><div><i class=\"fa fa-angle-right\"><\/i><\/div><\/a><\/li><\/ul><\/div><\/div>[vc_empty_space height=&#8221;3em&#8221;][\/vc_column][\/vc_row][vc_row css_animation=&#8221;&#8221; row_type=&#8221;row&#8221; use_row_as_full_screen_section=&#8221;no&#8221; type=&#8221;full_width&#8221; angled_section=&#8221;no&#8221; text_align=&#8221;left&#8221; background_image_as_pattern=&#8221;without_pattern&#8221;][vc_column][vc_empty_space height=&#8221;3em&#8221;][\/vc_column][\/vc_row]<\/p>\n<\/div>","protected":false},"excerpt":{"rendered":"<p>[vc_row css_animation=&#8221;&#8221; row_type=&#8221;row&#8221; use_row_as_full_screen_section=&#8221;no&#8221; type=&#8221;grid&#8221; angled_section=&#8221;no&#8221; text_align=&#8221;center&#8221; background_image_as_pattern=&#8221;without_pattern&#8221; padding_top=&#8221;100&#8243; z_index=&#8221;&#8221;][vc_column][vc_column_text css=&#8221;&#8221;] Servei veterinari a domicili [\/vc_column_text][\/vc_column][\/vc_row][vc_row css_animation=&#8221;&#8221; row_type=&#8221;row&#8221; use_row_as_full_screen_section=&#8221;no&#8221; type=&#8221;grid&#8221; angled_section=&#8221;no&#8221; text_align=&#8221;center&#8221; background_image_as_pattern=&#8221;without_pattern&#8221; padding_top=&#8221;100&#8243;][vc_column width=&#8221;1\/2&#8243;][vc_column_text]Animal Salut ofereix un servei de veterinari a domicili al Barcelon\u00e8s, Garraf, Alt Pened\u00e8s i rodalies principalment. Amb nosaltres el veterinari&#8230;<\/p>\n","protected":false},"author":2,"featured_media":0,"parent":0,"menu_order":0,"comment_status":"open","ping_status":"closed","template":"","meta":{"footnotes":""},"class_list":["post-20589","page","type-page","status-publish","hentry"],"yoast_head":"<!-- This site is optimized with the Yoast SEO plugin v27.5 - https:\/\/yoast.com\/product\/yoast-seo-wordpress\/ -->\n<title>Servei veterinari a domicili a Barcelona y rodalies - Animal Salut<\/title>\n<meta name=\"description\" content=\"Animal Salut \u00e9s servei de veterinari a domicili al Barcelon\u00e8s. Amb nosaltres el veterinari sempre estar\u00e0 a prop, ja que ens desplacem fins a casa\" \/>\n<meta name=\"robots\" content=\"index, follow, max-snippet:-1, max-image-preview:large, max-video-preview:-1\" \/>\n<link rel=\"canonical\" href=\"https:\/\/www.animalsalut.com\/ca\/veterinari-a-domicili\/\" \/>\n<meta property=\"og:locale\" content=\"ca_ES\" \/>\n<meta property=\"og:type\" content=\"article\" \/>\n<meta property=\"og:title\" content=\"Nosotros Animal Salut - Servicio de veterinario a domicilio\" \/>\n<meta property=\"og:description\" content=\"Nuestra veterinario a domicilio es Mireia Badia Pinilla, licenciada en veterinaria en la Universidad Aut\u00f3noma de Barcelona.\" \/>\n<meta property=\"og:url\" content=\"https:\/\/www.animalsalut.com\/ca\/veterinari-a-domicili\/\" \/>\n<meta property=\"og:site_name\" content=\"Animal Salut\" \/>\n<meta property=\"article:publisher\" content=\"https:\/\/www.facebook.com\/animalsalut\" \/>\n<meta property=\"article:modified_time\" content=\"2025-03-06T14:32:24+00:00\" \/>\n<meta property=\"og:image\" content=\"https:\/\/www.animalsalut.com\/wp-content\/uploads\/2016\/12\/logo_icon.png\" \/>\n\t<meta property=\"og:image:width\" content=\"300\" \/>\n\t<meta property=\"og:image:height\" content=\"300\" \/>\n\t<meta property=\"og:image:type\" content=\"image\/png\" \/>\n<meta name=\"twitter:card\" content=\"summary_large_image\" \/>\n<meta name=\"twitter:title\" content=\"Nosotros Animal Salut - Servicio de veterinario a domicilio\" \/>\n<meta name=\"twitter:description\" content=\"Nuestra veterinario a domicilio es Mireia Badia Pinilla, licenciada en veterinaria en la Universidad Aut\u00f3noma de Barcelona.\" \/>\n<meta name=\"twitter:image\" content=\"https:\/\/www.animalsalut.com\/wp-content\/uploads\/2016\/12\/logo_icon.png\" \/>\n<meta name=\"twitter:site\" content=\"@animalsalut\" \/>\n<meta name=\"twitter:label1\" content=\"Temps estimat de lectura\" \/>\n\t<meta name=\"twitter:data1\" content=\"3 minuts\" \/>\n<script type=\"application\/ld+json\" class=\"yoast-schema-graph\">{\"@context\":\"https:\\\/\\\/schema.org\",\"@graph\":[{\"@type\":\"WebPage\",\"@id\":\"https:\\\/\\\/www.animalsalut.com\\\/ca\\\/veterinari-a-domicili\\\/\",\"url\":\"https:\\\/\\\/www.animalsalut.com\\\/ca\\\/veterinari-a-domicili\\\/\",\"name\":\"Servei veterinari a domicili a Barcelona y rodalies - Animal Salut\",\"isPartOf\":{\"@id\":\"https:\\\/\\\/www.animalsalut.com\\\/ca\\\/?lang=ca\\\/#website\"},\"datePublished\":\"2018-08-04T17:41:01+00:00\",\"dateModified\":\"2025-03-06T14:32:24+00:00\",\"description\":\"Animal Salut \u00e9s servei de veterinari a domicili al Barcelon\u00e8s. Amb nosaltres el veterinari sempre estar\u00e0 a prop, ja que ens desplacem fins a casa\",\"breadcrumb\":{\"@id\":\"https:\\\/\\\/www.animalsalut.com\\\/ca\\\/veterinari-a-domicili\\\/#breadcrumb\"},\"inLanguage\":\"ca\",\"potentialAction\":[{\"@type\":\"ReadAction\",\"target\":[\"https:\\\/\\\/www.animalsalut.com\\\/ca\\\/veterinari-a-domicili\\\/\"]}]},{\"@type\":\"BreadcrumbList\",\"@id\":\"https:\\\/\\\/www.animalsalut.com\\\/ca\\\/veterinari-a-domicili\\\/#breadcrumb\",\"itemListElement\":[{\"@type\":\"ListItem\",\"position\":1,\"name\":\"Portada\",\"item\":\"https:\\\/\\\/www.animalsalut.com\\\/ca\\\/\"},{\"@type\":\"ListItem\",\"position\":2,\"name\":\"Domicilis\"}]},{\"@type\":\"WebSite\",\"@id\":\"https:\\\/\\\/www.animalsalut.com\\\/ca\\\/?lang=ca\\\/#website\",\"url\":\"https:\\\/\\\/www.animalsalut.com\\\/ca\\\/?lang=ca\\\/\",\"name\":\"Animal Salut\",\"description\":\"Veterinari a domicili a Barcelona\",\"publisher\":{\"@id\":\"https:\\\/\\\/www.animalsalut.com\\\/ca\\\/?lang=ca\\\/#organization\"},\"alternateName\":\"Veterinari a domicili\",\"potentialAction\":[{\"@type\":\"SearchAction\",\"target\":{\"@type\":\"EntryPoint\",\"urlTemplate\":\"https:\\\/\\\/www.animalsalut.com\\\/ca\\\/?lang=ca\\\/?s={search_term_string}\"},\"query-input\":{\"@type\":\"PropertyValueSpecification\",\"valueRequired\":true,\"valueName\":\"search_term_string\"}}],\"inLanguage\":\"ca\"},{\"@type\":\"Organization\",\"@id\":\"https:\\\/\\\/www.animalsalut.com\\\/ca\\\/?lang=ca\\\/#organization\",\"name\":\"Animal Salut\",\"alternateName\":\"Animal Salut - Veterinario a domicilio\",\"url\":\"https:\\\/\\\/www.animalsalut.com\\\/ca\\\/?lang=ca\\\/\",\"logo\":{\"@type\":\"ImageObject\",\"inLanguage\":\"ca\",\"@id\":\"https:\\\/\\\/www.animalsalut.com\\\/ca\\\/?lang=ca\\\/#\\\/schema\\\/logo\\\/image\\\/\",\"url\":\"https:\\\/\\\/www.animalsalut.com\\\/wp-content\\\/uploads\\\/2018\\\/10\\\/cropped-logo_animal_salut-1.png\",\"contentUrl\":\"https:\\\/\\\/www.animalsalut.com\\\/wp-content\\\/uploads\\\/2018\\\/10\\\/cropped-logo_animal_salut-1.png\",\"width\":512,\"height\":512,\"caption\":\"Animal Salut\"},\"image\":{\"@id\":\"https:\\\/\\\/www.animalsalut.com\\\/ca\\\/?lang=ca\\\/#\\\/schema\\\/logo\\\/image\\\/\"},\"sameAs\":[\"https:\\\/\\\/www.facebook.com\\\/animalsalut\",\"https:\\\/\\\/x.com\\\/animalsalut\",\"https:\\\/\\\/www.instagram.com\\\/animalsalut\",\"https:\\\/\\\/www.threads.net\\\/@animalsalut\"]}]}<\/script>\n<!-- \/ Yoast SEO plugin. -->","yoast_head_json":{"title":"Servei veterinari a domicili a Barcelona y rodalies - Animal Salut","description":"Animal Salut \u00e9s servei de veterinari a domicili al Barcelon\u00e8s. Amb nosaltres el veterinari sempre estar\u00e0 a prop, ja que ens desplacem fins a casa","robots":{"index":"index","follow":"follow","max-snippet":"max-snippet:-1","max-image-preview":"max-image-preview:large","max-video-preview":"max-video-preview:-1"},"canonical":"https:\/\/www.animalsalut.com\/ca\/veterinari-a-domicili\/","og_locale":"ca_ES","og_type":"article","og_title":"Nosotros Animal Salut - Servicio de veterinario a domicilio","og_description":"Nuestra veterinario a domicilio es Mireia Badia Pinilla, licenciada en veterinaria en la Universidad Aut\u00f3noma de Barcelona.","og_url":"https:\/\/www.animalsalut.com\/ca\/veterinari-a-domicili\/","og_site_name":"Animal Salut","article_publisher":"https:\/\/www.facebook.com\/animalsalut","article_modified_time":"2025-03-06T14:32:24+00:00","og_image":[{"width":300,"height":300,"url":"https:\/\/www.animalsalut.com\/wp-content\/uploads\/2016\/12\/logo_icon.png","type":"image\/png"}],"twitter_card":"summary_large_image","twitter_title":"Nosotros Animal Salut - Servicio de veterinario a domicilio","twitter_description":"Nuestra veterinario a domicilio es Mireia Badia Pinilla, licenciada en veterinaria en la Universidad Aut\u00f3noma de Barcelona.","twitter_image":"https:\/\/www.animalsalut.com\/wp-content\/uploads\/2016\/12\/logo_icon.png","twitter_site":"@animalsalut","twitter_misc":{"Temps estimat de lectura":"3 minuts"},"schema":{"@context":"https:\/\/schema.org","@graph":[{"@type":"WebPage","@id":"https:\/\/www.animalsalut.com\/ca\/veterinari-a-domicili\/","url":"https:\/\/www.animalsalut.com\/ca\/veterinari-a-domicili\/","name":"Servei veterinari a domicili a Barcelona y rodalies - Animal Salut","isPartOf":{"@id":"https:\/\/www.animalsalut.com\/ca\/?lang=ca\/#website"},"datePublished":"2018-08-04T17:41:01+00:00","dateModified":"2025-03-06T14:32:24+00:00","description":"Animal Salut \u00e9s servei de veterinari a domicili al Barcelon\u00e8s. Amb nosaltres el veterinari sempre estar\u00e0 a prop, ja que ens desplacem fins a casa","breadcrumb":{"@id":"https:\/\/www.animalsalut.com\/ca\/veterinari-a-domicili\/#breadcrumb"},"inLanguage":"ca","potentialAction":[{"@type":"ReadAction","target":["https:\/\/www.animalsalut.com\/ca\/veterinari-a-domicili\/"]}]},{"@type":"BreadcrumbList","@id":"https:\/\/www.animalsalut.com\/ca\/veterinari-a-domicili\/#breadcrumb","itemListElement":[{"@type":"ListItem","position":1,"name":"Portada","item":"https:\/\/www.animalsalut.com\/ca\/"},{"@type":"ListItem","position":2,"name":"Domicilis"}]},{"@type":"WebSite","@id":"https:\/\/www.animalsalut.com\/ca\/?lang=ca\/#website","url":"https:\/\/www.animalsalut.com\/ca\/?lang=ca\/","name":"Animal Salut","description":"Veterinari a domicili a Barcelona","publisher":{"@id":"https:\/\/www.animalsalut.com\/ca\/?lang=ca\/#organization"},"alternateName":"Veterinari a domicili","potentialAction":[{"@type":"SearchAction","target":{"@type":"EntryPoint","urlTemplate":"https:\/\/www.animalsalut.com\/ca\/?lang=ca\/?s={search_term_string}"},"query-input":{"@type":"PropertyValueSpecification","valueRequired":true,"valueName":"search_term_string"}}],"inLanguage":"ca"},{"@type":"Organization","@id":"https:\/\/www.animalsalut.com\/ca\/?lang=ca\/#organization","name":"Animal Salut","alternateName":"Animal Salut - Veterinario a domicilio","url":"https:\/\/www.animalsalut.com\/ca\/?lang=ca\/","logo":{"@type":"ImageObject","inLanguage":"ca","@id":"https:\/\/www.animalsalut.com\/ca\/?lang=ca\/#\/schema\/logo\/image\/","url":"https:\/\/www.animalsalut.com\/wp-content\/uploads\/2018\/10\/cropped-logo_animal_salut-1.png","contentUrl":"https:\/\/www.animalsalut.com\/wp-content\/uploads\/2018\/10\/cropped-logo_animal_salut-1.png","width":512,"height":512,"caption":"Animal Salut"},"image":{"@id":"https:\/\/www.animalsalut.com\/ca\/?lang=ca\/#\/schema\/logo\/image\/"},"sameAs":["https:\/\/www.facebook.com\/animalsalut","https:\/\/x.com\/animalsalut","https:\/\/www.instagram.com\/animalsalut","https:\/\/www.threads.net\/@animalsalut"]}]}},"_links":{"self":[{"href":"https:\/\/www.animalsalut.com\/ca\/wp-json\/wp\/v2\/pages\/20589","targetHints":{"allow":["GET"]}}],"collection":[{"href":"https:\/\/www.animalsalut.com\/ca\/wp-json\/wp\/v2\/pages"}],"about":[{"href":"https:\/\/www.animalsalut.com\/ca\/wp-json\/wp\/v2\/types\/page"}],"author":[{"embeddable":true,"href":"https:\/\/www.animalsalut.com\/ca\/wp-json\/wp\/v2\/users\/2"}],"replies":[{"embeddable":true,"href":"https:\/\/www.animalsalut.com\/ca\/wp-json\/wp\/v2\/comments?post=20589"}],"version-history":[{"count":9,"href":"https:\/\/www.animalsalut.com\/ca\/wp-json\/wp\/v2\/pages\/20589\/revisions"}],"predecessor-version":[{"id":42249,"href":"https:\/\/www.animalsalut.com\/ca\/wp-json\/wp\/v2\/pages\/20589\/revisions\/42249"}],"wp:attachment":[{"href":"https:\/\/www.animalsalut.com\/ca\/wp-json\/wp\/v2\/media?parent=20589"}],"curies":[{"name":"wp","href":"https:\/\/api.w.org\/{rel}","templated":true}]}}