{"id":37692,"date":"2024-07-22T16:29:35","date_gmt":"2024-07-22T14:29:35","guid":{"rendered":"https:\/\/www.animalsalut.com\/visita-a-domicilio\/"},"modified":"2025-10-21T17:26:46","modified_gmt":"2025-10-21T15:26:46","slug":"visita-veterinari-a-domicili-a-barcelona","status":"publish","type":"page","link":"https:\/\/www.animalsalut.com\/ca\/visita-veterinari-a-domicili-a-barcelona\/","title":{"rendered":"Visita veterinari a domicili"},"content":{"rendered":"\t\t<div data-elementor-type=\"wp-page\" data-elementor-id=\"37692\" class=\"elementor elementor-37692 elementor-37686\" data-elementor-post-type=\"page\">\n\t\t\t\t\t\t<section class=\"elementor-section elementor-top-section elementor-element elementor-element-630cd990 elementor-section-boxed elementor-section-height-default elementor-section-height-default parallax_section_no qode_elementor_container_no\" data-id=\"630cd990\" data-element_type=\"section\" data-e-type=\"section\">\n\t\t\t\t\t\t<div class=\"elementor-container elementor-column-gap-default\">\n\t\t\t\t\t<div class=\"elementor-column elementor-col-100 elementor-top-column elementor-element elementor-element-5ccd5e07\" data-id=\"5ccd5e07\" data-element_type=\"column\" data-e-type=\"column\">\n\t\t\t<div class=\"elementor-widget-wrap elementor-element-populated\">\n\t\t\t\t\t\t<div class=\"elementor-element elementor-element-9c2c261 elementor-button-align-stretch elementor-widget elementor-widget-form\" data-id=\"9c2c261\" data-element_type=\"widget\" data-e-type=\"widget\" data-settings=\"{&quot;step_next_label&quot;:&quot;Next&quot;,&quot;step_previous_label&quot;:&quot;Previous&quot;,&quot;button_width&quot;:&quot;100&quot;,&quot;step_type&quot;:&quot;number_text&quot;,&quot;step_icon_shape&quot;:&quot;circle&quot;}\" data-widget_type=\"form.default\">\n\t\t\t\t<div class=\"elementor-widget-container\">\n\t\t\t\t\t\t\t<form class=\"elementor-form\" method=\"post\" name=\"Nuevo Formulario\" aria-label=\"Nuevo Formulario\">\n\t\t\t<input type=\"hidden\" name=\"post_id\" value=\"37692\"\/>\n\t\t\t<input type=\"hidden\" name=\"form_id\" value=\"9c2c261\"\/>\n\t\t\t<input type=\"hidden\" name=\"referer_title\" value=\"Visita veterinari a domicili a Barcelona\" \/>\n\n\t\t\t\t\t\t\t<input type=\"hidden\" name=\"queried_id\" value=\"37692\"\/>\n\t\t\t\n\t\t\t<div class=\"elementor-form-fields-wrapper elementor-labels-above\">\n\t\t\t\t\t\t\t\t<div class=\"elementor-field-type-html elementor-field-group elementor-column elementor-field-group-field_092d9e9 elementor-col-100\">\n\t\t\t\t\t<h1><span style=\"font-size:24pt;     line-height: 1.1em !important;\">Reserva la teva visita veterinaria a domicili<\/h1>\n<br>\nOmple el formulari amb les dades de la teva visita. Ens posarem en contacte el m\u00e9s aviat possible per reservar la cita.\t\t\t\t<\/div>\n\t\t\t\t\t\t\t\t<div class=\"elementor-field-type-text elementor-field-group elementor-column elementor-field-group-field_cf04935 elementor-col-100 elementor-field-required\">\n\t\t\t\t\t\t\t\t\t\t\t\t\t<input size=\"1\" type=\"text\" name=\"form_fields[field_cf04935]\" id=\"form-field-field_cf04935\" class=\"elementor-field elementor-size-sm  elementor-field-textual\" placeholder=\"Nom\" required=\"required\">\n\t\t\t\t\t\t\t\t\t\t\t<\/div>\n\t\t\t\t\t\t\t\t<div class=\"elementor-field-type-text elementor-field-group elementor-column elementor-field-group-field_6e409b5 elementor-col-100 elementor-field-required\">\n\t\t\t\t\t\t\t\t\t\t\t\t\t<input size=\"1\" type=\"text\" name=\"form_fields[field_6e409b5]\" id=\"form-field-field_6e409b5\" class=\"elementor-field elementor-size-sm  elementor-field-textual\" placeholder=\"Cognoms\" required=\"required\">\n\t\t\t\t\t\t\t\t\t\t\t<\/div>\n\t\t\t\t\t\t\t\t<div class=\"elementor-field-type-text elementor-field-group elementor-column elementor-field-group-name elementor-col-100 elementor-field-required\">\n\t\t\t\t\t\t\t\t\t\t\t\t\t<input size=\"1\" type=\"text\" name=\"form_fields[name]\" id=\"form-field-name\" class=\"elementor-field elementor-size-sm  elementor-field-textual\" placeholder=\"Direcci\u00f3\" required=\"required\">\n\t\t\t\t\t\t\t\t\t\t\t<\/div>\n\t\t\t\t\t\t\t\t<div class=\"elementor-field-type-text elementor-field-group elementor-column elementor-field-group-field_83e92a0 elementor-col-100 elementor-field-required\">\n\t\t\t\t\t\t\t\t\t\t\t\t\t<input size=\"1\" type=\"text\" name=\"form_fields[field_83e92a0]\" id=\"form-field-field_83e92a0\" class=\"elementor-field elementor-size-sm  elementor-field-textual\" placeholder=\"Codi postal\" required=\"required\">\n\t\t\t\t\t\t\t\t\t\t\t<\/div>\n\t\t\t\t\t\t\t\t<div class=\"elementor-field-type-text elementor-field-group elementor-column elementor-field-group-field_36f422a elementor-col-100 elementor-field-required\">\n\t\t\t\t\t\t\t\t\t\t\t\t\t<input size=\"1\" type=\"text\" name=\"form_fields[field_36f422a]\" id=\"form-field-field_36f422a\" class=\"elementor-field elementor-size-sm  elementor-field-textual\" placeholder=\"Tel\u00e8fon\" required=\"required\">\n\t\t\t\t\t\t\t\t\t\t\t<\/div>\n\t\t\t\t\t\t\t\t<div class=\"elementor-field-type-email elementor-field-group elementor-column elementor-field-group-email1 elementor-col-100 elementor-field-required\">\n\t\t\t\t\t\t\t\t\t\t\t\t\t<input size=\"1\" type=\"email\" name=\"form_fields[email1]\" id=\"form-field-email1\" class=\"elementor-field elementor-size-sm  elementor-field-textual\" placeholder=\"Email\" required=\"required\">\n\t\t\t\t\t\t\t\t\t\t\t<\/div>\n\t\t\t\t\t\t\t\t<div class=\"elementor-field-type-text elementor-field-group elementor-column elementor-field-group-field_e44a867 elementor-col-100 elementor-field-required\">\n\t\t\t\t\t\t\t\t\t\t\t\t\t<input size=\"1\" type=\"text\" name=\"form_fields[field_e44a867]\" id=\"form-field-field_e44a867\" class=\"elementor-field elementor-size-sm  elementor-field-textual\" placeholder=\"Nom de la mascota\" required=\"required\">\n\t\t\t\t\t\t\t\t\t\t\t<\/div>\n\t\t\t\t\t\t\t\t<div class=\"elementor-field-type-radio elementor-field-group elementor-column elementor-field-group-field_5a6746e elementor-col-100 elementor-field-required\">\n\t\t\t\t\t\t\t\t\t\t\t\t<label for=\"form-field-field_5a6746e\" class=\"elementor-field-label\">\n\t\t\t\t\t\t\t\tQuin animal \u00e9s?\t\t\t\t\t\t\t<\/label>\n\t\t\t\t\t\t<div class=\"elementor-field-subgroup  \"><span class=\"elementor-field-option\"><input type=\"radio\" value=\"Gos\" id=\"form-field-field_5a6746e-0\" name=\"form_fields[field_5a6746e]\" required=\"required\"> <label for=\"form-field-field_5a6746e-0\">Gos<\/label><\/span><span class=\"elementor-field-option\"><input type=\"radio\" value=\"Gat\" id=\"form-field-field_5a6746e-1\" name=\"form_fields[field_5a6746e]\" required=\"required\"> <label for=\"form-field-field_5a6746e-1\">Gat<\/label><\/span><span class=\"elementor-field-option\"><input type=\"radio\" value=\"Altres\" id=\"form-field-field_5a6746e-2\" name=\"form_fields[field_5a6746e]\" required=\"required\"> <label for=\"form-field-field_5a6746e-2\">Altres<\/label><\/span><\/div>\t\t\t\t<\/div>\n\t\t\t\t\t\t\t\t<div class=\"elementor-field-type-text elementor-field-group elementor-column elementor-field-group-field_6cea21e elementor-col-100\">\n\t\t\t\t\t\t\t\t\t\t\t\t<label for=\"form-field-field_6cea21e\" class=\"elementor-field-label\">\n\t\t\t\t\t\t\t\tEn cas d'haver premut altres, Quin animal \u00e9s?\t\t\t\t\t\t\t<\/label>\n\t\t\t\t\t\t\t\t\t\t\t\t\t\t<input size=\"1\" type=\"text\" name=\"form_fields[field_6cea21e]\" id=\"form-field-field_6cea21e\" class=\"elementor-field elementor-size-sm  elementor-field-textual\">\n\t\t\t\t\t\t\t\t\t\t\t<\/div>\n\t\t\t\t\t\t\t\t<div class=\"elementor-field-type-html elementor-field-group elementor-column elementor-field-group-field_0e5d910 elementor-col-100\">\n\t\t\t\t\t<br>\n<h4>1. Quin \u00e9s el motiu de la seva consulta?<\/h4>\t\t\t\t<\/div>\n\t\t\t\t\t\t\t\t<div class=\"elementor-field-type-textarea elementor-field-group elementor-column elementor-field-group-field_9d24e2b elementor-col-100 elementor-field-required\">\n\t\t\t\t\t<textarea class=\"elementor-field-textual elementor-field  elementor-size-sm\" name=\"form_fields[field_9d24e2b]\" id=\"form-field-field_9d24e2b\" rows=\"4\" placeholder=\"Si us plau indiqui el motiu de la seva consulta\" required=\"required\"><\/textarea>\t\t\t\t<\/div>\n\t\t\t\t\t\t\t\t<div class=\"elementor-field-type-upload elementor-field-group elementor-column elementor-field-group-field_65d6dd0 elementor-col-100\">\n\t\t\t\t\t\t\t\t\t\t\t\t<label for=\"form-field-field_65d6dd0\" class=\"elementor-field-label\">\n\t\t\t\t\t\t\t\tSi vol enviar imatges, informes d'el cas o altres arxius per a la consulta, a continuaci\u00f3 pot pujar-los:\t\t\t\t\t\t\t<\/label>\n\t\t\t\t\t\t\t\t<input type=\"file\" name=\"form_fields[field_65d6dd0][]\" id=\"form-field-field_65d6dd0\" class=\"elementor-field elementor-size-sm  elementor-upload-field\" multiple=\"multiple\" data-maxsize=\"10\" data-maxsize-message=\"This file exceeds the maximum allowed size.\">\n\n\t\t\t\t\t\t<\/div>\n\t\t\t\t\t\t\t\t<div class=\"elementor-field-type-html elementor-field-group elementor-column elementor-field-group-field_d72b6d5 elementor-col-100\">\n\t\t\t\t\t<br>\n<h4>2. A quina hora prefereix que realitzem la visita?<\/h4>\n\t\t\t\t<\/div>\n\t\t\t\t\t\t\t\t<div class=\"elementor-field-type-radio elementor-field-group elementor-column elementor-field-group-field_036a485 elementor-col-100 elementor-field-required\">\n\t\t\t\t\t<div class=\"elementor-field-subgroup  \"><span class=\"elementor-field-option\"><input type=\"radio\" value=\"Mat\u00ed\" id=\"form-field-field_036a485-0\" name=\"form_fields[field_036a485]\" required=\"required\"> <label for=\"form-field-field_036a485-0\">Mat\u00ed<\/label><\/span><span class=\"elementor-field-option\"><input type=\"radio\" value=\"Migdia\" id=\"form-field-field_036a485-1\" name=\"form_fields[field_036a485]\" required=\"required\"> <label for=\"form-field-field_036a485-1\">Migdia<\/label><\/span><span class=\"elementor-field-option\"><input type=\"radio\" value=\"Tarda\" id=\"form-field-field_036a485-2\" name=\"form_fields[field_036a485]\" required=\"required\"> <label for=\"form-field-field_036a485-2\">Tarda<\/label><\/span><\/div>\t\t\t\t<\/div>\n\t\t\t\t\t\t\t\t<div class=\"elementor-field-type-html elementor-field-group elementor-column elementor-field-group-field_a976bcf elementor-col-100\">\n\t\t\t\t\t<br>\n<h4>3. Quin m\u00e8tode de pagament voleu utilitzar?\n<\/h4>\n\t\t\t\t<\/div>\n\t\t\t\t\t\t\t\t<div class=\"elementor-field-type-radio elementor-field-group elementor-column elementor-field-group-field_ebbd0c3 elementor-col-100 elementor-field-required\">\n\t\t\t\t\t\t\t\t\t\t\t\t<label for=\"form-field-field_ebbd0c3\" class=\"elementor-field-label\">\n\t\t\t\t\t\t\t\tSeleccioneu el m\u00e8tode de pagament de voleu utilitzar\t\t\t\t\t\t\t<\/label>\n\t\t\t\t\t\t<div class=\"elementor-field-subgroup  \"><span class=\"elementor-field-option\"><input type=\"radio\" value=\"Efectiu\" id=\"form-field-field_ebbd0c3-0\" name=\"form_fields[field_ebbd0c3]\" required=\"required\"> <label for=\"form-field-field_ebbd0c3-0\">Efectiu<\/label><\/span><span class=\"elementor-field-option\"><input type=\"radio\" value=\"Tarjeta\" id=\"form-field-field_ebbd0c3-1\" name=\"form_fields[field_ebbd0c3]\" required=\"required\"> <label for=\"form-field-field_ebbd0c3-1\">Tarjeta<\/label><\/span><span class=\"elementor-field-option\"><input type=\"radio\" value=\"Transfer\u00e8ncia banc\u00e0ria (nom\u00e9s IMMEDIATA)\" id=\"form-field-field_ebbd0c3-2\" name=\"form_fields[field_ebbd0c3]\" required=\"required\"> <label for=\"form-field-field_ebbd0c3-2\">Transfer\u00e8ncia banc\u00e0ria (nom\u00e9s IMMEDIATA)<\/label><\/span><\/div>\t\t\t\t<\/div>\n\t\t\t\t\t\t\t\t<div class=\"elementor-field-type-html elementor-field-group elementor-column elementor-field-group-field_fb21139 elementor-col-100\">\n\t\t\t\t\t<br>\n<h4>Detalls del servei:\n<\/h4>\n\t\t\t\t<\/div>\n\t\t\t\t\t\t\t\t<div class=\"elementor-field-type-html elementor-field-group elementor-column elementor-field-group-field_7288df3 elementor-col-100\">\n\t\t\t\t\tLa visita a domicili \u00e9s un servei de consulta veterin\u00e0ria no urgent. Al domicili es poden realitzar la majoria de visites i tractaments veterinaris com les vacunacions, microchipaje, anal\u00edtiques, etc En els casos en qu\u00e8 es necessiti d'una prova o un tractament no disponibles a domicili (com una radiografia o cirurgia), us dirigirem a un dels centres de refer\u00e8ncia de la zona.\t\t\t\t<\/div>\n\t\t\t\t\t\t\t\t<div class=\"elementor-field-type-html elementor-field-group elementor-column elementor-field-group-field_11f597a elementor-col-100\">\n\t\t\t\t\t<b>RESPONSABLE TRACTAMENT DE DADES: ANIMAL SALUT<\/b>\n<br>\n<b>FINALITAT:<\/b> Respondre a les consultes i\/o proporcionar informacions requerides per l'usuari.<br>\n<b>LEGITIMACI\u00d3:<\/b> Consentiment de l'interessat per ambd\u00faes finalitats.<br>\n<b>CESSIONS:<\/b> No es preveuen cesions, excepte per obligaci\u00f3 legal o requeriment judicial. <br>\n<b>DRETS:<\/b>Acc\u00e9s, rectificaci\u00f3, supressi\u00f3, oposici\u00f3, limitaci\u00f3, portabilitat, revocaci\u00f3 de l'consentiment. Si considera que el tractament de les seves dades no s'ajusta a la normativa, pot acudir a l'Autoritat de Control (www.aepd.es).<br>\n<b>INFORMACI\u00d3 ADICIONAL: <\/b>Consultar la nostra <a href=\"https:\/\/www.animalsalut.com\/ca\/politica-de-privacitat\">pol\u00edtica de privacitat.<\/a>\t\t\t\t<\/div>\n\t\t\t\t\t\t\t\t<div class=\"elementor-field-type-acceptance elementor-field-group elementor-column elementor-field-group-field_cce6185 elementor-col-100 elementor-field-required\">\n\t\t\t\t\t\t\t<div class=\"elementor-field-subgroup\">\n\t\t\t<span class=\"elementor-field-option\">\n\t\t\t\t<input type=\"checkbox\" name=\"form_fields[field_cce6185]\" id=\"form-field-field_cce6185\" class=\"elementor-field elementor-size-sm  elementor-acceptance-field\" required=\"required\">\n\t\t\t\t<label for=\"form-field-field_cce6185\">Accepto la <a href=\"https:\/\/www.animalsalut.com\/ca\/politica-de-privacitat\">pol\u00edtica de privacitat<\/a> y <a href=\"https:\/\/www.animalsalut.com\/ca\/condicions-generales-de-contractacio\">condicions generals*<\/a><\/label>\t\t\t<\/span>\n\t\t<\/div>\n\t\t\t\t\t\t<\/div>\n\t\t\t\t\t\t\t\t<div class=\"elementor-field-type-text\">\n\t\t\t\t\t<input size=\"1\" type=\"text\" name=\"form_fields[field_507268a]\" id=\"form-field-field_507268a\" class=\"elementor-field elementor-size-sm \" style=\"display:none !important;\">\t\t\t\t<\/div>\n\t\t\t\t\t\t\t\t<div class=\"elementor-field-type-recaptcha_v3 elementor-field-group elementor-column elementor-field-group-field_da289ed elementor-col-100 recaptcha_v3-bottomright\">\n\t\t\t\t\t<div class=\"elementor-field\" id=\"form-field-field_da289ed\"><div class=\"elementor-g-recaptcha\" data-sitekey=\"6LfMfPAZAAAAACTD85hlQHGrI2LJwpm8dCKLMxtp\" data-type=\"v3\" data-action=\"Form\" data-badge=\"bottomright\" data-size=\"invisible\"><\/div><\/div>\t\t\t\t<\/div>\n\t\t\t\t\t\t\t\t<div class=\"elementor-field-group elementor-column elementor-field-type-submit elementor-col-100 e-form__buttons\">\n\t\t\t\t\t<button class=\"elementor-button elementor-size-sm\" type=\"submit\">\n\t\t\t\t\t\t<span class=\"elementor-button-content-wrapper\">\n\t\t\t\t\t\t\t\t\t\t\t\t\t\t\t\t\t\t\t\t\t\t<span class=\"elementor-button-text\">Enviar<\/span>\n\t\t\t\t\t\t\t\t\t\t\t\t\t<\/span>\n\t\t\t\t\t<\/button>\n\t\t\t\t<\/div>\n\t\t\t<\/div>\n\t\t<\/form>\n\t\t\t\t\t\t<\/div>\n\t\t\t\t<\/div>\n\t\t\t\t\t<\/div>\n\t\t<\/div>\n\t\t\t\t\t<\/div>\n\t\t<\/section>\n\t\t\t\t<\/div>\n\t\t","protected":false},"excerpt":{"rendered":"","protected":false},"author":2,"featured_media":0,"parent":0,"menu_order":0,"comment_status":"closed","ping_status":"closed","template":"","meta":{"footnotes":""},"class_list":["post-37692","page","type-page","status-publish","hentry"],"yoast_head":"<!-- This site is optimized with the Yoast SEO plugin v27.5 - https:\/\/yoast.com\/product\/yoast-seo-wordpress\/ -->\n<title>Visita veterinari a domicili a Barcelona<\/title>\n<meta name=\"description\" content=\"Reserva la teva visita a domicili amb els nostres veterinaris c\u00f2modament pel servei que necessiti la teva mascota sense estres\" \/>\n<meta name=\"robots\" content=\"index, follow, max-snippet:-1, max-image-preview:large, max-video-preview:-1\" \/>\n<link rel=\"canonical\" href=\"https:\/\/www.animalsalut.com\/ca\/visita-veterinari-a-domicili-a-barcelona\/\" \/>\n<meta property=\"og:locale\" content=\"ca_ES\" \/>\n<meta property=\"og:type\" content=\"article\" \/>\n<meta property=\"og:title\" content=\"Visita veterinari a domicili a Barcelona\" \/>\n<meta property=\"og:description\" content=\"Reserva la teva visita a domicili amb els nostres veterinaris c\u00f2modament pel servei que necessiti la teva mascota sense estres\" \/>\n<meta property=\"og:url\" content=\"https:\/\/www.animalsalut.com\/ca\/visita-veterinari-a-domicili-a-barcelona\/\" \/>\n<meta property=\"og:site_name\" content=\"Animal Salut\" \/>\n<meta property=\"article:publisher\" content=\"https:\/\/www.facebook.com\/animalsalut\" \/>\n<meta property=\"article:modified_time\" content=\"2025-10-21T15:26:46+00:00\" \/>\n<meta name=\"twitter:card\" content=\"summary_large_image\" \/>\n<meta name=\"twitter:site\" content=\"@animalsalut\" \/>\n<meta name=\"twitter:label1\" content=\"Temps estimat de lectura\" \/>\n\t<meta name=\"twitter:data1\" content=\"2 minuts\" \/>\n<script type=\"application\/ld+json\" class=\"yoast-schema-graph\">{\"@context\":\"https:\\\/\\\/schema.org\",\"@graph\":[{\"@type\":\"WebPage\",\"@id\":\"https:\\\/\\\/www.animalsalut.com\\\/ca\\\/visita-veterinari-a-domicili-a-barcelona\\\/\",\"url\":\"https:\\\/\\\/www.animalsalut.com\\\/ca\\\/visita-veterinari-a-domicili-a-barcelona\\\/\",\"name\":\"Visita veterinari a domicili a Barcelona\",\"isPartOf\":{\"@id\":\"https:\\\/\\\/www.animalsalut.com\\\/ca\\\/?lang=ca\\\/#website\"},\"datePublished\":\"2024-07-22T14:29:35+00:00\",\"dateModified\":\"2025-10-21T15:26:46+00:00\",\"description\":\"Reserva la teva visita a domicili amb els nostres veterinaris c\u00f2modament pel servei que necessiti la teva mascota sense estres\",\"breadcrumb\":{\"@id\":\"https:\\\/\\\/www.animalsalut.com\\\/ca\\\/visita-veterinari-a-domicili-a-barcelona\\\/#breadcrumb\"},\"inLanguage\":\"ca\",\"potentialAction\":[{\"@type\":\"ReadAction\",\"target\":[\"https:\\\/\\\/www.animalsalut.com\\\/ca\\\/visita-veterinari-a-domicili-a-barcelona\\\/\"]}]},{\"@type\":\"BreadcrumbList\",\"@id\":\"https:\\\/\\\/www.animalsalut.com\\\/ca\\\/visita-veterinari-a-domicili-a-barcelona\\\/#breadcrumb\",\"itemListElement\":[{\"@type\":\"ListItem\",\"position\":1,\"name\":\"Portada\",\"item\":\"https:\\\/\\\/www.animalsalut.com\\\/ca\\\/\"},{\"@type\":\"ListItem\",\"position\":2,\"name\":\"Visita veterinari a domicili\"}]},{\"@type\":\"WebSite\",\"@id\":\"https:\\\/\\\/www.animalsalut.com\\\/ca\\\/?lang=ca\\\/#website\",\"url\":\"https:\\\/\\\/www.animalsalut.com\\\/ca\\\/?lang=ca\\\/\",\"name\":\"Animal Salut\",\"description\":\"Veterinari a domicili a Barcelona\",\"publisher\":{\"@id\":\"https:\\\/\\\/www.animalsalut.com\\\/ca\\\/?lang=ca\\\/#organization\"},\"alternateName\":\"Veterinari a domicili\",\"potentialAction\":[{\"@type\":\"SearchAction\",\"target\":{\"@type\":\"EntryPoint\",\"urlTemplate\":\"https:\\\/\\\/www.animalsalut.com\\\/ca\\\/?lang=ca\\\/?s={search_term_string}\"},\"query-input\":{\"@type\":\"PropertyValueSpecification\",\"valueRequired\":true,\"valueName\":\"search_term_string\"}}],\"inLanguage\":\"ca\"},{\"@type\":\"Organization\",\"@id\":\"https:\\\/\\\/www.animalsalut.com\\\/ca\\\/?lang=ca\\\/#organization\",\"name\":\"Animal Salut\",\"alternateName\":\"Animal Salut - Veterinario a domicilio\",\"url\":\"https:\\\/\\\/www.animalsalut.com\\\/ca\\\/?lang=ca\\\/\",\"logo\":{\"@type\":\"ImageObject\",\"inLanguage\":\"ca\",\"@id\":\"https:\\\/\\\/www.animalsalut.com\\\/ca\\\/?lang=ca\\\/#\\\/schema\\\/logo\\\/image\\\/\",\"url\":\"https:\\\/\\\/www.animalsalut.com\\\/wp-content\\\/uploads\\\/2018\\\/10\\\/cropped-logo_animal_salut-1.png\",\"contentUrl\":\"https:\\\/\\\/www.animalsalut.com\\\/wp-content\\\/uploads\\\/2018\\\/10\\\/cropped-logo_animal_salut-1.png\",\"width\":512,\"height\":512,\"caption\":\"Animal Salut\"},\"image\":{\"@id\":\"https:\\\/\\\/www.animalsalut.com\\\/ca\\\/?lang=ca\\\/#\\\/schema\\\/logo\\\/image\\\/\"},\"sameAs\":[\"https:\\\/\\\/www.facebook.com\\\/animalsalut\",\"https:\\\/\\\/x.com\\\/animalsalut\",\"https:\\\/\\\/www.instagram.com\\\/animalsalut\",\"https:\\\/\\\/www.threads.net\\\/@animalsalut\"]}]}<\/script>\n<!-- \/ Yoast SEO plugin. -->","yoast_head_json":{"title":"Visita veterinari a domicili a Barcelona","description":"Reserva la teva visita a domicili amb els nostres veterinaris c\u00f2modament pel servei que necessiti la teva mascota sense estres","robots":{"index":"index","follow":"follow","max-snippet":"max-snippet:-1","max-image-preview":"max-image-preview:large","max-video-preview":"max-video-preview:-1"},"canonical":"https:\/\/www.animalsalut.com\/ca\/visita-veterinari-a-domicili-a-barcelona\/","og_locale":"ca_ES","og_type":"article","og_title":"Visita veterinari a domicili a Barcelona","og_description":"Reserva la teva visita a domicili amb els nostres veterinaris c\u00f2modament pel servei que necessiti la teva mascota sense estres","og_url":"https:\/\/www.animalsalut.com\/ca\/visita-veterinari-a-domicili-a-barcelona\/","og_site_name":"Animal Salut","article_publisher":"https:\/\/www.facebook.com\/animalsalut","article_modified_time":"2025-10-21T15:26:46+00:00","twitter_card":"summary_large_image","twitter_site":"@animalsalut","twitter_misc":{"Temps estimat de lectura":"2 minuts"},"schema":{"@context":"https:\/\/schema.org","@graph":[{"@type":"WebPage","@id":"https:\/\/www.animalsalut.com\/ca\/visita-veterinari-a-domicili-a-barcelona\/","url":"https:\/\/www.animalsalut.com\/ca\/visita-veterinari-a-domicili-a-barcelona\/","name":"Visita veterinari a domicili a Barcelona","isPartOf":{"@id":"https:\/\/www.animalsalut.com\/ca\/?lang=ca\/#website"},"datePublished":"2024-07-22T14:29:35+00:00","dateModified":"2025-10-21T15:26:46+00:00","description":"Reserva la teva visita a domicili amb els nostres veterinaris c\u00f2modament pel servei que necessiti la teva mascota sense estres","breadcrumb":{"@id":"https:\/\/www.animalsalut.com\/ca\/visita-veterinari-a-domicili-a-barcelona\/#breadcrumb"},"inLanguage":"ca","potentialAction":[{"@type":"ReadAction","target":["https:\/\/www.animalsalut.com\/ca\/visita-veterinari-a-domicili-a-barcelona\/"]}]},{"@type":"BreadcrumbList","@id":"https:\/\/www.animalsalut.com\/ca\/visita-veterinari-a-domicili-a-barcelona\/#breadcrumb","itemListElement":[{"@type":"ListItem","position":1,"name":"Portada","item":"https:\/\/www.animalsalut.com\/ca\/"},{"@type":"ListItem","position":2,"name":"Visita veterinari a domicili"}]},{"@type":"WebSite","@id":"https:\/\/www.animalsalut.com\/ca\/?lang=ca\/#website","url":"https:\/\/www.animalsalut.com\/ca\/?lang=ca\/","name":"Animal Salut","description":"Veterinari a domicili a Barcelona","publisher":{"@id":"https:\/\/www.animalsalut.com\/ca\/?lang=ca\/#organization"},"alternateName":"Veterinari a domicili","potentialAction":[{"@type":"SearchAction","target":{"@type":"EntryPoint","urlTemplate":"https:\/\/www.animalsalut.com\/ca\/?lang=ca\/?s={search_term_string}"},"query-input":{"@type":"PropertyValueSpecification","valueRequired":true,"valueName":"search_term_string"}}],"inLanguage":"ca"},{"@type":"Organization","@id":"https:\/\/www.animalsalut.com\/ca\/?lang=ca\/#organization","name":"Animal Salut","alternateName":"Animal Salut - Veterinario a domicilio","url":"https:\/\/www.animalsalut.com\/ca\/?lang=ca\/","logo":{"@type":"ImageObject","inLanguage":"ca","@id":"https:\/\/www.animalsalut.com\/ca\/?lang=ca\/#\/schema\/logo\/image\/","url":"https:\/\/www.animalsalut.com\/wp-content\/uploads\/2018\/10\/cropped-logo_animal_salut-1.png","contentUrl":"https:\/\/www.animalsalut.com\/wp-content\/uploads\/2018\/10\/cropped-logo_animal_salut-1.png","width":512,"height":512,"caption":"Animal Salut"},"image":{"@id":"https:\/\/www.animalsalut.com\/ca\/?lang=ca\/#\/schema\/logo\/image\/"},"sameAs":["https:\/\/www.facebook.com\/animalsalut","https:\/\/x.com\/animalsalut","https:\/\/www.instagram.com\/animalsalut","https:\/\/www.threads.net\/@animalsalut"]}]}},"_links":{"self":[{"href":"https:\/\/www.animalsalut.com\/ca\/wp-json\/wp\/v2\/pages\/37692","targetHints":{"allow":["GET"]}}],"collection":[{"href":"https:\/\/www.animalsalut.com\/ca\/wp-json\/wp\/v2\/pages"}],"about":[{"href":"https:\/\/www.animalsalut.com\/ca\/wp-json\/wp\/v2\/types\/page"}],"author":[{"embeddable":true,"href":"https:\/\/www.animalsalut.com\/ca\/wp-json\/wp\/v2\/users\/2"}],"replies":[{"embeddable":true,"href":"https:\/\/www.animalsalut.com\/ca\/wp-json\/wp\/v2\/comments?post=37692"}],"version-history":[{"count":24,"href":"https:\/\/www.animalsalut.com\/ca\/wp-json\/wp\/v2\/pages\/37692\/revisions"}],"predecessor-version":[{"id":43360,"href":"https:\/\/www.animalsalut.com\/ca\/wp-json\/wp\/v2\/pages\/37692\/revisions\/43360"}],"wp:attachment":[{"href":"https:\/\/www.animalsalut.com\/ca\/wp-json\/wp\/v2\/media?parent=37692"}],"curies":[{"name":"wp","href":"https:\/\/api.w.org\/{rel}","templated":true}]}}