{"id":43794,"date":"2025-12-14T13:09:48","date_gmt":"2025-12-14T12:09:48","guid":{"rendered":"https:\/\/www.animalsalut.com\/?page_id=43794"},"modified":"2025-12-14T13:14:58","modified_gmt":"2025-12-14T12:14:58","slug":"participacio-amb-exit-en-el-sorteig","status":"publish","type":"page","link":"https:\/\/www.animalsalut.com\/ca\/participacio-amb-exit-en-el-sorteig\/","title":{"rendered":"Participaci\u00f3 amb \u00e8xit en el sorteig"},"content":{"rendered":"\t\t<div data-elementor-type=\"wp-page\" data-elementor-id=\"43794\" class=\"elementor elementor-43794 elementor-43793\" data-elementor-post-type=\"page\">\n\t\t\t\t\t\t<section class=\"elementor-section elementor-top-section elementor-element elementor-element-6edf461 elementor-section-boxed elementor-section-height-default elementor-section-height-default parallax_section_no qode_elementor_container_no\" data-id=\"6edf461\" data-element_type=\"section\" data-e-type=\"section\">\n\t\t\t\t\t\t<div class=\"elementor-container elementor-column-gap-default\">\n\t\t\t\t\t<div class=\"elementor-column elementor-col-100 elementor-top-column elementor-element elementor-element-a20b046\" data-id=\"a20b046\" data-element_type=\"column\" data-e-type=\"column\">\n\t\t\t<div class=\"elementor-widget-wrap elementor-element-populated\">\n\t\t\t\t\t\t<div class=\"elementor-element elementor-element-59c356e elementor-widget elementor-widget-spacer\" data-id=\"59c356e\" data-element_type=\"widget\" data-e-type=\"widget\" data-widget_type=\"spacer.default\">\n\t\t\t\t<div class=\"elementor-widget-container\">\n\t\t\t\t\t\t\t<div class=\"elementor-spacer\">\n\t\t\t<div class=\"elementor-spacer-inner\"><\/div>\n\t\t<\/div>\n\t\t\t\t\t\t<\/div>\n\t\t\t\t<\/div>\n\t\t\t\t<div class=\"elementor-element elementor-element-61ae2bc elementor-widget elementor-widget-text-editor\" data-id=\"61ae2bc\" data-element_type=\"widget\" data-e-type=\"widget\" data-widget_type=\"text-editor.default\">\n\t\t\t\t<div class=\"elementor-widget-container\">\n\t\t\t\t\t\t\t\t\t<h1><span style=\"font-size: 24pt;\">Sorteig Panera de Nadal Animal Salut 2025<\/span><\/h1>\t\t\t\t\t\t\t\t<\/div>\n\t\t\t\t<\/div>\n\t\t\t\t\t<\/div>\n\t\t<\/div>\n\t\t\t\t\t<\/div>\n\t\t<\/section>\n\t\t\t\t<section class=\"elementor-section elementor-top-section elementor-element elementor-element-79566297 elementor-section-boxed elementor-section-height-default elementor-section-height-default parallax_section_no qode_elementor_container_no\" data-id=\"79566297\" data-element_type=\"section\" data-e-type=\"section\">\n\t\t\t\t\t\t<div class=\"elementor-container elementor-column-gap-default\">\n\t\t\t\t\t<div class=\"elementor-column elementor-col-100 elementor-top-column elementor-element elementor-element-91c10ff\" data-id=\"91c10ff\" data-element_type=\"column\" data-e-type=\"column\">\n\t\t\t<div class=\"elementor-widget-wrap elementor-element-populated\">\n\t\t\t\t\t\t<div class=\"elementor-element elementor-element-010d3f3 elementor-widget elementor-widget-text-editor\" data-id=\"010d3f3\" data-element_type=\"widget\" data-e-type=\"widget\" data-widget_type=\"text-editor.default\">\n\t\t\t\t<div class=\"elementor-widget-container\">\n\t\t\t\t\t\t\t\t\t<p data-start=\"234\" data-end=\"311\"><strong data-start=\"234\" data-end=\"262\">Gr\u00e0cies per participar!<\/strong><br data-start=\"262\" data-end=\"265\">Hem rebut la teva participaci\u00f3 correctament.<\/p>\n<p data-start=\"313\" data-end=\"509\">El sorteig es realitzar\u00e0 el <strong data-start=\"339\" data-end=\"366\">20 de desembre de 2025<\/strong>.<br data-start=\"367\" data-end=\"370\">Si resultes guanyador-a, t&#8217;avisarem amb les dades que has indicat perqu\u00e8 puguis recollir la panera a la nostra cl\u00ednica d&#8217;Animal Salut de <strong data-start=\"494\" data-end=\"508\">La Sagrera<\/strong>.&nbsp;<\/p>\t\t\t\t\t\t\t\t<\/div>\n\t\t\t\t<\/div>\n\t\t\t\t\t<\/div>\n\t\t<\/div>\n\t\t\t\t\t<\/div>\n\t\t<\/section>\n\t\t\t\t<section class=\"elementor-section elementor-top-section elementor-element elementor-element-fe57d2b elementor-section-boxed elementor-section-height-default elementor-section-height-default parallax_section_no qode_elementor_container_no\" data-id=\"fe57d2b\" data-element_type=\"section\" data-e-type=\"section\">\n\t\t\t\t\t\t<div class=\"elementor-container elementor-column-gap-default\">\n\t\t\t\t\t<div class=\"elementor-column elementor-col-100 elementor-top-column elementor-element elementor-element-98bd1d2\" data-id=\"98bd1d2\" data-element_type=\"column\" data-e-type=\"column\">\n\t\t\t<div class=\"elementor-widget-wrap elementor-element-populated\">\n\t\t\t\t\t\t<div class=\"elementor-element elementor-element-cb1171c elementor-widget elementor-widget-image\" data-id=\"cb1171c\" data-element_type=\"widget\" data-e-type=\"widget\" data-widget_type=\"image.default\">\n\t\t\t\t<div class=\"elementor-widget-container\">\n\t\t\t\t\t\t\t\t\t\t\t\t\t\t\t<img fetchpriority=\"high\" decoding=\"async\" width=\"511\" height=\"489\" src=\"https:\/\/www.animalsalut.com\/wp-content\/uploads\/2025\/12\/Panera-navidad-animal-salut-1.webp\" class=\"attachment-large size-large wp-image-43827\" alt=\"\" srcset=\"https:\/\/www.animalsalut.com\/wp-content\/uploads\/2025\/12\/Panera-navidad-animal-salut-1.webp 511w, https:\/\/www.animalsalut.com\/wp-content\/uploads\/2025\/12\/Panera-navidad-animal-salut-1-300x287.webp 300w\" sizes=\"(max-width: 511px) 100vw, 511px\" \/>\t\t\t\t\t\t\t\t\t\t\t\t\t\t\t<\/div>\n\t\t\t\t<\/div>\n\t\t\t\t<div class=\"elementor-element elementor-element-b844896 elementor-widget elementor-widget-spacer\" data-id=\"b844896\" data-element_type=\"widget\" data-e-type=\"widget\" data-widget_type=\"spacer.default\">\n\t\t\t\t<div class=\"elementor-widget-container\">\n\t\t\t\t\t\t\t<div class=\"elementor-spacer\">\n\t\t\t<div class=\"elementor-spacer-inner\"><\/div>\n\t\t<\/div>\n\t\t\t\t\t\t<\/div>\n\t\t\t\t<\/div>\n\t\t\t\t\t<\/div>\n\t\t<\/div>\n\t\t\t\t\t<\/div>\n\t\t<\/section>\n\t\t\t\t<\/div>\n\t\t","protected":false},"excerpt":{"rendered":"<p>Sorteig Panera de Nadal Animal Salut 2025 Gr\u00e0cies per participar!Hem rebut la teva participaci\u00f3 correctament. El sorteig es realitzar\u00e0 el 20 de desembre de 2025.Si resultes guanyador-a, t&#8217;avisarem amb les dades que has indicat perqu\u00e8 puguis recollir la panera a la nostra cl\u00ednica d&#8217;Animal Salut&#8230;<\/p>\n","protected":false},"author":2,"featured_media":0,"parent":0,"menu_order":0,"comment_status":"open","ping_status":"closed","template":"elementor_header_footer","meta":{"footnotes":""},"class_list":["post-43794","page","type-page","status-publish","hentry"],"yoast_head":"<!-- This site is optimized with the Yoast SEO plugin v27.5 - https:\/\/yoast.com\/product\/yoast-seo-wordpress\/ -->\n<title>Participaci\u00f3 amb \u00e8xit en el sorteig<\/title>\n<meta name=\"description\" content=\"Veterinario a domicilio en el Barcelon\u00e8s, Garraf, Alt Pened\u00e9s y cercan\u00edas principalmente. Nos deplazamos a tu domicilio. Centro veterinario en Barcelona.\" \/>\n<meta name=\"robots\" content=\"index, follow, max-snippet:-1, max-image-preview:large, max-video-preview:-1\" \/>\n<link rel=\"canonical\" href=\"https:\/\/www.animalsalut.com\/ca\/participacio-amb-exit-en-el-sorteig\/\" \/>\n<meta property=\"og:locale\" content=\"ca_ES\" \/>\n<meta property=\"og:type\" content=\"article\" \/>\n<meta property=\"og:title\" content=\"Contacto Animal Salut - Veterinario a domicilio en el Barcelon\u00e8s, Garraf\" \/>\n<meta property=\"og:description\" content=\"Veterinario a domicilio en el Barcelon\u00e8s, Garraf, Alt Pened\u00e9s y cercan\u00edas principalmente. Nos desplazamos hasta tu casa para m\u00e1s comodidad.\" \/>\n<meta property=\"og:url\" content=\"https:\/\/www.animalsalut.com\/ca\/participacio-amb-exit-en-el-sorteig\/\" \/>\n<meta property=\"og:site_name\" content=\"Animal Salut\" \/>\n<meta property=\"article:publisher\" content=\"https:\/\/www.facebook.com\/animalsalut\" \/>\n<meta property=\"article:modified_time\" content=\"2025-12-14T12:14:58+00:00\" \/>\n<meta property=\"og:image\" content=\"https:\/\/www.animalsalut.com\/wp-content\/uploads\/2016\/12\/logo_icon.png\" \/>\n\t<meta property=\"og:image:width\" content=\"300\" \/>\n\t<meta property=\"og:image:height\" content=\"300\" \/>\n\t<meta property=\"og:image:type\" content=\"image\/png\" \/>\n<meta name=\"twitter:card\" content=\"summary_large_image\" \/>\n<meta name=\"twitter:title\" content=\"Contacto Animal Salut - Veterinario a domicilio en el Barcelon\u00e8s, Garraf\" \/>\n<meta name=\"twitter:description\" content=\"Veterinario a domicilio en el Barcelon\u00e8s, Garraf, Alt Pened\u00e9s y cercan\u00edas principalmente. Nos desplazamos hasta tu casa para m\u00e1s comodidad.\" \/>\n<meta name=\"twitter:image\" content=\"https:\/\/www.animalsalut.com\/wp-content\/uploads\/2016\/12\/logo_icon.png\" \/>\n<meta name=\"twitter:site\" content=\"@animalsalut\" \/>\n<meta name=\"twitter:label1\" content=\"Temps estimat de lectura\" \/>\n\t<meta name=\"twitter:data1\" content=\"1 minut\" \/>\n<script type=\"application\/ld+json\" class=\"yoast-schema-graph\">{\"@context\":\"https:\\\/\\\/schema.org\",\"@graph\":[{\"@type\":\"WebPage\",\"@id\":\"https:\\\/\\\/www.animalsalut.com\\\/ca\\\/participacio-amb-exit-en-el-sorteig\\\/\",\"url\":\"https:\\\/\\\/www.animalsalut.com\\\/ca\\\/participacio-amb-exit-en-el-sorteig\\\/\",\"name\":\"Participaci\u00f3 amb \u00e8xit en el sorteig\",\"isPartOf\":{\"@id\":\"https:\\\/\\\/www.animalsalut.com\\\/ca\\\/?lang=ca\\\/#website\"},\"primaryImageOfPage\":{\"@id\":\"https:\\\/\\\/www.animalsalut.com\\\/ca\\\/participacio-amb-exit-en-el-sorteig\\\/#primaryimage\"},\"image\":{\"@id\":\"https:\\\/\\\/www.animalsalut.com\\\/ca\\\/participacio-amb-exit-en-el-sorteig\\\/#primaryimage\"},\"thumbnailUrl\":\"https:\\\/\\\/www.animalsalut.com\\\/wp-content\\\/uploads\\\/2025\\\/12\\\/Panera-navidad-animal-salut-1.webp\",\"datePublished\":\"2025-12-14T12:09:48+00:00\",\"dateModified\":\"2025-12-14T12:14:58+00:00\",\"description\":\"Veterinario a domicilio en el Barcelon\u00e8s, Garraf, Alt Pened\u00e9s y cercan\u00edas principalmente. Nos deplazamos a tu domicilio. Centro veterinario en Barcelona.\",\"breadcrumb\":{\"@id\":\"https:\\\/\\\/www.animalsalut.com\\\/ca\\\/participacio-amb-exit-en-el-sorteig\\\/#breadcrumb\"},\"inLanguage\":\"ca\",\"potentialAction\":[{\"@type\":\"ReadAction\",\"target\":[\"https:\\\/\\\/www.animalsalut.com\\\/ca\\\/participacio-amb-exit-en-el-sorteig\\\/\"]}]},{\"@type\":\"ImageObject\",\"inLanguage\":\"ca\",\"@id\":\"https:\\\/\\\/www.animalsalut.com\\\/ca\\\/participacio-amb-exit-en-el-sorteig\\\/#primaryimage\",\"url\":\"https:\\\/\\\/www.animalsalut.com\\\/wp-content\\\/uploads\\\/2025\\\/12\\\/Panera-navidad-animal-salut-1.webp\",\"contentUrl\":\"https:\\\/\\\/www.animalsalut.com\\\/wp-content\\\/uploads\\\/2025\\\/12\\\/Panera-navidad-animal-salut-1.webp\"},{\"@type\":\"BreadcrumbList\",\"@id\":\"https:\\\/\\\/www.animalsalut.com\\\/ca\\\/participacio-amb-exit-en-el-sorteig\\\/#breadcrumb\",\"itemListElement\":[{\"@type\":\"ListItem\",\"position\":1,\"name\":\"Portada\",\"item\":\"https:\\\/\\\/www.animalsalut.com\\\/ca\\\/animal-salut\\\/\"},{\"@type\":\"ListItem\",\"position\":2,\"name\":\"Participaci\u00f3 amb \u00e8xit en el sorteig\"}]},{\"@type\":\"WebSite\",\"@id\":\"https:\\\/\\\/www.animalsalut.com\\\/ca\\\/?lang=ca\\\/#website\",\"url\":\"https:\\\/\\\/www.animalsalut.com\\\/ca\\\/?lang=ca\\\/\",\"name\":\"Animal Salut\",\"description\":\"Veterinari a domicili a Barcelona\",\"publisher\":{\"@id\":\"https:\\\/\\\/www.animalsalut.com\\\/ca\\\/?lang=ca\\\/#organization\"},\"alternateName\":\"Veterinari a domicili\",\"potentialAction\":[{\"@type\":\"SearchAction\",\"target\":{\"@type\":\"EntryPoint\",\"urlTemplate\":\"https:\\\/\\\/www.animalsalut.com\\\/ca\\\/?lang=ca\\\/?s={search_term_string}\"},\"query-input\":{\"@type\":\"PropertyValueSpecification\",\"valueRequired\":true,\"valueName\":\"search_term_string\"}}],\"inLanguage\":\"ca\"},{\"@type\":\"Organization\",\"@id\":\"https:\\\/\\\/www.animalsalut.com\\\/ca\\\/?lang=ca\\\/#organization\",\"name\":\"Animal Salut\",\"alternateName\":\"Animal Salut - Veterinario a domicilio\",\"url\":\"https:\\\/\\\/www.animalsalut.com\\\/ca\\\/?lang=ca\\\/\",\"logo\":{\"@type\":\"ImageObject\",\"inLanguage\":\"ca\",\"@id\":\"https:\\\/\\\/www.animalsalut.com\\\/ca\\\/?lang=ca\\\/#\\\/schema\\\/logo\\\/image\\\/\",\"url\":\"https:\\\/\\\/www.animalsalut.com\\\/wp-content\\\/uploads\\\/2018\\\/10\\\/cropped-logo_animal_salut-1.png\",\"contentUrl\":\"https:\\\/\\\/www.animalsalut.com\\\/wp-content\\\/uploads\\\/2018\\\/10\\\/cropped-logo_animal_salut-1.png\",\"width\":512,\"height\":512,\"caption\":\"Animal Salut\"},\"image\":{\"@id\":\"https:\\\/\\\/www.animalsalut.com\\\/ca\\\/?lang=ca\\\/#\\\/schema\\\/logo\\\/image\\\/\"},\"sameAs\":[\"https:\\\/\\\/www.facebook.com\\\/animalsalut\",\"https:\\\/\\\/x.com\\\/animalsalut\",\"https:\\\/\\\/www.instagram.com\\\/animalsalut\",\"https:\\\/\\\/www.threads.net\\\/@animalsalut\"]}]}<\/script>\n<!-- \/ Yoast SEO plugin. -->","yoast_head_json":{"title":"Participaci\u00f3 amb \u00e8xit en el sorteig","description":"Veterinario a domicilio en el Barcelon\u00e8s, Garraf, Alt Pened\u00e9s y cercan\u00edas principalmente. Nos deplazamos a tu domicilio. Centro veterinario en Barcelona.","robots":{"index":"index","follow":"follow","max-snippet":"max-snippet:-1","max-image-preview":"max-image-preview:large","max-video-preview":"max-video-preview:-1"},"canonical":"https:\/\/www.animalsalut.com\/ca\/participacio-amb-exit-en-el-sorteig\/","og_locale":"ca_ES","og_type":"article","og_title":"Contacto Animal Salut - Veterinario a domicilio en el Barcelon\u00e8s, Garraf","og_description":"Veterinario a domicilio en el Barcelon\u00e8s, Garraf, Alt Pened\u00e9s y cercan\u00edas principalmente. Nos desplazamos hasta tu casa para m\u00e1s comodidad.","og_url":"https:\/\/www.animalsalut.com\/ca\/participacio-amb-exit-en-el-sorteig\/","og_site_name":"Animal Salut","article_publisher":"https:\/\/www.facebook.com\/animalsalut","article_modified_time":"2025-12-14T12:14:58+00:00","og_image":[{"width":300,"height":300,"url":"https:\/\/www.animalsalut.com\/wp-content\/uploads\/2016\/12\/logo_icon.png","type":"image\/png"}],"twitter_card":"summary_large_image","twitter_title":"Contacto Animal Salut - Veterinario a domicilio en el Barcelon\u00e8s, Garraf","twitter_description":"Veterinario a domicilio en el Barcelon\u00e8s, Garraf, Alt Pened\u00e9s y cercan\u00edas principalmente. Nos desplazamos hasta tu casa para m\u00e1s comodidad.","twitter_image":"https:\/\/www.animalsalut.com\/wp-content\/uploads\/2016\/12\/logo_icon.png","twitter_site":"@animalsalut","twitter_misc":{"Temps estimat de lectura":"1 minut"},"schema":{"@context":"https:\/\/schema.org","@graph":[{"@type":"WebPage","@id":"https:\/\/www.animalsalut.com\/ca\/participacio-amb-exit-en-el-sorteig\/","url":"https:\/\/www.animalsalut.com\/ca\/participacio-amb-exit-en-el-sorteig\/","name":"Participaci\u00f3 amb \u00e8xit en el sorteig","isPartOf":{"@id":"https:\/\/www.animalsalut.com\/ca\/?lang=ca\/#website"},"primaryImageOfPage":{"@id":"https:\/\/www.animalsalut.com\/ca\/participacio-amb-exit-en-el-sorteig\/#primaryimage"},"image":{"@id":"https:\/\/www.animalsalut.com\/ca\/participacio-amb-exit-en-el-sorteig\/#primaryimage"},"thumbnailUrl":"https:\/\/www.animalsalut.com\/wp-content\/uploads\/2025\/12\/Panera-navidad-animal-salut-1.webp","datePublished":"2025-12-14T12:09:48+00:00","dateModified":"2025-12-14T12:14:58+00:00","description":"Veterinario a domicilio en el Barcelon\u00e8s, Garraf, Alt Pened\u00e9s y cercan\u00edas principalmente. Nos deplazamos a tu domicilio. Centro veterinario en Barcelona.","breadcrumb":{"@id":"https:\/\/www.animalsalut.com\/ca\/participacio-amb-exit-en-el-sorteig\/#breadcrumb"},"inLanguage":"ca","potentialAction":[{"@type":"ReadAction","target":["https:\/\/www.animalsalut.com\/ca\/participacio-amb-exit-en-el-sorteig\/"]}]},{"@type":"ImageObject","inLanguage":"ca","@id":"https:\/\/www.animalsalut.com\/ca\/participacio-amb-exit-en-el-sorteig\/#primaryimage","url":"https:\/\/www.animalsalut.com\/wp-content\/uploads\/2025\/12\/Panera-navidad-animal-salut-1.webp","contentUrl":"https:\/\/www.animalsalut.com\/wp-content\/uploads\/2025\/12\/Panera-navidad-animal-salut-1.webp"},{"@type":"BreadcrumbList","@id":"https:\/\/www.animalsalut.com\/ca\/participacio-amb-exit-en-el-sorteig\/#breadcrumb","itemListElement":[{"@type":"ListItem","position":1,"name":"Portada","item":"https:\/\/www.animalsalut.com\/ca\/animal-salut\/"},{"@type":"ListItem","position":2,"name":"Participaci\u00f3 amb \u00e8xit en el sorteig"}]},{"@type":"WebSite","@id":"https:\/\/www.animalsalut.com\/ca\/?lang=ca\/#website","url":"https:\/\/www.animalsalut.com\/ca\/?lang=ca\/","name":"Animal Salut","description":"Veterinari a domicili a Barcelona","publisher":{"@id":"https:\/\/www.animalsalut.com\/ca\/?lang=ca\/#organization"},"alternateName":"Veterinari a domicili","potentialAction":[{"@type":"SearchAction","target":{"@type":"EntryPoint","urlTemplate":"https:\/\/www.animalsalut.com\/ca\/?lang=ca\/?s={search_term_string}"},"query-input":{"@type":"PropertyValueSpecification","valueRequired":true,"valueName":"search_term_string"}}],"inLanguage":"ca"},{"@type":"Organization","@id":"https:\/\/www.animalsalut.com\/ca\/?lang=ca\/#organization","name":"Animal Salut","alternateName":"Animal Salut - Veterinario a domicilio","url":"https:\/\/www.animalsalut.com\/ca\/?lang=ca\/","logo":{"@type":"ImageObject","inLanguage":"ca","@id":"https:\/\/www.animalsalut.com\/ca\/?lang=ca\/#\/schema\/logo\/image\/","url":"https:\/\/www.animalsalut.com\/wp-content\/uploads\/2018\/10\/cropped-logo_animal_salut-1.png","contentUrl":"https:\/\/www.animalsalut.com\/wp-content\/uploads\/2018\/10\/cropped-logo_animal_salut-1.png","width":512,"height":512,"caption":"Animal Salut"},"image":{"@id":"https:\/\/www.animalsalut.com\/ca\/?lang=ca\/#\/schema\/logo\/image\/"},"sameAs":["https:\/\/www.facebook.com\/animalsalut","https:\/\/x.com\/animalsalut","https:\/\/www.instagram.com\/animalsalut","https:\/\/www.threads.net\/@animalsalut"]}]}},"_links":{"self":[{"href":"https:\/\/www.animalsalut.com\/ca\/wp-json\/wp\/v2\/pages\/43794","targetHints":{"allow":["GET"]}}],"collection":[{"href":"https:\/\/www.animalsalut.com\/ca\/wp-json\/wp\/v2\/pages"}],"about":[{"href":"https:\/\/www.animalsalut.com\/ca\/wp-json\/wp\/v2\/types\/page"}],"author":[{"embeddable":true,"href":"https:\/\/www.animalsalut.com\/ca\/wp-json\/wp\/v2\/users\/2"}],"replies":[{"embeddable":true,"href":"https:\/\/www.animalsalut.com\/ca\/wp-json\/wp\/v2\/comments?post=43794"}],"version-history":[{"count":5,"href":"https:\/\/www.animalsalut.com\/ca\/wp-json\/wp\/v2\/pages\/43794\/revisions"}],"predecessor-version":[{"id":43882,"href":"https:\/\/www.animalsalut.com\/ca\/wp-json\/wp\/v2\/pages\/43794\/revisions\/43882"}],"wp:attachment":[{"href":"https:\/\/www.animalsalut.com\/ca\/wp-json\/wp\/v2\/media?parent=43794"}],"curies":[{"name":"wp","href":"https:\/\/api.w.org\/{rel}","templated":true}]}}