{"id":44257,"date":"2021-10-08T09:35:55","date_gmt":"2021-10-08T07:35:55","guid":{"rendered":"https:\/\/www.animalsalut.com\/treballa-amb-nosaltres\/"},"modified":"2021-10-08T09:35:55","modified_gmt":"2021-10-08T07:35:55","slug":"treballa-amb-nosaltres","status":"publish","type":"page","link":"https:\/\/www.animalsalut.com\/ca\/treballa-amb-nosaltres\/","title":{"rendered":"Treballa amb nosaltres"},"content":{"rendered":"\t\t<div data-elementor-type=\"wp-page\" data-elementor-id=\"44257\" class=\"elementor elementor-44257 elementor-29670\" data-elementor-post-type=\"page\">\n\t\t\t\t\t\t<section class=\"elementor-section elementor-top-section elementor-element elementor-element-2431e083 elementor-section-boxed elementor-section-height-default elementor-section-height-default parallax_section_no qode_elementor_container_no\" data-id=\"2431e083\" data-element_type=\"section\" data-e-type=\"section\">\n\t\t\t\t\t\t<div class=\"elementor-container elementor-column-gap-default\">\n\t\t\t\t\t<div class=\"elementor-column elementor-col-100 elementor-top-column elementor-element elementor-element-20419070\" data-id=\"20419070\" data-element_type=\"column\" data-e-type=\"column\">\n\t\t\t<div class=\"elementor-widget-wrap elementor-element-populated\">\n\t\t\t\t\t\t<div class=\"elementor-element elementor-element-6dd79af5 elementor-widget elementor-widget-text-editor\" data-id=\"6dd79af5\" data-element_type=\"widget\" data-e-type=\"widget\" data-widget_type=\"text-editor.default\">\n\t\t\t\t<div class=\"elementor-widget-container\">\n\t\t\t\t\t\t\t\t\t<br \/>\n\t\t\t\t\t\t\t\t<\/div>\n\t\t\t\t<\/div>\n\t\t\t\t<div class=\"elementor-element elementor-element-6c0fd31 elementor-widget elementor-widget-text-editor\" data-id=\"6c0fd31\" data-element_type=\"widget\" data-e-type=\"widget\" data-widget_type=\"text-editor.default\">\n\t\t\t\t<div class=\"elementor-widget-container\">\n\t\t\t\t\t\t\t\t\t<p style=\"text-align: center;\"><span style=\"color: #000000; font-size: 14pt;\">A Animal Salut el nostre equip est\u00e0 format per apassionats dels animals. Cerquem veterinaris, auxiliars i perruquers. Vols treballar amb nosaltres? Envia&#8217;ns el teu curr\u00edculum!<\/span><\/p>\t\t\t\t\t\t\t\t<\/div>\n\t\t\t\t<\/div>\n\t\t\t\t\t<\/div>\n\t\t<\/div>\n\t\t\t\t\t<\/div>\n\t\t<\/section>\n\t\t\t\t<section class=\"elementor-section elementor-top-section elementor-element elementor-element-05e28c4 elementor-section-boxed elementor-section-height-default elementor-section-height-default parallax_section_no qode_elementor_container_no\" data-id=\"05e28c4\" data-element_type=\"section\" data-e-type=\"section\">\n\t\t\t\t\t\t<div class=\"elementor-container elementor-column-gap-default\">\n\t\t\t\t\t<div class=\"elementor-column elementor-col-100 elementor-top-column elementor-element elementor-element-2e3eb93\" data-id=\"2e3eb93\" data-element_type=\"column\" data-e-type=\"column\">\n\t\t\t<div class=\"elementor-widget-wrap elementor-element-populated\">\n\t\t\t\t\t\t<div class=\"elementor-element elementor-element-3f943f8 elementor-button-align-start elementor-widget elementor-widget-form\" data-id=\"3f943f8\" data-element_type=\"widget\" data-e-type=\"widget\" data-settings=\"{&quot;step_next_label&quot;:&quot;Seg\\u00fcent&quot;,&quot;step_previous_label&quot;:&quot;Anterior&quot;,&quot;button_width&quot;:&quot;100&quot;,&quot;step_type&quot;:&quot;number_text&quot;,&quot;step_icon_shape&quot;:&quot;circle&quot;}\" data-widget_type=\"form.default\">\n\t\t\t\t<div class=\"elementor-widget-container\">\n\t\t\t\t\t\t\t<form class=\"elementor-form\" method=\"post\" name=\"Nou formulari\" aria-label=\"Nou formulari\">\n\t\t\t<input type=\"hidden\" name=\"post_id\" value=\"44257\"\/>\n\t\t\t<input type=\"hidden\" name=\"form_id\" value=\"3f943f8\"\/>\n\t\t\t<input type=\"hidden\" name=\"referer_title\" value=\"Treballa amb nosaltres Animal Salut\" \/>\n\n\t\t\t\t\t\t\t<input type=\"hidden\" name=\"queried_id\" value=\"44257\"\/>\n\t\t\t\n\t\t\t<div class=\"elementor-form-fields-wrapper elementor-labels-\">\n\t\t\t\t\t\t\t\t<div class=\"elementor-field-type-text elementor-field-group elementor-column elementor-field-group-name elementor-col-100 elementor-field-required\">\n\t\t\t\t\t\t\t\t\t\t\t\t<label for=\"form-field-name\" class=\"elementor-field-label elementor-screen-only\">\n\t\t\t\t\t\t\t\tNom complet\t\t\t\t\t\t\t<\/label>\n\t\t\t\t\t\t\t\t\t\t\t\t\t\t<input size=\"1\" type=\"text\" name=\"form_fields[name]\" id=\"form-field-name\" class=\"elementor-field elementor-size-sm  elementor-field-textual\" placeholder=\"Nom complet\" required=\"required\">\n\t\t\t\t\t\t\t\t\t\t\t<\/div>\n\t\t\t\t\t\t\t\t<div class=\"elementor-field-type-text elementor-field-group elementor-column elementor-field-group-field_5f5bd09 elementor-col-100 elementor-field-required\">\n\t\t\t\t\t\t\t\t\t\t\t\t<label for=\"form-field-field_5f5bd09\" class=\"elementor-field-label elementor-screen-only\">\n\t\t\t\t\t\t\t\tDNI\t\t\t\t\t\t\t<\/label>\n\t\t\t\t\t\t\t\t\t\t\t\t\t\t<input size=\"1\" type=\"text\" name=\"form_fields[field_5f5bd09]\" id=\"form-field-field_5f5bd09\" class=\"elementor-field elementor-size-sm  elementor-field-textual\" placeholder=\"DNI\" required=\"required\">\n\t\t\t\t\t\t\t\t\t\t\t<\/div>\n\t\t\t\t\t\t\t\t<div class=\"elementor-field-type-date elementor-field-group elementor-column elementor-field-group-email elementor-col-100 elementor-field-required\">\n\t\t\t\t\t\t\t\t\t\t\t\t<label for=\"form-field-email\" class=\"elementor-field-label elementor-screen-only\">\n\t\t\t\t\t\t\t\tData\t\t\t\t\t\t\t<\/label>\n\t\t\t\t\t\t\n\t\t<input type=\"date\" name=\"form_fields[email]\" id=\"form-field-email\" class=\"elementor-field elementor-size-sm  elementor-field-textual elementor-date-field\" placeholder=\"Data\" required=\"required\" pattern=\"[0-9]{4}-[0-9]{2}-[0-9]{2}\">\n\t\t\t\t\t\t<\/div>\n\t\t\t\t\t\t\t\t<div class=\"elementor-field-type-email elementor-field-group elementor-column elementor-field-group-field_8226f2e elementor-col-100 elementor-field-required\">\n\t\t\t\t\t\t\t\t\t\t\t\t<label for=\"form-field-field_8226f2e\" class=\"elementor-field-label elementor-screen-only\">\n\t\t\t\t\t\t\t\tcorreu electr\u00f2nic9\t\t\t\t\t\t\t<\/label>\n\t\t\t\t\t\t\t\t\t\t\t\t\t\t<input size=\"1\" type=\"email\" name=\"form_fields[field_8226f2e]\" id=\"form-field-field_8226f2e\" class=\"elementor-field elementor-size-sm  elementor-field-textual\" placeholder=\"Email\" required=\"required\">\n\t\t\t\t\t\t\t\t\t\t\t<\/div>\n\t\t\t\t\t\t\t\t<div class=\"elementor-field-type-upload elementor-field-group elementor-column elementor-field-group-field_1bc9eee elementor-col-100 elementor-field-required\">\n\t\t\t\t\t\t\t\t\t\t\t\t<label for=\"form-field-field_1bc9eee\" class=\"elementor-field-label elementor-screen-only\">\n\t\t\t\t\t\t\t\tEnvia'ns el teu curr\u00edculum\t\t\t\t\t\t\t<\/label>\n\t\t\t\t\t\t\t\t<input type=\"file\" name=\"form_fields[field_1bc9eee]\" id=\"form-field-field_1bc9eee\" class=\"elementor-field elementor-size-sm  elementor-upload-field\" required=\"required\">\n\n\t\t\t\t\t\t<\/div>\n\t\t\t\t\t\t\t\t<div class=\"elementor-field-type-textarea elementor-field-group elementor-column elementor-field-group-message elementor-col-100\">\n\t\t\t\t\t\t\t\t\t\t\t\t<label for=\"form-field-message\" class=\"elementor-field-label elementor-screen-only\">\n\t\t\t\t\t\t\t\tMissatge\t\t\t\t\t\t\t<\/label>\n\t\t\t\t\t\t<textarea class=\"elementor-field-textual elementor-field  elementor-size-sm\" name=\"form_fields&lt;div class=&#039;q_message &#039; style=&#039;&#039;&gt;&lt;div class=&#039;q_message_inner&#039;&gt;&lt;a href=&#039;#&#039; class=&#039;close&#039; aria-label=&#039;Close message&#039;&gt;&lt;i class=&#039;fa fa-times&#039; style=&#039;&#039;&gt;&lt;\/i&gt;&lt;\/a&gt;&lt;div class=&#039;message_text_holder&#039;&gt;&lt;div class=&#039;message_text&#039;&gt;&lt;div class=&#039;message_text_inner&#039;&gt;&lt;\/div&gt;&lt;\/div&gt;&lt;\/div&gt;&lt;\/div&gt;&lt;\/div&gt;\" id=\"form-field-message\" rows=\"4\" placeholder=\"Missatge (opcional)\"><\/textarea>\t\t\t\t<\/div>\n\t\t\t\t\t\t\t\t<div class=\"elementor-field-type-html elementor-field-group elementor-column elementor-field-group-field_f430a4e elementor-col-100\">\n\t\t\t\t\tD'acord amb el que disposa el Reglament (UE) 2016\/679 de 27 d'abril de 2016 (RGPD), la Llei Org\u00e0nica 3\/2018 de 5 de desembre (LOPDGDD) i la resta de normativa legal vigent en mat\u00e8ria de protecci\u00f3 de dades personals, li informem que les dades personals facilitades seran tractades per Animal Salut, amb domicili a C\/OLESA 67, 08027, Barcelona (Responsable del Tractament).<br><br>\nLes dades facilitades seran tractades amb l'\u00fanica finalitat de fer part\u00edcip l'interessat en els processos de selecci\u00f3 de personal oberts actualment o per a futurs processos en qu\u00e8 el candidat hi pugui encaixar, no podent ser utilitzades per a altres finalitats. <br><br>En cas que es produeixi alguna modificaci\u00f3 en les seves dades, li preguem que ens ho comuniqui per escrit tan aviat com sigui possible, amb l'objecte de mantenir les dades degudament actualitzades. No es comunicaran a tercers, excepte per obligaci\u00f3 legal.\nLes dades es conservaran durant un termini m\u00e0xim de tres mesos, transcorregut el qual es procedir\u00e0 a la supressi\u00f3 d'aquestes garantint-li un total respecte a la confidencialitat tant en el tractament com en la seva posterior destrucci\u00f3.<br><br>\nAix\u00ed mateix, li informem que t\u00e9 dret a sol\u00b7licitar l'acc\u00e9s, rectificaci\u00f3, portabilitat i supressi\u00f3 de les seves dades i la limitaci\u00f3 i oposici\u00f3 al seu tractament adre\u00e7ant-se a C\/OLESA 67, 08027, Barcelona o enviant un correu electr\u00f2nic a info@animalsalut.com, indicant el tipus de dret que vol exercir i acompanyant la seva sol\u00b7licitud d'una c\u00f2pia del seu DNI o document an\u00e0leg en dret. Si considera que el tractament de dades personals no s'ajusta a la normativa vigent, tamb\u00e9 t\u00e9 dret a presentar una reclamaci\u00f3 davant l'Autoritat de control (www.aepd.es).\n\t\t\t\t<\/div>\n\t\t\t\t\t\t\t\t<div class=\"elementor-field-type-acceptance elementor-field-group elementor-column elementor-field-group-field_6ec326b elementor-col-100 elementor-field-required\">\n\t\t\t\t\t\t\t<div class=\"elementor-field-subgroup\">\n\t\t\t<span class=\"elementor-field-option\">\n\t\t\t\t<input type=\"checkbox\" name=\"form_fields[field_6ec326b]\" id=\"form-field-field_6ec326b\" class=\"elementor-field elementor-size-sm  elementor-acceptance-field\" required=\"required\">\n\t\t\t\t<label for=\"form-field-field_6ec326b\">Accepto la  <a href=\"https:\/\/www.animalsalut.com\/politica-de-privacidad\/\">pol\u00edtica de privacitat<\/a><\/label>\t\t\t<\/span>\n\t\t<\/div>\n\t\t\t\t\t\t<\/div>\n\t\t\t\t\t\t\t\t<div class=\"elementor-field-type-recaptcha_v3 elementor-field-group elementor-column elementor-field-group-field_83d9854 elementor-col-100 recaptcha_v3-bottomright\">\n\t\t\t\t\t<div class=\"elementor-field\" id=\"form-field-field_83d9854\"><div class=\"elementor-g-recaptcha\" data-sitekey=\"6LfMfPAZAAAAACTD85hlQHGrI2LJwpm8dCKLMxtp\" data-type=\"v3\" data-action=\"Form\" data-badge=\"bottomright\" data-size=\"invisible\"><\/div><\/div>\t\t\t\t<\/div>\n\t\t\t\t\t\t\t\t<div class=\"elementor-field-type-hidden elementor-field-group elementor-column elementor-field-group-field_be5672d elementor-col-100\">\n\t\t\t\t\t\t\t\t\t\t\t\t\t<input size=\"1\" type=\"hidden\" name=\"form_fields[field_be5672d]\" id=\"form-field-field_be5672d\" class=\"elementor-field elementor-size-sm  elementor-field-textual\">\n\t\t\t\t\t\t\t\t\t\t\t<\/div>\n\t\t\t\t\t\t\t\t<div class=\"elementor-field-type-text\">\n\t\t\t\t\t<input size=\"1\" type=\"text\" name=\"form_fields[field_8190eb7]\" id=\"form-field-field_8190eb7\" class=\"elementor-field elementor-size-sm \" style=\"display:none !important;\">\t\t\t\t<\/div>\n\t\t\t\t\t\t\t\t<div class=\"elementor-field-group elementor-column elementor-field-type-submit elementor-col-100 e-form__buttons\">\n\t\t\t\t\t<button class=\"elementor-button elementor-size-sm\" type=\"submit\">\n\t\t\t\t\t\t<span class=\"elementor-button-content-wrapper\">\n\t\t\t\t\t\t\t\t\t\t\t\t\t\t\t\t\t\t\t\t\t\t<span class=\"elementor-button-text\">Enviar curr\u00edculum<\/span>\n\t\t\t\t\t\t\t\t\t\t\t\t\t<\/span>\n\t\t\t\t\t<\/button>\n\t\t\t\t<\/div>\n\t\t\t<\/div>\n\t\t<\/form>\n\t\t\t\t\t\t<\/div>\n\t\t\t\t<\/div>\n\t\t\t\t\t<\/div>\n\t\t<\/div>\n\t\t\t\t\t<\/div>\n\t\t<\/section>\n\t\t\t\t<section class=\"elementor-section elementor-top-section elementor-element elementor-element-e9f5b9e elementor-section-boxed elementor-section-height-default elementor-section-height-default parallax_section_no qode_elementor_container_no\" data-id=\"e9f5b9e\" data-element_type=\"section\" data-e-type=\"section\">\n\t\t\t\t\t\t<div class=\"elementor-container elementor-column-gap-default\">\n\t\t\t\t\t<div class=\"elementor-column elementor-col-100 elementor-top-column elementor-element elementor-element-33ed572\" data-id=\"33ed572\" data-element_type=\"column\" data-e-type=\"column\">\n\t\t\t<div class=\"elementor-widget-wrap elementor-element-populated\">\n\t\t\t\t\t\t<div class=\"elementor-element elementor-element-c32e2a3 elementor-widget elementor-widget-spacer\" data-id=\"c32e2a3\" data-element_type=\"widget\" data-e-type=\"widget\" data-widget_type=\"spacer.default\">\n\t\t\t\t<div class=\"elementor-widget-container\">\n\t\t\t\t\t\t\t<div class=\"elementor-spacer\">\n\t\t\t<div class=\"elementor-spacer-inner\"><\/div>\n\t\t<\/div>\n\t\t\t\t\t\t<\/div>\n\t\t\t\t<\/div>\n\t\t\t\t\t<\/div>\n\t\t<\/div>\n\t\t\t\t\t<\/div>\n\t\t<\/section>\n\t\t\t\t<\/div>\n\t\t","protected":false},"excerpt":{"rendered":"","protected":false},"author":338,"featured_media":0,"parent":0,"menu_order":0,"comment_status":"closed","ping_status":"closed","template":"","meta":{"footnotes":""},"class_list":["post-44257","page","type-page","status-publish","hentry"],"yoast_head":"<!-- This site is optimized with the Yoast SEO plugin v27.3 - https:\/\/yoast.com\/product\/yoast-seo-wordpress\/ -->\n<title>Treballa amb nosaltres Animal Salut<\/title>\n<meta name=\"description\" content=\"Esta es la p\u00e1gina de Treballa amb nosaltres de Animal Salut donde podr\u00e1 encontrar toda la informaci\u00f3n sobre Treballa amb nosaltres\" \/>\n<meta name=\"robots\" content=\"index, follow, max-snippet:-1, max-image-preview:large, max-video-preview:-1\" \/>\n<link rel=\"canonical\" href=\"https:\/\/www.animalsalut.com\/ca\/treballa-amb-nosaltres\/\" \/>\n<meta property=\"og:locale\" content=\"ca_ES\" \/>\n<meta property=\"og:type\" content=\"article\" \/>\n<meta property=\"og:title\" content=\"Treballa amb nosaltres Animal Salut\" \/>\n<meta property=\"og:description\" content=\"Esta es la p\u00e1gina de Treballa amb nosaltres de Animal Salut donde podr\u00e1 encontrar toda la informaci\u00f3n sobre Treballa amb nosaltres\" \/>\n<meta property=\"og:url\" content=\"https:\/\/www.animalsalut.com\/ca\/treballa-amb-nosaltres\/\" \/>\n<meta property=\"og:site_name\" content=\"Animal Salut\" \/>\n<meta property=\"article:publisher\" content=\"https:\/\/www.facebook.com\/animalsalut\" \/>\n<meta name=\"twitter:card\" content=\"summary_large_image\" \/>\n<meta name=\"twitter:site\" content=\"@animalsalut\" \/>\n<script type=\"application\/ld+json\" class=\"yoast-schema-graph\">{\"@context\":\"https:\\\/\\\/schema.org\",\"@graph\":[{\"@type\":\"WebPage\",\"@id\":\"https:\\\/\\\/www.animalsalut.com\\\/ca\\\/treballa-amb-nosaltres\\\/\",\"url\":\"https:\\\/\\\/www.animalsalut.com\\\/ca\\\/treballa-amb-nosaltres\\\/\",\"name\":\"Treballa amb nosaltres Animal Salut\",\"isPartOf\":{\"@id\":\"https:\\\/\\\/www.animalsalut.com\\\/ca\\\/?lang=ca\\\/#website\"},\"datePublished\":\"2021-10-08T07:35:55+00:00\",\"description\":\"Esta es la p\u00e1gina de Treballa amb nosaltres de Animal Salut donde podr\u00e1 encontrar toda la informaci\u00f3n sobre Treballa amb nosaltres\",\"breadcrumb\":{\"@id\":\"https:\\\/\\\/www.animalsalut.com\\\/ca\\\/treballa-amb-nosaltres\\\/#breadcrumb\"},\"inLanguage\":\"ca\",\"potentialAction\":[{\"@type\":\"ReadAction\",\"target\":[\"https:\\\/\\\/www.animalsalut.com\\\/ca\\\/treballa-amb-nosaltres\\\/\"]}]},{\"@type\":\"BreadcrumbList\",\"@id\":\"https:\\\/\\\/www.animalsalut.com\\\/ca\\\/treballa-amb-nosaltres\\\/#breadcrumb\",\"itemListElement\":[{\"@type\":\"ListItem\",\"position\":1,\"name\":\"Portada\",\"item\":\"https:\\\/\\\/www.animalsalut.com\\\/ca\\\/animal-salut\\\/\"},{\"@type\":\"ListItem\",\"position\":2,\"name\":\"Treballa amb nosaltres\"}]},{\"@type\":\"WebSite\",\"@id\":\"https:\\\/\\\/www.animalsalut.com\\\/ca\\\/?lang=ca\\\/#website\",\"url\":\"https:\\\/\\\/www.animalsalut.com\\\/ca\\\/?lang=ca\\\/\",\"name\":\"Animal Salut\",\"description\":\"Veterinari a domicili a Barcelona\",\"publisher\":{\"@id\":\"https:\\\/\\\/www.animalsalut.com\\\/ca\\\/?lang=ca\\\/#organization\"},\"alternateName\":\"Veterinari a domicili\",\"potentialAction\":[{\"@type\":\"SearchAction\",\"target\":{\"@type\":\"EntryPoint\",\"urlTemplate\":\"https:\\\/\\\/www.animalsalut.com\\\/ca\\\/?lang=ca\\\/?s={search_term_string}\"},\"query-input\":{\"@type\":\"PropertyValueSpecification\",\"valueRequired\":true,\"valueName\":\"search_term_string\"}}],\"inLanguage\":\"ca\"},{\"@type\":\"Organization\",\"@id\":\"https:\\\/\\\/www.animalsalut.com\\\/ca\\\/?lang=ca\\\/#organization\",\"name\":\"Animal Salut\",\"alternateName\":\"Animal Salut - Veterinario a domicilio\",\"url\":\"https:\\\/\\\/www.animalsalut.com\\\/ca\\\/?lang=ca\\\/\",\"logo\":{\"@type\":\"ImageObject\",\"inLanguage\":\"ca\",\"@id\":\"https:\\\/\\\/www.animalsalut.com\\\/ca\\\/?lang=ca\\\/#\\\/schema\\\/logo\\\/image\\\/\",\"url\":\"https:\\\/\\\/www.animalsalut.com\\\/wp-content\\\/uploads\\\/2018\\\/10\\\/cropped-logo_animal_salut-1.png\",\"contentUrl\":\"https:\\\/\\\/www.animalsalut.com\\\/wp-content\\\/uploads\\\/2018\\\/10\\\/cropped-logo_animal_salut-1.png\",\"width\":512,\"height\":512,\"caption\":\"Animal Salut\"},\"image\":{\"@id\":\"https:\\\/\\\/www.animalsalut.com\\\/ca\\\/?lang=ca\\\/#\\\/schema\\\/logo\\\/image\\\/\"},\"sameAs\":[\"https:\\\/\\\/www.facebook.com\\\/animalsalut\",\"https:\\\/\\\/x.com\\\/animalsalut\",\"https:\\\/\\\/www.instagram.com\\\/animalsalut\",\"https:\\\/\\\/www.threads.net\\\/@animalsalut\"]}]}<\/script>\n<!-- \/ Yoast SEO plugin. -->","yoast_head_json":{"title":"Treballa amb nosaltres Animal Salut","description":"Esta es la p\u00e1gina de Treballa amb nosaltres de Animal Salut donde podr\u00e1 encontrar toda la informaci\u00f3n sobre Treballa amb nosaltres","robots":{"index":"index","follow":"follow","max-snippet":"max-snippet:-1","max-image-preview":"max-image-preview:large","max-video-preview":"max-video-preview:-1"},"canonical":"https:\/\/www.animalsalut.com\/ca\/treballa-amb-nosaltres\/","og_locale":"ca_ES","og_type":"article","og_title":"Treballa amb nosaltres Animal Salut","og_description":"Esta es la p\u00e1gina de Treballa amb nosaltres de Animal Salut donde podr\u00e1 encontrar toda la informaci\u00f3n sobre Treballa amb nosaltres","og_url":"https:\/\/www.animalsalut.com\/ca\/treballa-amb-nosaltres\/","og_site_name":"Animal Salut","article_publisher":"https:\/\/www.facebook.com\/animalsalut","twitter_card":"summary_large_image","twitter_site":"@animalsalut","schema":{"@context":"https:\/\/schema.org","@graph":[{"@type":"WebPage","@id":"https:\/\/www.animalsalut.com\/ca\/treballa-amb-nosaltres\/","url":"https:\/\/www.animalsalut.com\/ca\/treballa-amb-nosaltres\/","name":"Treballa amb nosaltres Animal Salut","isPartOf":{"@id":"https:\/\/www.animalsalut.com\/ca\/?lang=ca\/#website"},"datePublished":"2021-10-08T07:35:55+00:00","description":"Esta es la p\u00e1gina de Treballa amb nosaltres de Animal Salut donde podr\u00e1 encontrar toda la informaci\u00f3n sobre Treballa amb nosaltres","breadcrumb":{"@id":"https:\/\/www.animalsalut.com\/ca\/treballa-amb-nosaltres\/#breadcrumb"},"inLanguage":"ca","potentialAction":[{"@type":"ReadAction","target":["https:\/\/www.animalsalut.com\/ca\/treballa-amb-nosaltres\/"]}]},{"@type":"BreadcrumbList","@id":"https:\/\/www.animalsalut.com\/ca\/treballa-amb-nosaltres\/#breadcrumb","itemListElement":[{"@type":"ListItem","position":1,"name":"Portada","item":"https:\/\/www.animalsalut.com\/ca\/animal-salut\/"},{"@type":"ListItem","position":2,"name":"Treballa amb nosaltres"}]},{"@type":"WebSite","@id":"https:\/\/www.animalsalut.com\/ca\/?lang=ca\/#website","url":"https:\/\/www.animalsalut.com\/ca\/?lang=ca\/","name":"Animal Salut","description":"Veterinari a domicili a Barcelona","publisher":{"@id":"https:\/\/www.animalsalut.com\/ca\/?lang=ca\/#organization"},"alternateName":"Veterinari a domicili","potentialAction":[{"@type":"SearchAction","target":{"@type":"EntryPoint","urlTemplate":"https:\/\/www.animalsalut.com\/ca\/?lang=ca\/?s={search_term_string}"},"query-input":{"@type":"PropertyValueSpecification","valueRequired":true,"valueName":"search_term_string"}}],"inLanguage":"ca"},{"@type":"Organization","@id":"https:\/\/www.animalsalut.com\/ca\/?lang=ca\/#organization","name":"Animal Salut","alternateName":"Animal Salut - Veterinario a domicilio","url":"https:\/\/www.animalsalut.com\/ca\/?lang=ca\/","logo":{"@type":"ImageObject","inLanguage":"ca","@id":"https:\/\/www.animalsalut.com\/ca\/?lang=ca\/#\/schema\/logo\/image\/","url":"https:\/\/www.animalsalut.com\/wp-content\/uploads\/2018\/10\/cropped-logo_animal_salut-1.png","contentUrl":"https:\/\/www.animalsalut.com\/wp-content\/uploads\/2018\/10\/cropped-logo_animal_salut-1.png","width":512,"height":512,"caption":"Animal Salut"},"image":{"@id":"https:\/\/www.animalsalut.com\/ca\/?lang=ca\/#\/schema\/logo\/image\/"},"sameAs":["https:\/\/www.facebook.com\/animalsalut","https:\/\/x.com\/animalsalut","https:\/\/www.instagram.com\/animalsalut","https:\/\/www.threads.net\/@animalsalut"]}]}},"_links":{"self":[{"href":"https:\/\/www.animalsalut.com\/ca\/wp-json\/wp\/v2\/pages\/44257","targetHints":{"allow":["GET"]}}],"collection":[{"href":"https:\/\/www.animalsalut.com\/ca\/wp-json\/wp\/v2\/pages"}],"about":[{"href":"https:\/\/www.animalsalut.com\/ca\/wp-json\/wp\/v2\/types\/page"}],"author":[{"embeddable":true,"href":"https:\/\/www.animalsalut.com\/ca\/wp-json\/wp\/v2\/users\/338"}],"replies":[{"embeddable":true,"href":"https:\/\/www.animalsalut.com\/ca\/wp-json\/wp\/v2\/comments?post=44257"}],"version-history":[{"count":0,"href":"https:\/\/www.animalsalut.com\/ca\/wp-json\/wp\/v2\/pages\/44257\/revisions"}],"wp:attachment":[{"href":"https:\/\/www.animalsalut.com\/ca\/wp-json\/wp\/v2\/media?parent=44257"}],"curies":[{"name":"wp","href":"https:\/\/api.w.org\/{rel}","templated":true}]}}