{"id":20690,"date":"2018-12-14T20:42:46","date_gmt":"2018-12-14T19:42:46","guid":{"rendered":"https:\/\/staging2.animalsalut.com\/politica-de-cookies\/"},"modified":"2025-09-24T08:25:01","modified_gmt":"2025-09-24T06:25:01","slug":"cookies-policy","status":"publish","type":"page","link":"https:\/\/www.animalsalut.com\/en\/cookies-policy\/","title":{"rendered":"Cookies policy"},"content":{"rendered":"<div class=\"wpb-content-wrapper\"><p>[vc_row css_animation=&#8221;&#8221; row_type=&#8221;row&#8221; use_row_as_full_screen_section=&#8221;no&#8221; type=&#8221;full_width&#8221; angled_section=&#8221;no&#8221; text_align=&#8221;left&#8221; background_image_as_pattern=&#8221;without_pattern&#8221;][vc_column][vc_empty_space height=&#8221;4em&#8221;][vc_column_text css=&#8221;&#8221;]<span style=\"font-size: 18pt;\"><strong>COOKIES POLICY<\/strong><\/span><\/p>\n<p>&nbsp;<\/p>\n<p><strong><span style=\"font-size: 14pt;\">BACKGROUND<\/span><\/strong><\/p>\n<p><span style=\"font-size: 14pt;\">In accordance with Spanish regulations governing the use of cookies in relation to the provision of electronic communications services, set out in Royal Decree Law 13\/2012 of March 30, we inform you about the cookies used on the <strong>ANIMAL SALUT<\/strong> and the reason for its use. Likewise, it informs you that by browsing the Website you are giving your consent to use them.<\/span><\/p>\n<p>&nbsp;<\/p>\n<p><strong><span style=\"font-size: 14pt;\">WHAT ARE COOKIES?<\/span><\/strong><\/p>\n<p><span style=\"font-size: 14pt;\">A cookie is a file that is downloaded to your computer when you access certain web pages. Cookies allow a web page, among other things, to store and retrieve information about the browsing habits of a user or their equipment and, depending on the information they contain and the way they use their equipment, they can be used to recognize to user. Cookies are only associated with an anonymous user and their computer or device and do not provide references that allow knowing their personal data.<\/span><\/p>\n<p>&nbsp;<\/p>\n<p><strong><span style=\"font-size: 14pt;\">COOKIES AFFECTED BY THE REGULATIONS AND COOKIES EXEMPT<\/span><\/strong><\/p>\n<p><span style=\"font-size: 14pt;\">According to the EU directive, cookies that require informed consent by the user are analytical cookies and advertising and affiliation cookies, except those of a technical nature and those necessary for the operation of the website or the provision of services. expressly demanded by the user.<\/span><\/p>\n<p>&nbsp;<\/p>\n<p><strong><span style=\"font-size: 14pt;\">TYPES OF COOKIES<\/span><\/strong><\/p>\n<p><span style=\"font-size: 14pt;\">a) According to the <strong>entity<\/strong> that manages them, there are <strong>own Cookies<\/strong> (those that are sent to the user&#8217;s terminal equipment from a computer or domain managed by the publisher itself and from which the service requested by the user is provided) and from <strong>third parties<\/strong> (the that are sent to the user&#8217;s terminal equipment from a computer or domain that is not managed by the publisher, but by another entity that processes the data obtained through the cookies).<\/span><\/p>\n<p><span style=\"font-size: 14pt;\">b) Depending on the <strong>time<\/strong> they remain active, there are the <strong>session<\/strong> ones (designed to collect and store data while the user accesses a web page) and the <strong>persistent<\/strong> ones (in which the data is stored in the terminal and can be accessed and processed during a period defined by the person in charge of the cookie &#8211; it can go from a few minutes to several years-).<\/span><\/p>\n<p><span style=\"font-size: 14pt;\">c) Depending on the <strong>purpose<\/strong> for which they treat the information they collect, they can be:<\/span><\/p>\n<p><span style=\"font-size: 14pt;\">&#8211;<strong> Technical cookies<\/strong> (necessary for the use of the website and the provision of the contracted service),<\/span><\/p>\n<p><span style=\"font-size: 14pt;\">&#8211; <strong>Personalization cookies<\/strong> (that allow the user to access the service with predefined features, such as language, browser type, regional configuration, etc.)<\/span><\/p>\n<p><span style=\"font-size: 14pt;\">&#8211;<strong> Analysis cookies<\/strong> (information collected on the use made of the website),<\/span><\/p>\n<p><span style=\"font-size: 14pt;\">&#8211; <strong>Advertising cookies<\/strong> (they collect information about preferences and personal choices of users),<\/span><\/p>\n<p><span style=\"font-size: 14pt;\">&#8211; <strong>Affiliate cookies<\/strong> (allow you to track visits from other websites, with which the website establishes an affiliation contract).<\/span><\/p>\n<p>&nbsp;<\/p>\n<p><strong><span style=\"font-size: 14pt;\">TYPES OF COOKIES USED BY THIS WEBSITE<\/span><\/strong><\/p>\n<p><span style=\"font-size: 14pt;\">The cookies used on our website are session and third-party cookies, and allow us to store and access information related to the language, the type of browser used, and other general characteristics predefined by the user, as well as to track and analyze the activity carried out to improve and provide our services in a more efficient and personalized way. The cookies used have, in any case, a temporary nature, with the sole purpose of making browsing more efficient. In no case these cookies provide by themselves personal data and are not used for the collection of them.<\/span><\/p>\n<p>&nbsp;<\/p>\n<p><span style=\"font-size: 14pt;\">The use of cookies offers advantages, such as:<\/span><\/p>\n<p><span style=\"font-size: 14pt;\">&#8211; facilitates the user navigation and access to the different services offered by this website;<\/span><\/p>\n<p><span style=\"font-size: 14pt;\">&#8211; avoids the user having to configure the predefined general characteristics each time he accesses the website; Y<\/span><\/p>\n<p><span style=\"font-size: 14pt;\">&#8211; favors the improvement of the functioning and of the services provided through this website, after the corresponding analysis of the information obtained through the installed cookies.<\/span><\/p>\n<p>&nbsp;<\/p>\n<p><span style=\"font-size: 14pt;\">When accessing our website you are informed that if you continue browsing, you will be installed several third-party cookies, thus allowing the installation of certain cookies that will have the sole purpose of registering access to our website for the realization of anonymous statistics about visits, always collecting information anonymously. It is not necessary to accept the installation of these cookies, you can also browse through our website.<\/span><\/p>\n<p>&nbsp;<\/p>\n<p><span style=\"font-size: 14pt;\">OWN <strong>COOKIES<\/strong>: Those created or managed by the person in charge of the website <strong>animalsalut.com<\/strong>. The website <strong>-animalsalut.com<\/strong>, uses its own persistent cookies with the following purposes:<\/span><\/p>\n<p>&nbsp;<\/p>\n<p><strong><span style=\"font-size: 14pt;\">Technical cookies:<\/span><\/strong><\/p>\n<p><span style=\"font-size: 14pt;\">Are those that allow the user to navigate through a web page, platform or application and the use of different options or services that exist in it, for example, control traffic and data communication, identify the session, access to restricted access parts, and use security elements during navigation.<\/span><\/p>\n<p>&nbsp;<\/p>\n<p><strong><span style=\"font-size: 14pt;\">Personalization cookies:<\/span><\/strong><\/p>\n<p><span style=\"font-size: 14pt;\">These cookies allow the user to specify or customize some characteristics of the general options of the web page. For example, define the language, wallpaper, sections marked as favorites, the type of browser through which the service is accessed, etc.<\/span><\/p>\n<p>&nbsp;<\/p>\n<p><strong><span style=\"font-size: 14pt;\">Analysis cookies:<\/span><\/strong><\/p>\n<p><span style=\"font-size: 14pt;\">Are those that allow the monitoring and analysis of the behavior of web users, for the preparation of navigation profiles, in order to introduce improvements based on the analysis of usage data on the offer of products and \/ or services.<\/span><\/p>\n<p>&nbsp;<\/p>\n<p><span style=\"font-size: 14pt;\"><strong>THIRD PARTY<\/strong> COOKIES: Those administered by technical service providers, analysis, social networks, personalization, advertising and behavioral advertising outside of <strong>animalsalut.com<\/strong><strong>.<\/strong><\/span><\/p>\n<p><span style=\"font-size: 14pt;\">Below are detailed third parties who can configure and access Cookies (not exempt from information and consent) of their equipment and the purposes with which the information stored is used:<\/span><\/p>\n<p>&nbsp;<\/p>\n<p><span style=\"font-size: 14pt;\"><strong>Techniques<\/strong>: Are those that allow the user to navigate through a web page, platform or application and the use of different options or services that exist in it, for example, store content for the dissemination of videos or sound or share content Through social networks.<\/span><\/p>\n<p><span style=\"font-size: 14pt;\"><strong>&#8211; Twitter<\/strong><\/span><\/p>\n<p><span style=\"font-size: 14pt;\"><strong>&#8211; Google<\/strong><\/span><\/p>\n<p><span style=\"font-size: 14pt;\"><strong>&#8211; Linkedin<\/strong><\/span><\/p>\n<p><span style=\"font-size: 14pt;\"><strong>&#8211; Facebook<\/strong><\/span><\/p>\n<p>&nbsp;<\/p>\n<p><span style=\"font-size: 14pt;\"><strong>Personalization<\/strong>: allow the user to specify or customize some characteristics of the general options of the web page. Specifically the preferred language by the user, the number of search results that you want to be shown per page, whether you want the Google SafeSearch filter activated, the type of browser through which you access or the volume options in the videos preferred by the user<\/span><\/p>\n<p><span style=\"font-size: 14pt;\"><strong>&#8211; Facebook<\/strong><\/span><\/p>\n<p><span style=\"font-size: 14pt;\"><strong>&#8211; Google<\/strong><\/span><\/p>\n<p><span style=\"font-size: 14pt;\"><strong>&#8211; Twitter<\/strong><\/span><\/p>\n<p><span style=\"font-size: 14pt;\"><strong>&#8211; Adobe Target<\/strong><\/span><\/p>\n<p>&nbsp;<\/p>\n<p><span style=\"font-size: 14pt;\"><strong>Analysis<\/strong>: Are those that allow the monitoring and analysis of the behavior of web users, for the preparation of navigation profiles, in order to introduce improvements based on the analysis of the usage data on the product offer and \/ or services<\/span><\/p>\n<p><span style=\"font-size: 14pt;\"><strong>&#8211; Adobe Analytics<\/strong><\/span><\/p>\n<p><span style=\"font-size: 14pt;\"><strong>&#8211; Twitter<\/strong><\/span><\/p>\n<p><span style=\"font-size: 14pt;\"><strong>&#8211; Tealium<\/strong><\/span><\/p>\n<p>&nbsp;<\/p>\n<p><span style=\"font-size: 14pt;\"><strong>Publicity<\/strong>: They allow the management of the advertising spaces included in the website, application or platform from which the requested service is provided based on criteria such as the edited content or the frequency in which the advertisements are displayed.<\/span><\/p>\n<p><span style=\"font-size: 14pt;\"><strong>&#8211; Facebook<\/strong><\/span><\/p>\n<p><span style=\"font-size: 14pt;\"><strong>&#8211; Doubleclick<\/strong><\/span><\/p>\n<p>&nbsp;<\/p>\n<p><span style=\"font-size: 14pt;\"><strong>Behavioral advertising:<\/strong> These cookies store information on the behavior of users obtained through the continuous observation of their browsing habits, which allows developing a specific profile to display advertising based on it.<\/span><\/p>\n<p><span style=\"font-size: 14pt;\"><strong>&#8211; Google<\/strong><\/span><\/p>\n<p><span style=\"font-size: 14pt;\"><strong>&#8211; DoubleClick<\/strong><\/span><\/p>\n<p><span style=\"font-size: 14pt;\"><strong>&#8211; Criteo<\/strong><\/span><\/p>\n<p><span style=\"font-size: 14pt;\"><strong>&#8211; Digilant<\/strong><\/span><\/p>\n<p>&nbsp;<\/p>\n<p><span style=\"font-size: 14pt;\">The user can revoke their consent to the use of cookies in their browser through the options of the manufacturer of the browser they are using, or by installing a rejection system (&#8220;opt-out&#8221;) through the links of some third parties who install cookies on this web page:<\/span><\/p>\n<p><span style=\"font-size: 14pt;\"><strong>&#8211; Adobe Analytics<\/strong><\/span><\/p>\n<p><span style=\"font-size: 14pt;\"><strong>&#8211; Google<\/strong><\/span><\/p>\n<p><span style=\"font-size: 14pt;\"><strong>&#8211; Google (behavioral advertising)<\/strong><\/span><\/p>\n<p><span style=\"font-size: 14pt;\"><strong>&#8211; Doubleclick<\/strong><\/span><\/p>\n<p>&nbsp;<\/p>\n<p><strong><span style=\"font-size: 14pt;\">REVOCATION<\/span><\/strong><\/p>\n<p><span style=\"font-size: 14pt;\">At all times you can access the configuration of your browser by accepting or rejecting all cookies, or select those whose installation supports and which not, following one of the following procedures, which depends on the browser you use:<\/span><\/p>\n<p>&nbsp;<\/p>\n<p><span style=\"font-size: 14pt;\"><strong>Google Chrome<\/strong> (in the Tools Menu):<\/span><\/p>\n<p><span style=\"font-size: 14pt;\">Settings&gt; Show advanced options&gt; Privacy (Content settings)&gt; Cookies<\/span><\/p>\n<p>&nbsp;<\/p>\n<p><span style=\"font-size: 14pt;\"><strong>Microsoft Internet Explorer<\/strong> (in the Tools Menu):<\/span><\/p>\n<p><span style=\"font-size: 14pt;\">Internet Options&gt; Privacy&gt; Advanced<\/span><\/p>\n<p><span style=\"font-size: 14pt;\"><strong>Microsoft Edge<\/strong><\/span><\/p>\n<p>&nbsp;<\/p>\n<p><span style=\"font-size: 14pt;\"><strong>Mozilla Firefox:<\/strong><\/span><\/p>\n<p><span style=\"font-size: 14pt;\">Options&gt; Privacy&gt; Cookies<\/span><\/p>\n<p>&nbsp;<\/p>\n<p><span style=\"font-size: 14pt;\"><strong>Safari, iPad y iPhone:<\/strong><\/span><\/p>\n<p><span style=\"font-size: 14pt;\">Preferences&gt; Privacy<\/span><\/p>\n<p>&nbsp;<\/p>\n<p><span style=\"font-size: 14pt;\"><strong>Opera:<\/strong><\/span><\/p>\n<p><span style=\"font-size: 14pt;\">Settings&gt; Options&gt; Advanced&gt; Cookies<\/span><\/p>\n<p>&nbsp;<\/p>\n<p><span style=\"font-size: 14pt;\">These browsers are subject to updates or modifications, so we can not guarantee that they comply fully with the version of your browser. It may also be that you use another browser not included in these links such as Konqueror, Arora, Flock, etc. To avoid these mismatches, you can access directly from the options of your browser, usually in the &#8220;Options&#8221; menu in the &#8220;Privacy&#8221; section. (Please see the help of your browser for more information).<\/span><\/p>\n<p>&nbsp;<\/p>\n<p><strong><span style=\"font-size: 14pt;\">DEACTIVATION \/ ACTIVATION AND ELIMINATION OF COOKIES<\/span><\/strong><\/p>\n<p><span style=\"font-size: 14pt;\">To restrict or block cookies, it is done through the browser settings.<\/span><\/p>\n<p><span style=\"font-size: 14pt;\">If you do not want websites to put any cookies on your computer, you can adapt your browser settings so that you are notified before any cookies are placed. Similarly, you can adapt the configuration so that the browser rejects all cookies, or only third-party cookies. You can also delete any of the cookies that are already on the computer. Keep in mind that you will have to adapt the configuration of each browser and equipment you use separately.<\/span><\/p>\n<p><span style=\"font-size: 14pt;\">Please note that if you do not wish to receive cookies, we can no longer guarantee that our website works properly. Some site features may be lost and you may no longer be able to see certain websites. Also, rejecting cookies does not mean that you are not going to see advertisements. Simply the ads will not conform to your interests and will be repeated more frequently.<\/span><\/p>\n<p><span style=\"font-size: 14pt;\">Each browser has a different method to adapt the configuration. If necessary, consult the browser&#8217;s help function to establish the correct settings.<\/span><\/p>\n<p><span style=\"font-size: 14pt;\">To disable cookies on your mobile phone, check the device manual for more information.<\/span><\/p>\n<p><span style=\"font-size: 14pt;\">You can get more information about cookies on the Internet, https:\/\/www.aboutcookies.org\/.<\/span><\/p>\n<p><span style=\"font-size: 14pt;\">Taking into account the way in which the Internet and websites work, we do not always have information on the cookies placed by third parties through our website. This applies especially to cases in which our website contains what are called integrated elements: texts, documents, images or short films that are stored elsewhere, but are displayed on our website or through it.<\/span><\/p>\n<p><span style=\"font-size: 14pt;\">Therefore, if you encounter this type of cookies on this website and are not listed in the above list, please inform us. Or contact the third party directly to request information about the cookies you place, the purpose and duration of the cookie, and how your privacy has been guaranteed.<\/span><\/p>\n<p>&nbsp;<\/p>\n<p><strong><span style=\"font-size: 14pt;\">UPDATES AND CHANGES IN THE COOKIES POLICY.<\/span><\/strong><\/p>\n<p><span style=\"font-size: 14pt;\"><strong>animalsalut.com<\/strong>\u00a0can modify this Cookies Policy based on new legislative or regulatory requirements, or with the purpose of adapting this policy to the instructions issued by the Spanish Agency for Data Protection.<\/span><\/p>\n<p><span style=\"font-size: 14pt;\">When significant changes are made to this Cookies Policy, the user will be informed through an informative notice on the website.<\/span>[\/vc_column_text][vc_empty_space height=&#8221;5em&#8221;][\/vc_column][\/vc_row]<\/p>\n<\/div>","protected":false},"excerpt":{"rendered":"<p>[vc_row css_animation=&#8221;&#8221; row_type=&#8221;row&#8221; use_row_as_full_screen_section=&#8221;no&#8221; type=&#8221;full_width&#8221; angled_section=&#8221;no&#8221; text_align=&#8221;left&#8221; background_image_as_pattern=&#8221;without_pattern&#8221;][vc_column][vc_empty_space height=&#8221;4em&#8221;][vc_column_text css=&#8221;&#8221;]COOKIES POLICY &nbsp; BACKGROUND In accordance with Spanish regulations governing the use of cookies in relation to the provision of electronic communications services, set out in Royal Decree Law 13\/2012 of March 30, we inform you&#8230;<\/p>\n","protected":false},"author":2,"featured_media":0,"parent":0,"menu_order":0,"comment_status":"closed","ping_status":"closed","template":"","meta":{"footnotes":""},"class_list":["post-20690","page","type-page","status-publish","hentry"],"yoast_head":"<!-- This site is optimized with the Yoast SEO plugin v27.5 - https:\/\/yoast.com\/product\/yoast-seo-wordpress\/ -->\n<title>Cookies policy Animal Salut<\/title>\n<meta name=\"description\" content=\"Esta es la p\u00e1gina de Cookies policy de Animal Salut donde podr\u00e1 encontrar toda la informaci\u00f3n sobre Cookies policy\" \/>\n<meta name=\"robots\" content=\"noindex, nofollow\" \/>\n<meta property=\"og:locale\" content=\"en_US\" \/>\n<meta property=\"og:type\" content=\"article\" \/>\n<meta property=\"og:title\" content=\"Cookies policy Animal Salut\" \/>\n<meta property=\"og:description\" content=\"Esta es la p\u00e1gina de Cookies policy de Animal Salut donde podr\u00e1 encontrar toda la informaci\u00f3n sobre Cookies policy\" \/>\n<meta property=\"og:url\" content=\"https:\/\/www.animalsalut.com\/en\/cookies-policy\/\" \/>\n<meta property=\"og:site_name\" content=\"Animal Salut\" \/>\n<meta property=\"article:publisher\" content=\"https:\/\/www.facebook.com\/animalsalut\" \/>\n<meta property=\"article:modified_time\" content=\"2025-09-24T06:25:01+00:00\" \/>\n<meta name=\"twitter:card\" content=\"summary_large_image\" \/>\n<meta name=\"twitter:site\" content=\"@animalsalut\" \/>\n<meta name=\"twitter:label1\" content=\"Est. reading time\" \/>\n\t<meta name=\"twitter:data1\" content=\"9 minutes\" \/>\n<script type=\"application\/ld+json\" class=\"yoast-schema-graph\">{\"@context\":\"https:\\\/\\\/schema.org\",\"@graph\":[{\"@type\":\"WebPage\",\"@id\":\"https:\\\/\\\/www.animalsalut.com\\\/en\\\/cookies-policy\\\/\",\"url\":\"https:\\\/\\\/www.animalsalut.com\\\/en\\\/cookies-policy\\\/\",\"name\":\"Cookies policy Animal Salut\",\"isPartOf\":{\"@id\":\"https:\\\/\\\/www.animalsalut.com\\\/en\\\/?lang=ca\\\/#website\"},\"datePublished\":\"2018-12-14T19:42:46+00:00\",\"dateModified\":\"2025-09-24T06:25:01+00:00\",\"description\":\"Esta es la p\u00e1gina de Cookies policy de Animal Salut donde podr\u00e1 encontrar toda la informaci\u00f3n sobre Cookies policy\",\"breadcrumb\":{\"@id\":\"https:\\\/\\\/www.animalsalut.com\\\/en\\\/cookies-policy\\\/#breadcrumb\"},\"inLanguage\":\"en-US\",\"potentialAction\":[{\"@type\":\"ReadAction\",\"target\":[\"https:\\\/\\\/www.animalsalut.com\\\/en\\\/cookies-policy\\\/\"]}]},{\"@type\":\"BreadcrumbList\",\"@id\":\"https:\\\/\\\/www.animalsalut.com\\\/en\\\/cookies-policy\\\/#breadcrumb\",\"itemListElement\":[{\"@type\":\"ListItem\",\"position\":1,\"name\":\"Portada\",\"item\":\"https:\\\/\\\/www.animalsalut.com\\\/en\\\/\"},{\"@type\":\"ListItem\",\"position\":2,\"name\":\"Cookies policy\"}]},{\"@type\":\"WebSite\",\"@id\":\"https:\\\/\\\/www.animalsalut.com\\\/en\\\/?lang=ca\\\/#website\",\"url\":\"https:\\\/\\\/www.animalsalut.com\\\/en\\\/?lang=ca\\\/\",\"name\":\"Animal Salut\",\"description\":\"Veterinary at home in Barcelona\",\"publisher\":{\"@id\":\"https:\\\/\\\/www.animalsalut.com\\\/en\\\/?lang=ca\\\/#organization\"},\"alternateName\":\"Veterinari a domicili\",\"potentialAction\":[{\"@type\":\"SearchAction\",\"target\":{\"@type\":\"EntryPoint\",\"urlTemplate\":\"https:\\\/\\\/www.animalsalut.com\\\/en\\\/?lang=ca\\\/?s={search_term_string}\"},\"query-input\":{\"@type\":\"PropertyValueSpecification\",\"valueRequired\":true,\"valueName\":\"search_term_string\"}}],\"inLanguage\":\"en-US\"},{\"@type\":\"Organization\",\"@id\":\"https:\\\/\\\/www.animalsalut.com\\\/en\\\/?lang=ca\\\/#organization\",\"name\":\"Animal Salut\",\"alternateName\":\"Animal Salut - Veterinario a domicilio\",\"url\":\"https:\\\/\\\/www.animalsalut.com\\\/en\\\/?lang=ca\\\/\",\"logo\":{\"@type\":\"ImageObject\",\"inLanguage\":\"en-US\",\"@id\":\"https:\\\/\\\/www.animalsalut.com\\\/en\\\/?lang=ca\\\/#\\\/schema\\\/logo\\\/image\\\/\",\"url\":\"https:\\\/\\\/www.animalsalut.com\\\/wp-content\\\/uploads\\\/2018\\\/10\\\/cropped-logo_animal_salut-1.png\",\"contentUrl\":\"https:\\\/\\\/www.animalsalut.com\\\/wp-content\\\/uploads\\\/2018\\\/10\\\/cropped-logo_animal_salut-1.png\",\"width\":512,\"height\":512,\"caption\":\"Animal Salut\"},\"image\":{\"@id\":\"https:\\\/\\\/www.animalsalut.com\\\/en\\\/?lang=ca\\\/#\\\/schema\\\/logo\\\/image\\\/\"},\"sameAs\":[\"https:\\\/\\\/www.facebook.com\\\/animalsalut\",\"https:\\\/\\\/x.com\\\/animalsalut\",\"https:\\\/\\\/www.instagram.com\\\/animalsalut\",\"https:\\\/\\\/www.threads.net\\\/@animalsalut\"]}]}<\/script>\n<!-- \/ Yoast SEO plugin. -->","yoast_head_json":{"title":"Cookies policy Animal Salut","description":"Esta es la p\u00e1gina de Cookies policy de Animal Salut donde podr\u00e1 encontrar toda la informaci\u00f3n sobre Cookies policy","robots":{"index":"noindex","follow":"nofollow"},"og_locale":"en_US","og_type":"article","og_title":"Cookies policy Animal Salut","og_description":"Esta es la p\u00e1gina de Cookies policy de Animal Salut donde podr\u00e1 encontrar toda la informaci\u00f3n sobre Cookies policy","og_url":"https:\/\/www.animalsalut.com\/en\/cookies-policy\/","og_site_name":"Animal Salut","article_publisher":"https:\/\/www.facebook.com\/animalsalut","article_modified_time":"2025-09-24T06:25:01+00:00","twitter_card":"summary_large_image","twitter_site":"@animalsalut","twitter_misc":{"Est. reading time":"9 minutes"},"schema":{"@context":"https:\/\/schema.org","@graph":[{"@type":"WebPage","@id":"https:\/\/www.animalsalut.com\/en\/cookies-policy\/","url":"https:\/\/www.animalsalut.com\/en\/cookies-policy\/","name":"Cookies policy Animal Salut","isPartOf":{"@id":"https:\/\/www.animalsalut.com\/en\/?lang=ca\/#website"},"datePublished":"2018-12-14T19:42:46+00:00","dateModified":"2025-09-24T06:25:01+00:00","description":"Esta es la p\u00e1gina de Cookies policy de Animal Salut donde podr\u00e1 encontrar toda la informaci\u00f3n sobre Cookies policy","breadcrumb":{"@id":"https:\/\/www.animalsalut.com\/en\/cookies-policy\/#breadcrumb"},"inLanguage":"en-US","potentialAction":[{"@type":"ReadAction","target":["https:\/\/www.animalsalut.com\/en\/cookies-policy\/"]}]},{"@type":"BreadcrumbList","@id":"https:\/\/www.animalsalut.com\/en\/cookies-policy\/#breadcrumb","itemListElement":[{"@type":"ListItem","position":1,"name":"Portada","item":"https:\/\/www.animalsalut.com\/en\/"},{"@type":"ListItem","position":2,"name":"Cookies policy"}]},{"@type":"WebSite","@id":"https:\/\/www.animalsalut.com\/en\/?lang=ca\/#website","url":"https:\/\/www.animalsalut.com\/en\/?lang=ca\/","name":"Animal Salut","description":"Veterinary at home in Barcelona","publisher":{"@id":"https:\/\/www.animalsalut.com\/en\/?lang=ca\/#organization"},"alternateName":"Veterinari a domicili","potentialAction":[{"@type":"SearchAction","target":{"@type":"EntryPoint","urlTemplate":"https:\/\/www.animalsalut.com\/en\/?lang=ca\/?s={search_term_string}"},"query-input":{"@type":"PropertyValueSpecification","valueRequired":true,"valueName":"search_term_string"}}],"inLanguage":"en-US"},{"@type":"Organization","@id":"https:\/\/www.animalsalut.com\/en\/?lang=ca\/#organization","name":"Animal Salut","alternateName":"Animal Salut - Veterinario a domicilio","url":"https:\/\/www.animalsalut.com\/en\/?lang=ca\/","logo":{"@type":"ImageObject","inLanguage":"en-US","@id":"https:\/\/www.animalsalut.com\/en\/?lang=ca\/#\/schema\/logo\/image\/","url":"https:\/\/www.animalsalut.com\/wp-content\/uploads\/2018\/10\/cropped-logo_animal_salut-1.png","contentUrl":"https:\/\/www.animalsalut.com\/wp-content\/uploads\/2018\/10\/cropped-logo_animal_salut-1.png","width":512,"height":512,"caption":"Animal Salut"},"image":{"@id":"https:\/\/www.animalsalut.com\/en\/?lang=ca\/#\/schema\/logo\/image\/"},"sameAs":["https:\/\/www.facebook.com\/animalsalut","https:\/\/x.com\/animalsalut","https:\/\/www.instagram.com\/animalsalut","https:\/\/www.threads.net\/@animalsalut"]}]}},"_links":{"self":[{"href":"https:\/\/www.animalsalut.com\/en\/wp-json\/wp\/v2\/pages\/20690","targetHints":{"allow":["GET"]}}],"collection":[{"href":"https:\/\/www.animalsalut.com\/en\/wp-json\/wp\/v2\/pages"}],"about":[{"href":"https:\/\/www.animalsalut.com\/en\/wp-json\/wp\/v2\/types\/page"}],"author":[{"embeddable":true,"href":"https:\/\/www.animalsalut.com\/en\/wp-json\/wp\/v2\/users\/2"}],"replies":[{"embeddable":true,"href":"https:\/\/www.animalsalut.com\/en\/wp-json\/wp\/v2\/comments?post=20690"}],"version-history":[{"count":5,"href":"https:\/\/www.animalsalut.com\/en\/wp-json\/wp\/v2\/pages\/20690\/revisions"}],"predecessor-version":[{"id":43319,"href":"https:\/\/www.animalsalut.com\/en\/wp-json\/wp\/v2\/pages\/20690\/revisions\/43319"}],"wp:attachment":[{"href":"https:\/\/www.animalsalut.com\/en\/wp-json\/wp\/v2\/media?parent=20690"}],"curies":[{"name":"wp","href":"https:\/\/api.w.org\/{rel}","templated":true}]}}