{"id":20376,"date":"2018-08-04T19:32:13","date_gmt":"2018-08-04T17:32:13","guid":{"rendered":"https:\/\/staging2.animalsalut.com\/tarifas\/"},"modified":"2026-05-03T12:13:14","modified_gmt":"2026-05-03T10:13:14","slug":"tarifs","status":"publish","type":"page","link":"https:\/\/www.animalsalut.com\/fr\/tarifs\/","title":{"rendered":"Tarifs"},"content":{"rendered":"<div class=\"wpb-content-wrapper\"><p>[vc_row css_animation=\u00a0\u00bb\u00a0\u00bb row_type=\u00a0\u00bbrow\u00a0\u00bb use_row_as_full_screen_section=\u00a0\u00bbyes\u00a0\u00bb type=\u00a0\u00bbfull_width\u00a0\u00bb angled_section=\u00a0\u00bbno\u00a0\u00bb text_align=\u00a0\u00bbcenter\u00a0\u00bb background_image_as_pattern=\u00a0\u00bbwithout_pattern\u00a0\u00bb css=\u00a0\u00bb.vc_custom_1741079412542{margin-top: 60px !important;margin-bottom: 45px !important;}\u00a0\u00bb z_index=\u00a0\u00bb\u00a0\u00bb][vc_column][vc_column_text css=\u00a0\u00bb.vc_custom_1741079926266{margin-bottom: 0px !important;}\u00a0\u00bb]<\/p>\n<h1 style=\"text-align: center;\"><span style=\"font-size: 30pt; color: #1744b9;\">Tarifs<\/span><\/h1>\n<p>[\/vc_column_text][\/vc_column][\/vc_row][vc_row css_animation=\u00a0\u00bb\u00a0\u00bb row_type=\u00a0\u00bbrow\u00a0\u00bb use_row_as_full_screen_section=\u00a0\u00bbno\u00a0\u00bb type=\u00a0\u00bbfull_width\u00a0\u00bb angled_section=\u00a0\u00bbno\u00a0\u00bb text_align=\u00a0\u00bbleft\u00a0\u00bb background_image_as_pattern=\u00a0\u00bbwithout_pattern\u00a0\u00bb][vc_column width=\u00a0\u00bb1\/2&Prime;][vc_row_inner row_type=\u00a0\u00bbrow\u00a0\u00bb type=\u00a0\u00bbfull_width\u00a0\u00bb text_align=\u00a0\u00bbleft\u00a0\u00bb css_animation=\u00a0\u00bb\u00a0\u00bb][vc_column_inner][vc_empty_space height=\u00a0\u00bb3em\u00a0\u00bb][vc_column_text css=\u00a0\u00bb\u00a0\u00bb]<span style=\"font-family: RockoFLF; font-size: 18pt;\">Tarifas domicilio<\/span>[\/vc_column_text][vc_empty_space height=\u00a0\u00bb1em\u00a0\u00bb][qode_pricing_list][qode_pricing_list_item title=\u00a0\u00bbVisiter\u00a0\u00bb text=\u00a0\u00bbConsultation de base\u00a0\u00bb price=\u00a0\u00bb70\u20ac\u00a0\u00bb price_font_size=\u00a0\u00bb25&Prime;][qode_pricing_list_item title=\u00a0\u00bbVaccin canin annuel\u00a0\u00bb text=\u00a0\u00bbVaccin annuel (ne comprend pas la rage)\u00a0\u00bb price=\u00a0\u00bb80\u20ac\u00a0\u00bb price_font_size=\u00a0\u00bb25&Prime;][qode_pricing_list_item title=\u00a0\u00bbVaccin canin annuel (contre la rage)\u00a0\u00bb text=\u00a0\u00bbVaccin canin annuel, compris contre la rage\u00a0\u00bb price=\u00a0\u00bb90\u20ac\u00a0\u00bb price_font_size=\u00a0\u00bb25&Prime;][qode_pricing_list_item title=\u00a0\u00bbVaccin f\u00e9lin annuel\u00a0\u00bb text=\u00a0\u00bbVaccin tricat, f\u00e9lin annuel\u00a0\u00bb price=\u00a0\u00bb80\u20ac\u00a0\u00bb price_font_size=\u00a0\u00bb25&Prime;][qode_pricing_list_item title=\u00a0\u00bbImplantation micropuce\u00a0\u00bb text=\u00a0\u00bbMicropuce de l&rsquo;AIAC (n&rsquo;inclut pas la visite \u00e0 domicile)\u00a0\u00bb price=\u00a0\u00bb60\u20ac\u00a0\u00bb price_font_size=\u00a0\u00bb25&Prime;][qode_pricing_list_item title=\u00a0\u00bbAnalyse Sanguine G\u00e9n\u00e9rale\u00a0\u00bb text=\u00a0\u00bbH\u00e9mogramme + Biochimie (n&rsquo;inclut pas la visite \u00e0 domicile)\u00a0\u00bb price=\u00a0\u00bb81\u20ac\u00a0\u00bb price_font_size=\u00a0\u00bb25&Prime;][\/qode_pricing_list][\/vc_column_inner][\/vc_row_inner][vc_empty_space height=\u00a0\u00bb1em\u00a0\u00bb][vc_column_text css=\u00a0\u00bb\u00a0\u00bb]<\/p>\n<p style=\"text-align: center;\"><span style=\"font-weight: 400;\">Le prix du service comprend la TVA de 21 %. Le prix des vaccins comprend un examen complet de l&rsquo;animal \u00e0 domicile. Pour les adresses en dehors de la ville de Barcelone, vous pouvez v\u00e9rifier le co\u00fbt du voyage lors de la r\u00e9servation.<\/span><\/p>\n<p>[\/vc_column_text][vc_empty_space height=\u00a0\u00bb1em\u00a0\u00bb][\/vc_column][vc_column width=\u00a0\u00bb1\/2&Prime;][vc_row_inner row_type=\u00a0\u00bbrow\u00a0\u00bb type=\u00a0\u00bbfull_width\u00a0\u00bb text_align=\u00a0\u00bbleft\u00a0\u00bb css_animation=\u00a0\u00bb\u00a0\u00bb][vc_column_inner][vc_empty_space height=\u00a0\u00bb3em\u00a0\u00bb][vc_column_text css=\u00a0\u00bb\u00a0\u00bb]<\/p>\n<h2 style=\"text-align: center;\"><span style=\"font-family: RockoFLF; font-size: 18pt;\">Tarifas centro<\/span><\/h2>\n<p>[\/vc_column_text][vc_empty_space height=\u00a0\u00bb1em\u00a0\u00bb][qode_pricing_list][qode_pricing_list_item title=\u00a0\u00bbVisiter\u00a0\u00bb text=\u00a0\u00bbConsultation de base\u00a0\u00bb price=\u00a0\u00bb42\u20ac\u00a0\u00bb price_font_size=\u00a0\u00bb25&Prime;][qode_pricing_list_item title=\u00a0\u00bbVaccin canin annuel\u00a0\u00bb text=\u00a0\u00bbVaccin annuel (ne comprend pas la rage)\u00a0\u00bb price=\u00a0\u00bb53\u20ac\u00a0\u00bb price_font_size=\u00a0\u00bb25&Prime;][qode_pricing_list_item title=\u00a0\u00bbVaccin canin annuel (contre la rage)\u00a0\u00bb text=\u00a0\u00bbVaccin canin annuel, compris contre la rage\u00a0\u00bb price=\u00a0\u00bb63\u20ac\u00a0\u00bb price_font_size=\u00a0\u00bb25&Prime;][qode_pricing_list_item title=\u00a0\u00bbVaccin f\u00e9lin annuel\u00a0\u00bb text=\u00a0\u00bbVaccin tricat, f\u00e9lin annuel\u00a0\u00bb price=\u00a0\u00bb53\u20ac\u00a0\u00bb price_font_size=\u00a0\u00bb25&Prime;][qode_pricing_list_item title=\u00a0\u00bbImplantation micropuce\u00a0\u00bb text=\u00a0\u00bbMicropuce de l&rsquo;AIAC\u00a0\u00bb price=\u00a0\u00bb60\u20ac\u00a0\u00bb price_font_size=\u00a0\u00bb25&Prime;][qode_pricing_list_item title=\u00a0\u00bbAnalyse Sanguine G\u00e9n\u00e9rale\u00a0\u00bb text=\u00a0\u00bbH\u00e9mogramme + Biochimie\u00a0\u00bb price=\u00a0\u00bb66\u20ac\u00a0\u00bb price_font_size=\u00a0\u00bb25&Prime;][\/qode_pricing_list][\/vc_column_inner][\/vc_row_inner][vc_empty_space height=\u00a0\u00bb1em\u00a0\u00bb][vc_column_text]<\/p>\n<p style=\"text-align: center;\"><span style=\"font-weight: 400;\">Le prix du service comprend la TVA de 21%. Le prix des vaccins comprend un examen complet de l&rsquo;animal \u00e0 la maison.<\/span><\/p>\n<p>[\/vc_column_text][vc_empty_space height=\u00a0\u00bb1em\u00a0\u00bb][\/vc_column][\/vc_row][vc_row css_animation=\u00a0\u00bb\u00a0\u00bb row_type=\u00a0\u00bbrow\u00a0\u00bb use_row_as_full_screen_section=\u00a0\u00bbno\u00a0\u00bb type=\u00a0\u00bbfull_width\u00a0\u00bb angled_section=\u00a0\u00bbno\u00a0\u00bb text_align=\u00a0\u00bbleft\u00a0\u00bb background_image_as_pattern=\u00a0\u00bbwithout_pattern\u00a0\u00bb][vc_column][vc_empty_space height=\u00a0\u00bb3em\u00a0\u00bb][vc_column_text]<\/p>\n<p style=\"text-align: center;\"><span style=\"font-weight: 400;\">D&rsquo;autres vaccins, services, traitements et tests sont disponibles. Pour consulter les prix ou les devis, veuillez nous contacter \u00e0 notre centre v\u00e9t\u00e9rinaire.<\/span><\/p>\n<p>[\/vc_column_text][vc_empty_space height=\u00a0\u00bb3em\u00a0\u00bb][\/vc_column][\/vc_row][vc_row css_animation=\u00a0\u00bb\u00a0\u00bb row_type=\u00a0\u00bbrow\u00a0\u00bb use_row_as_full_screen_section=\u00a0\u00bbno\u00a0\u00bb type=\u00a0\u00bbgrid\u00a0\u00bb angled_section=\u00a0\u00bbno\u00a0\u00bb text_align=\u00a0\u00bbleft\u00a0\u00bb background_image_as_pattern=\u00a0\u00bbwithout_pattern\u00a0\u00bb z_index=\u00a0\u00bb\u00a0\u00bb][vc_column width=\u00a0\u00bb1\/6&Prime;][\/vc_column][vc_column width=\u00a0\u00bb2\/3&Prime;]<a  itemprop=\"url\" href=\"https:\/\/www.animalsalut.com\/fr\/contact\/\" target=\"_blank\"  class=\"qbutton  big_large_full_width default\" style=\"\">Demander Ici<\/a>[\/vc_column][vc_column width=\u00a0\u00bb1\/6&Prime;][\/vc_column][\/vc_row][vc_row css_animation=\u00a0\u00bb\u00a0\u00bb row_type=\u00a0\u00bbrow\u00a0\u00bb use_row_as_full_screen_section=\u00a0\u00bbno\u00a0\u00bb type=\u00a0\u00bbfull_width\u00a0\u00bb angled_section=\u00a0\u00bbno\u00a0\u00bb text_align=\u00a0\u00bbleft\u00a0\u00bb background_image_as_pattern=\u00a0\u00bbwithout_pattern\u00a0\u00bb][vc_column][vc_empty_space height=\u00a0\u00bb3em\u00a0\u00bb][\/vc_column][\/vc_row]<\/p>\n<\/div>","protected":false},"excerpt":{"rendered":"<p>[vc_row css_animation=\u00a0\u00bb\u00a0\u00bb row_type=\u00a0\u00bbrow\u00a0\u00bb use_row_as_full_screen_section=\u00a0\u00bbyes\u00a0\u00bb type=\u00a0\u00bbfull_width\u00a0\u00bb angled_section=\u00a0\u00bbno\u00a0\u00bb text_align=\u00a0\u00bbcenter\u00a0\u00bb background_image_as_pattern=\u00a0\u00bbwithout_pattern\u00a0\u00bb css=\u00a0\u00bb.vc_custom_1741079412542{margin-top: 60px !important;margin-bottom: 45px !important;}\u00a0\u00bb z_index=\u00a0\u00bb\u00a0\u00bb][vc_column][vc_column_text css=\u00a0\u00bb.vc_custom_1741079926266{margin-bottom: 0px !important;}\u00a0\u00bb] Tarifs [\/vc_column_text][\/vc_column][\/vc_row][vc_row css_animation=\u00a0\u00bb\u00a0\u00bb row_type=\u00a0\u00bbrow\u00a0\u00bb use_row_as_full_screen_section=\u00a0\u00bbno\u00a0\u00bb type=\u00a0\u00bbfull_width\u00a0\u00bb angled_section=\u00a0\u00bbno\u00a0\u00bb text_align=\u00a0\u00bbleft\u00a0\u00bb background_image_as_pattern=\u00a0\u00bbwithout_pattern\u00a0\u00bb][vc_column width=\u00a0\u00bb1\/2&Prime;][vc_row_inner row_type=\u00a0\u00bbrow\u00a0\u00bb type=\u00a0\u00bbfull_width\u00a0\u00bb text_align=\u00a0\u00bbleft\u00a0\u00bb css_animation=\u00a0\u00bb\u00a0\u00bb][vc_column_inner][vc_empty_space height=\u00a0\u00bb3em\u00a0\u00bb][vc_column_text css=\u00a0\u00bb\u00a0\u00bb]Tarifas domicilio[\/vc_column_text][vc_empty_space height=\u00a0\u00bb1em\u00a0\u00bb][qode_pricing_list][qode_pricing_list_item title=\u00a0\u00bbVisiter\u00a0\u00bb text=\u00a0\u00bbConsultation de base\u00a0\u00bb price=\u00a0\u00bb70\u20ac\u00a0\u00bb price_font_size=\u00a0\u00bb25&Prime;][qode_pricing_list_item title=\u00a0\u00bbVaccin canin annuel\u00a0\u00bb text=\u00a0\u00bbVaccin&#8230;<\/p>\n","protected":false},"author":2,"featured_media":0,"parent":0,"menu_order":0,"comment_status":"closed","ping_status":"closed","template":"","meta":{"footnotes":""},"class_list":["post-20376","page","type-page","status-publish","hentry"],"yoast_head":"<!-- This site is optimized with the Yoast SEO plugin v27.5 - https:\/\/yoast.com\/product\/yoast-seo-wordpress\/ -->\n<title>Tarifs Animal Salut - V\u00e9t\u00e9rinaire \u00e0 domicile et centre \u00e0 Barcelona<\/title>\n<meta name=\"description\" content=\"Des visites \u00e0 domicile ou dans le centre \u00e0 partir de 30\u20ac, des vaccinations \u00e0 partir de 39\u20ac, le puce \u00e0 partir de 45\u20ac, passeport \u00e0 partir de 30\u20ac\" \/>\n<meta name=\"robots\" content=\"index, follow, max-snippet:-1, max-image-preview:large, max-video-preview:-1\" \/>\n<link rel=\"canonical\" href=\"https:\/\/www.animalsalut.com\/fr\/tarifs\/\" \/>\n<meta property=\"og:locale\" content=\"fr_FR\" \/>\n<meta property=\"og:type\" content=\"article\" \/>\n<meta property=\"og:title\" content=\"Tarifas Animal Salut - Servicio de veterinario a domicilio\" \/>\n<meta property=\"og:description\" content=\"Ofrecemos visitas a domicilio desde 28\u20ac, vacunaciones desde 29\u20ac, alta de microchip de tu mascota desde 35\u20ac, pasaporte desde 30\u20ac y m\u00e1s servicios\" \/>\n<meta property=\"og:url\" content=\"https:\/\/www.animalsalut.com\/fr\/tarifs\/\" \/>\n<meta property=\"og:site_name\" content=\"Animal Salut\" \/>\n<meta property=\"article:publisher\" content=\"https:\/\/www.facebook.com\/animalsalut\" \/>\n<meta property=\"article:modified_time\" content=\"2026-05-03T10:13:14+00:00\" \/>\n<meta property=\"og:image\" content=\"https:\/\/www.animalsalut.com\/wp-content\/uploads\/2016\/12\/logo_icon.png\" \/>\n\t<meta property=\"og:image:width\" content=\"300\" \/>\n\t<meta property=\"og:image:height\" content=\"300\" \/>\n\t<meta property=\"og:image:type\" content=\"image\/png\" \/>\n<meta name=\"twitter:card\" content=\"summary_large_image\" \/>\n<meta name=\"twitter:title\" content=\"Tarifas Animal Salut - Servicio de veterinario a domicilio\" \/>\n<meta name=\"twitter:description\" content=\"Ofrecemos visitas a domicilio desde 28\u20ac, vacunaciones desde 29\u20ac, alta de microchip de tu mascota desde 35\u20ac, pasaporte desde 30\u20ac y m\u00e1s servicios\" \/>\n<meta name=\"twitter:image\" content=\"https:\/\/www.animalsalut.com\/wp-content\/uploads\/2016\/12\/logo_icon.png\" \/>\n<meta name=\"twitter:site\" content=\"@animalsalut\" \/>\n<meta name=\"twitter:label1\" content=\"Dur\u00e9e de lecture estim\u00e9e\" \/>\n\t<meta name=\"twitter:data1\" content=\"2 minutes\" \/>\n<script type=\"application\/ld+json\" class=\"yoast-schema-graph\">{\"@context\":\"https:\\\/\\\/schema.org\",\"@graph\":[{\"@type\":\"WebPage\",\"@id\":\"https:\\\/\\\/www.animalsalut.com\\\/fr\\\/tarifs\\\/\",\"url\":\"https:\\\/\\\/www.animalsalut.com\\\/fr\\\/tarifs\\\/\",\"name\":\"Tarifs Animal Salut - V\u00e9t\u00e9rinaire \u00e0 domicile et centre \u00e0 Barcelona\",\"isPartOf\":{\"@id\":\"https:\\\/\\\/www.animalsalut.com\\\/fr\\\/?lang=ca\\\/#website\"},\"datePublished\":\"2018-08-04T17:32:13+00:00\",\"dateModified\":\"2026-05-03T10:13:14+00:00\",\"description\":\"Des visites \u00e0 domicile ou dans le centre \u00e0 partir de 30\u20ac, des vaccinations \u00e0 partir de 39\u20ac, le puce \u00e0 partir de 45\u20ac, passeport \u00e0 partir de 30\u20ac\",\"breadcrumb\":{\"@id\":\"https:\\\/\\\/www.animalsalut.com\\\/fr\\\/tarifs\\\/#breadcrumb\"},\"inLanguage\":\"fr-FR\",\"potentialAction\":[{\"@type\":\"ReadAction\",\"target\":[\"https:\\\/\\\/www.animalsalut.com\\\/fr\\\/tarifs\\\/\"]}]},{\"@type\":\"BreadcrumbList\",\"@id\":\"https:\\\/\\\/www.animalsalut.com\\\/fr\\\/tarifs\\\/#breadcrumb\",\"itemListElement\":[{\"@type\":\"ListItem\",\"position\":1,\"name\":\"Portada\",\"item\":\"https:\\\/\\\/www.animalsalut.com\\\/fr\\\/\"},{\"@type\":\"ListItem\",\"position\":2,\"name\":\"Tarifs\"}]},{\"@type\":\"WebSite\",\"@id\":\"https:\\\/\\\/www.animalsalut.com\\\/fr\\\/?lang=ca\\\/#website\",\"url\":\"https:\\\/\\\/www.animalsalut.com\\\/fr\\\/?lang=ca\\\/\",\"name\":\"Animal Salut\",\"description\":\"V\u00e9t\u00e9rinaire \u00e0 domicile \u00e0 Barcelone\",\"publisher\":{\"@id\":\"https:\\\/\\\/www.animalsalut.com\\\/fr\\\/?lang=ca\\\/#organization\"},\"alternateName\":\"Veterinari a domicili\",\"potentialAction\":[{\"@type\":\"SearchAction\",\"target\":{\"@type\":\"EntryPoint\",\"urlTemplate\":\"https:\\\/\\\/www.animalsalut.com\\\/fr\\\/?lang=ca\\\/?s={search_term_string}\"},\"query-input\":{\"@type\":\"PropertyValueSpecification\",\"valueRequired\":true,\"valueName\":\"search_term_string\"}}],\"inLanguage\":\"fr-FR\"},{\"@type\":\"Organization\",\"@id\":\"https:\\\/\\\/www.animalsalut.com\\\/fr\\\/?lang=ca\\\/#organization\",\"name\":\"Animal Salut\",\"alternateName\":\"Animal Salut - Veterinario a domicilio\",\"url\":\"https:\\\/\\\/www.animalsalut.com\\\/fr\\\/?lang=ca\\\/\",\"logo\":{\"@type\":\"ImageObject\",\"inLanguage\":\"fr-FR\",\"@id\":\"https:\\\/\\\/www.animalsalut.com\\\/fr\\\/?lang=ca\\\/#\\\/schema\\\/logo\\\/image\\\/\",\"url\":\"https:\\\/\\\/www.animalsalut.com\\\/wp-content\\\/uploads\\\/2018\\\/10\\\/cropped-logo_animal_salut-1.png\",\"contentUrl\":\"https:\\\/\\\/www.animalsalut.com\\\/wp-content\\\/uploads\\\/2018\\\/10\\\/cropped-logo_animal_salut-1.png\",\"width\":512,\"height\":512,\"caption\":\"Animal Salut\"},\"image\":{\"@id\":\"https:\\\/\\\/www.animalsalut.com\\\/fr\\\/?lang=ca\\\/#\\\/schema\\\/logo\\\/image\\\/\"},\"sameAs\":[\"https:\\\/\\\/www.facebook.com\\\/animalsalut\",\"https:\\\/\\\/x.com\\\/animalsalut\",\"https:\\\/\\\/www.instagram.com\\\/animalsalut\",\"https:\\\/\\\/www.threads.net\\\/@animalsalut\"]}]}<\/script>\n<!-- \/ Yoast SEO plugin. -->","yoast_head_json":{"title":"Tarifs Animal Salut - V\u00e9t\u00e9rinaire \u00e0 domicile et centre \u00e0 Barcelona","description":"Des visites \u00e0 domicile ou dans le centre \u00e0 partir de 30\u20ac, des vaccinations \u00e0 partir de 39\u20ac, le puce \u00e0 partir de 45\u20ac, passeport \u00e0 partir de 30\u20ac","robots":{"index":"index","follow":"follow","max-snippet":"max-snippet:-1","max-image-preview":"max-image-preview:large","max-video-preview":"max-video-preview:-1"},"canonical":"https:\/\/www.animalsalut.com\/fr\/tarifs\/","og_locale":"fr_FR","og_type":"article","og_title":"Tarifas Animal Salut - Servicio de veterinario a domicilio","og_description":"Ofrecemos visitas a domicilio desde 28\u20ac, vacunaciones desde 29\u20ac, alta de microchip de tu mascota desde 35\u20ac, pasaporte desde 30\u20ac y m\u00e1s servicios","og_url":"https:\/\/www.animalsalut.com\/fr\/tarifs\/","og_site_name":"Animal Salut","article_publisher":"https:\/\/www.facebook.com\/animalsalut","article_modified_time":"2026-05-03T10:13:14+00:00","og_image":[{"width":300,"height":300,"url":"https:\/\/www.animalsalut.com\/wp-content\/uploads\/2016\/12\/logo_icon.png","type":"image\/png"}],"twitter_card":"summary_large_image","twitter_title":"Tarifas Animal Salut - Servicio de veterinario a domicilio","twitter_description":"Ofrecemos visitas a domicilio desde 28\u20ac, vacunaciones desde 29\u20ac, alta de microchip de tu mascota desde 35\u20ac, pasaporte desde 30\u20ac y m\u00e1s servicios","twitter_image":"https:\/\/www.animalsalut.com\/wp-content\/uploads\/2016\/12\/logo_icon.png","twitter_site":"@animalsalut","twitter_misc":{"Dur\u00e9e de lecture estim\u00e9e":"2 minutes"},"schema":{"@context":"https:\/\/schema.org","@graph":[{"@type":"WebPage","@id":"https:\/\/www.animalsalut.com\/fr\/tarifs\/","url":"https:\/\/www.animalsalut.com\/fr\/tarifs\/","name":"Tarifs Animal Salut - V\u00e9t\u00e9rinaire \u00e0 domicile et centre \u00e0 Barcelona","isPartOf":{"@id":"https:\/\/www.animalsalut.com\/fr\/?lang=ca\/#website"},"datePublished":"2018-08-04T17:32:13+00:00","dateModified":"2026-05-03T10:13:14+00:00","description":"Des visites \u00e0 domicile ou dans le centre \u00e0 partir de 30\u20ac, des vaccinations \u00e0 partir de 39\u20ac, le puce \u00e0 partir de 45\u20ac, passeport \u00e0 partir de 30\u20ac","breadcrumb":{"@id":"https:\/\/www.animalsalut.com\/fr\/tarifs\/#breadcrumb"},"inLanguage":"fr-FR","potentialAction":[{"@type":"ReadAction","target":["https:\/\/www.animalsalut.com\/fr\/tarifs\/"]}]},{"@type":"BreadcrumbList","@id":"https:\/\/www.animalsalut.com\/fr\/tarifs\/#breadcrumb","itemListElement":[{"@type":"ListItem","position":1,"name":"Portada","item":"https:\/\/www.animalsalut.com\/fr\/"},{"@type":"ListItem","position":2,"name":"Tarifs"}]},{"@type":"WebSite","@id":"https:\/\/www.animalsalut.com\/fr\/?lang=ca\/#website","url":"https:\/\/www.animalsalut.com\/fr\/?lang=ca\/","name":"Animal Salut","description":"V\u00e9t\u00e9rinaire \u00e0 domicile \u00e0 Barcelone","publisher":{"@id":"https:\/\/www.animalsalut.com\/fr\/?lang=ca\/#organization"},"alternateName":"Veterinari a domicili","potentialAction":[{"@type":"SearchAction","target":{"@type":"EntryPoint","urlTemplate":"https:\/\/www.animalsalut.com\/fr\/?lang=ca\/?s={search_term_string}"},"query-input":{"@type":"PropertyValueSpecification","valueRequired":true,"valueName":"search_term_string"}}],"inLanguage":"fr-FR"},{"@type":"Organization","@id":"https:\/\/www.animalsalut.com\/fr\/?lang=ca\/#organization","name":"Animal Salut","alternateName":"Animal Salut - Veterinario a domicilio","url":"https:\/\/www.animalsalut.com\/fr\/?lang=ca\/","logo":{"@type":"ImageObject","inLanguage":"fr-FR","@id":"https:\/\/www.animalsalut.com\/fr\/?lang=ca\/#\/schema\/logo\/image\/","url":"https:\/\/www.animalsalut.com\/wp-content\/uploads\/2018\/10\/cropped-logo_animal_salut-1.png","contentUrl":"https:\/\/www.animalsalut.com\/wp-content\/uploads\/2018\/10\/cropped-logo_animal_salut-1.png","width":512,"height":512,"caption":"Animal Salut"},"image":{"@id":"https:\/\/www.animalsalut.com\/fr\/?lang=ca\/#\/schema\/logo\/image\/"},"sameAs":["https:\/\/www.facebook.com\/animalsalut","https:\/\/x.com\/animalsalut","https:\/\/www.instagram.com\/animalsalut","https:\/\/www.threads.net\/@animalsalut"]}]}},"_links":{"self":[{"href":"https:\/\/www.animalsalut.com\/fr\/wp-json\/wp\/v2\/pages\/20376","targetHints":{"allow":["GET"]}}],"collection":[{"href":"https:\/\/www.animalsalut.com\/fr\/wp-json\/wp\/v2\/pages"}],"about":[{"href":"https:\/\/www.animalsalut.com\/fr\/wp-json\/wp\/v2\/types\/page"}],"author":[{"embeddable":true,"href":"https:\/\/www.animalsalut.com\/fr\/wp-json\/wp\/v2\/users\/2"}],"replies":[{"embeddable":true,"href":"https:\/\/www.animalsalut.com\/fr\/wp-json\/wp\/v2\/comments?post=20376"}],"version-history":[{"count":14,"href":"https:\/\/www.animalsalut.com\/fr\/wp-json\/wp\/v2\/pages\/20376\/revisions"}],"predecessor-version":[{"id":44333,"href":"https:\/\/www.animalsalut.com\/fr\/wp-json\/wp\/v2\/pages\/20376\/revisions\/44333"}],"wp:attachment":[{"href":"https:\/\/www.animalsalut.com\/fr\/wp-json\/wp\/v2\/media?parent=20376"}],"curies":[{"name":"wp","href":"https:\/\/api.w.org\/{rel}","templated":true}]}}