{"id":20396,"date":"2018-08-04T19:37:20","date_gmt":"2018-08-04T17:37:20","guid":{"rendered":"https:\/\/staging2.animalsalut.com\/centro-veterinario\/"},"modified":"2025-03-08T16:44:59","modified_gmt":"2025-03-08T15:44:59","slug":"centre","status":"publish","type":"page","link":"https:\/\/www.animalsalut.com\/fr\/centre\/","title":{"rendered":"Centre"},"content":{"rendered":"<div class=\"wpb-content-wrapper\"><p>[vc_row css_animation=\u00a0\u00bb\u00a0\u00bb row_type=\u00a0\u00bbrow\u00a0\u00bb use_row_as_full_screen_section=\u00a0\u00bbyes\u00a0\u00bb type=\u00a0\u00bbfull_width\u00a0\u00bb angled_section=\u00a0\u00bbno\u00a0\u00bb text_align=\u00a0\u00bbcenter\u00a0\u00bb background_image_as_pattern=\u00a0\u00bbwithout_pattern\u00a0\u00bb css=\u00a0\u00bb.vc_custom_1741080209556{margin-top: 100px !important;margin-bottom: 0px !important;}\u00a0\u00bb z_index=\u00a0\u00bb\u00a0\u00bb][vc_column][vc_column_text css=\u00a0\u00bb.vc_custom_1741080223292{margin-bottom: 0px !important;}\u00a0\u00bb]<\/p>\n<h1 style=\"text-align: center;\"><span style=\"font-size: 30pt; color: #1744b9;\">Centre v\u00e9t\u00e9rinaire<\/span><\/h1>\n<p>[\/vc_column_text][\/vc_column][\/vc_row][vc_row css_animation=\u00a0\u00bb\u00a0\u00bb row_type=\u00a0\u00bbrow\u00a0\u00bb use_row_as_full_screen_section=\u00a0\u00bbno\u00a0\u00bb type=\u00a0\u00bbfull_width\u00a0\u00bb angled_section=\u00a0\u00bbno\u00a0\u00bb text_align=\u00a0\u00bbleft\u00a0\u00bb background_image_as_pattern=\u00a0\u00bbwithout_pattern\u00a0\u00bb z_index=\u00a0\u00bb\u00a0\u00bb][vc_column][vc_row_inner row_type=\u00a0\u00bbrow\u00a0\u00bb type=\u00a0\u00bbgrid\u00a0\u00bb text_align=\u00a0\u00bbleft\u00a0\u00bb css_animation=\u00a0\u00bb\u00a0\u00bb][vc_column_inner width=\u00a0\u00bb1\/6&Prime;][\/vc_column_inner][vc_column_inner width=\u00a0\u00bb2\/3&Prime;][vc_empty_space height=\u00a0\u00bb3em\u00a0\u00bb][vc_column_text]<\/p>\n<p style=\"text-align: center;\"><span style=\"font-weight: 400;\">Notre centre v\u00e9t\u00e9rinaire est situ\u00e9 dans le quartier Sagrera de Barcelone. Avec plus de 15 ans d&rsquo;histoire, Animal Salut s&rsquo;est consolid\u00e9 comme le v\u00e9t\u00e9rinaire familial de la r\u00e9gion. Depuis son ouverture, le centre a \u00e9t\u00e9 modernis\u00e9 et adapt\u00e9 aux nouvelles techniques v\u00e9t\u00e9rinaires. Il dispose \u00e9galement d&rsquo;un grand magasin, qui pr\u00e9sente une grande vari\u00e9t\u00e9 d&rsquo;aliments et de produits pour des animaux de compagnie, et d&rsquo;un excellent service de coiffure qui compl\u00e8te les services offerts.<\/span><\/p>\n<p>[\/vc_column_text][\/vc_column_inner][vc_column_inner width=\u00a0\u00bb1\/6&Prime;][\/vc_column_inner][\/vc_row_inner][\/vc_column][\/vc_row][vc_row css_animation=\u00a0\u00bb\u00a0\u00bb row_type=\u00a0\u00bbrow\u00a0\u00bb use_row_as_full_screen_section=\u00a0\u00bbno\u00a0\u00bb type=\u00a0\u00bbfull_width\u00a0\u00bb angled_section=\u00a0\u00bbno\u00a0\u00bb text_align=\u00a0\u00bbleft\u00a0\u00bb background_image_as_pattern=\u00a0\u00bbwithout_pattern\u00a0\u00bb][vc_column][vc_empty_space height=\u00a0\u00bb3em\u00a0\u00bb][vc_row_inner row_type=\u00a0\u00bbrow\u00a0\u00bb type=\u00a0\u00bbfull_width\u00a0\u00bb text_align=\u00a0\u00bbleft\u00a0\u00bb css_animation=\u00a0\u00bb\u00a0\u00bb][vc_column_inner width=\u00a0\u00bb1\/12&Prime;][\/vc_column_inner][vc_column_inner width=\u00a0\u00bb5\/6&Prime;][vc_gallery type=\u00a0\u00bbimage_grid\u00a0\u00bb images=\u00a0\u00bb20421,20424,38085&Prime; img_size=\u00a0\u00bbfull\u00a0\u00bb column_number=\u00a0\u00bb3&Prime; grayscale=\u00a0\u00bbno\u00a0\u00bb images_space=\u00a0\u00bbgallery_without_space\u00a0\u00bb][vc_gallery type=\u00a0\u00bbimage_grid\u00a0\u00bb images=\u00a0\u00bb20418,20419,20420&Prime; img_size=\u00a0\u00bbfull\u00a0\u00bb column_number=\u00a0\u00bb3&Prime; grayscale=\u00a0\u00bbno\u00a0\u00bb images_space=\u00a0\u00bbgallery_without_space\u00a0\u00bb][\/vc_column_inner][vc_column_inner width=\u00a0\u00bb1\/12&Prime;][\/vc_column_inner][\/vc_row_inner][\/vc_column][\/vc_row][vc_row css_animation=\u00a0\u00bb\u00a0\u00bb row_type=\u00a0\u00bbrow\u00a0\u00bb use_row_as_full_screen_section=\u00a0\u00bbno\u00a0\u00bb type=\u00a0\u00bbgrid\u00a0\u00bb angled_section=\u00a0\u00bbno\u00a0\u00bb text_align=\u00a0\u00bbleft\u00a0\u00bb background_image_as_pattern=\u00a0\u00bbwithout_pattern\u00a0\u00bb z_index=\u00a0\u00bb\u00a0\u00bb][vc_column][vc_empty_space height=\u00a0\u00bb5em\u00a0\u00bb][vc_column_text]<\/p>\n<h2 style=\"text-align: center;\">\u00c9QUIPE<\/h2>\n<p>[\/vc_column_text][vc_empty_space height=\u00a0\u00bb1em\u00a0\u00bb][vc_column_text css=\u00a0\u00bb\u00a0\u00bb]<\/p>\n<p style=\"text-align: center;\"><span style=\"font-size: 12pt;\"><span style=\"font-weight: 400;\">Animal Salut est un service v\u00e9t\u00e9rinaire complet cr\u00e9\u00e9 par des amoureux des animaux pour servir d&rsquo;autres amoureux des animaux. Notre \u00e9quipe est compos\u00e9e de grands professionnels poss\u00e9dant des ann\u00e9es d\u2019exp\u00e9rience d\u00e9di\u00e9es \u00e0 la sant\u00e9 des animaux de compagnie. Vous pouvez nous retrouver dans notre centre v\u00e9t\u00e9rinaire ou, si vous pr\u00e9f\u00e9rez, nous nous d\u00e9placerons \u00e0 votre domicile pour une visite v\u00e9t\u00e9rinaire \u00e0 domicile enti\u00e8rement personnalis\u00e9e.<\/span><\/span><\/p>\n<p style=\"text-align: center;\"><span style=\"font-size: 12pt;\"><span style=\"font-weight: 400;\"><br \/>\n<a href=\"https:\/\/www.animalsalut.com\/fr\/connaitre-nous\/\"><strong>Ici<\/strong><\/a>, vous pourrez mieux conna\u00eetre notre \u00e9quipe et d\u00e9couvrir pourquoi nous sommes le choix id\u00e9al pour les soins de votre animal.<\/span><\/span><\/p>\n<div id=\"gtx-trans\" style=\"position: absolute; left: 489px; top: 38.2461px;\">\n<div class=\"gtx-trans-icon\"><\/div>\n<\/div>\n<p>[\/vc_column_text][vc_empty_space height=\u00a0\u00bb3em\u00a0\u00bb][\/vc_column][\/vc_row][vc_row css_animation=\u00a0\u00bb\u00a0\u00bb row_type=\u00a0\u00bbrow\u00a0\u00bb use_row_as_full_screen_section=\u00a0\u00bbno\u00a0\u00bb type=\u00a0\u00bbgrid\u00a0\u00bb angled_section=\u00a0\u00bbno\u00a0\u00bb text_align=\u00a0\u00bbleft\u00a0\u00bb background_image_as_pattern=\u00a0\u00bbwithout_pattern\u00a0\u00bb z_index=\u00a0\u00bb\u00a0\u00bb][vc_column][vc_empty_space height=\u00a0\u00bb3em\u00a0\u00bb][vc_column_text]<\/p>\n<h2 style=\"text-align: center;\"><span style=\"font-size: 18pt;\">#animalsalut<\/span><\/h2>\n<p>[\/vc_column_text][vc_empty_space height=\u00a0\u00bb3em\u00a0\u00bb][\/vc_column][\/vc_row][vc_row css_animation=\u00a0\u00bb\u00a0\u00bb row_type=\u00a0\u00bbrow\u00a0\u00bb use_row_as_full_screen_section=\u00a0\u00bbno\u00a0\u00bb type=\u00a0\u00bbgrid\u00a0\u00bb angled_section=\u00a0\u00bbno\u00a0\u00bb text_align=\u00a0\u00bbleft\u00a0\u00bb background_image_as_pattern=\u00a0\u00bbwithout_pattern\u00a0\u00bb z_index=\u00a0\u00bb\u00a0\u00bb][vc_column]<div class='blog_slider_holder clearfix '><div class='blog_slider blog_slider_carousel' data-blogs_shown=\"4\" data-auto_start=\"true\"><ul class='blog_slides'>Sorry, no posts matched your criteria.<\/ul><ul class=\"caroufredsel-direction-nav\"><li><a id=\"caroufredsel-prev\" class=\"caroufredsel-prev\" href=\"#\"><div><i class=\"fa fa-angle-left\"><\/i><\/div><\/a><\/li><li><a class=\"caroufredsel-next\" id=\"caroufredsel-next\" href=\"#\"><div><i class=\"fa fa-angle-right\"><\/i><\/div><\/a><\/li><\/ul><\/div><\/div>[vc_empty_space height=\u00a0\u00bb3em\u00a0\u00bb][\/vc_column][\/vc_row][vc_row css_animation=\u00a0\u00bb\u00a0\u00bb row_type=\u00a0\u00bbrow\u00a0\u00bb use_row_as_full_screen_section=\u00a0\u00bbno\u00a0\u00bb type=\u00a0\u00bbfull_width\u00a0\u00bb angled_section=\u00a0\u00bbno\u00a0\u00bb text_align=\u00a0\u00bbleft\u00a0\u00bb background_image_as_pattern=\u00a0\u00bbwithout_pattern\u00a0\u00bb][vc_column][vc_empty_space height=\u00a0\u00bb5em\u00a0\u00bb][\/vc_column][\/vc_row]<\/p>\n<\/div>","protected":false},"excerpt":{"rendered":"<p>[vc_row css_animation=\u00a0\u00bb\u00a0\u00bb row_type=\u00a0\u00bbrow\u00a0\u00bb use_row_as_full_screen_section=\u00a0\u00bbyes\u00a0\u00bb type=\u00a0\u00bbfull_width\u00a0\u00bb angled_section=\u00a0\u00bbno\u00a0\u00bb text_align=\u00a0\u00bbcenter\u00a0\u00bb background_image_as_pattern=\u00a0\u00bbwithout_pattern\u00a0\u00bb css=\u00a0\u00bb.vc_custom_1741080209556{margin-top: 100px !important;margin-bottom: 0px !important;}\u00a0\u00bb z_index=\u00a0\u00bb\u00a0\u00bb][vc_column][vc_column_text css=\u00a0\u00bb.vc_custom_1741080223292{margin-bottom: 0px !important;}\u00a0\u00bb] Centre v\u00e9t\u00e9rinaire [\/vc_column_text][\/vc_column][\/vc_row][vc_row css_animation=\u00a0\u00bb\u00a0\u00bb row_type=\u00a0\u00bbrow\u00a0\u00bb use_row_as_full_screen_section=\u00a0\u00bbno\u00a0\u00bb type=\u00a0\u00bbfull_width\u00a0\u00bb angled_section=\u00a0\u00bbno\u00a0\u00bb text_align=\u00a0\u00bbleft\u00a0\u00bb background_image_as_pattern=\u00a0\u00bbwithout_pattern\u00a0\u00bb z_index=\u00a0\u00bb\u00a0\u00bb][vc_column][vc_row_inner row_type=\u00a0\u00bbrow\u00a0\u00bb type=\u00a0\u00bbgrid\u00a0\u00bb text_align=\u00a0\u00bbleft\u00a0\u00bb css_animation=\u00a0\u00bb\u00a0\u00bb][vc_column_inner width=\u00a0\u00bb1\/6&Prime;][\/vc_column_inner][vc_column_inner width=\u00a0\u00bb2\/3&Prime;][vc_empty_space height=\u00a0\u00bb3em\u00a0\u00bb][vc_column_text] Notre centre v\u00e9t\u00e9rinaire est situ\u00e9 dans le quartier Sagrera de&#8230;<\/p>\n","protected":false},"author":2,"featured_media":0,"parent":0,"menu_order":0,"comment_status":"open","ping_status":"closed","template":"full_width.php","meta":{"footnotes":""},"class_list":["post-20396","page","type-page","status-publish","hentry"],"yoast_head":"<!-- This site is optimized with the Yoast SEO plugin v27.5 - https:\/\/yoast.com\/product\/yoast-seo-wordpress\/ -->\n<title>Centre v\u00e9t\u00e9rinaire dans Sagrera \u00e0 Barcelone - Animal Salut<\/title>\n<meta name=\"description\" content=\"Notre centre v\u00e9t\u00e9rinaire est situ\u00e9 dans le quartier de Sagrera \u00e0 Barcelone. Plus de 10 ans d\u2019histoire et une grande \u00e9quipe au service des animaux\" \/>\n<meta name=\"robots\" content=\"index, follow, max-snippet:-1, max-image-preview:large, max-video-preview:-1\" \/>\n<link rel=\"canonical\" href=\"https:\/\/www.animalsalut.com\/fr\/centre\/\" \/>\n<meta property=\"og:locale\" content=\"fr_FR\" \/>\n<meta property=\"og:type\" content=\"article\" \/>\n<meta property=\"og:title\" content=\"Nosotros Animal Salut - Servicio de veterinario a domicilio\" \/>\n<meta property=\"og:description\" content=\"Nuestra veterinario a domicilio es Mireia Badia Pinilla, licenciada en veterinaria en la Universidad Aut\u00f3noma de Barcelona.\" \/>\n<meta property=\"og:url\" content=\"https:\/\/www.animalsalut.com\/fr\/centre\/\" \/>\n<meta property=\"og:site_name\" content=\"Animal Salut\" \/>\n<meta property=\"article:publisher\" content=\"https:\/\/www.facebook.com\/animalsalut\" \/>\n<meta property=\"article:modified_time\" content=\"2025-03-08T15:44:59+00:00\" \/>\n<meta property=\"og:image\" content=\"https:\/\/www.animalsalut.com\/wp-content\/uploads\/2016\/12\/logo_icon.png\" \/>\n\t<meta property=\"og:image:width\" content=\"300\" \/>\n\t<meta property=\"og:image:height\" content=\"300\" \/>\n\t<meta property=\"og:image:type\" content=\"image\/png\" \/>\n<meta name=\"twitter:card\" content=\"summary_large_image\" \/>\n<meta name=\"twitter:title\" content=\"Nosotros Animal Salut - Servicio de veterinario a domicilio\" \/>\n<meta name=\"twitter:description\" content=\"Nuestra veterinario a domicilio es Mireia Badia Pinilla, licenciada en veterinaria en la Universidad Aut\u00f3noma de Barcelona.\" \/>\n<meta name=\"twitter:image\" content=\"https:\/\/www.animalsalut.com\/wp-content\/uploads\/2016\/12\/logo_icon.png\" \/>\n<meta name=\"twitter:site\" content=\"@animalsalut\" \/>\n<meta name=\"twitter:label1\" content=\"Dur\u00e9e de lecture estim\u00e9e\" \/>\n\t<meta name=\"twitter:data1\" content=\"2 minutes\" \/>\n<script type=\"application\/ld+json\" class=\"yoast-schema-graph\">{\"@context\":\"https:\\\/\\\/schema.org\",\"@graph\":[{\"@type\":\"WebPage\",\"@id\":\"https:\\\/\\\/www.animalsalut.com\\\/fr\\\/centre\\\/\",\"url\":\"https:\\\/\\\/www.animalsalut.com\\\/fr\\\/centre\\\/\",\"name\":\"Centre v\u00e9t\u00e9rinaire dans Sagrera \u00e0 Barcelone - Animal Salut\",\"isPartOf\":{\"@id\":\"https:\\\/\\\/www.animalsalut.com\\\/fr\\\/?lang=ca\\\/#website\"},\"datePublished\":\"2018-08-04T17:37:20+00:00\",\"dateModified\":\"2025-03-08T15:44:59+00:00\",\"description\":\"Notre centre v\u00e9t\u00e9rinaire est situ\u00e9 dans le quartier de Sagrera \u00e0 Barcelone. Plus de 10 ans d\u2019histoire et une grande \u00e9quipe au service des animaux\",\"breadcrumb\":{\"@id\":\"https:\\\/\\\/www.animalsalut.com\\\/fr\\\/centre\\\/#breadcrumb\"},\"inLanguage\":\"fr-FR\",\"potentialAction\":[{\"@type\":\"ReadAction\",\"target\":[\"https:\\\/\\\/www.animalsalut.com\\\/fr\\\/centre\\\/\"]}]},{\"@type\":\"BreadcrumbList\",\"@id\":\"https:\\\/\\\/www.animalsalut.com\\\/fr\\\/centre\\\/#breadcrumb\",\"itemListElement\":[{\"@type\":\"ListItem\",\"position\":1,\"name\":\"Portada\",\"item\":\"https:\\\/\\\/www.animalsalut.com\\\/fr\\\/\"},{\"@type\":\"ListItem\",\"position\":2,\"name\":\"Centre\"}]},{\"@type\":\"WebSite\",\"@id\":\"https:\\\/\\\/www.animalsalut.com\\\/fr\\\/?lang=ca\\\/#website\",\"url\":\"https:\\\/\\\/www.animalsalut.com\\\/fr\\\/?lang=ca\\\/\",\"name\":\"Animal Salut\",\"description\":\"V\u00e9t\u00e9rinaire \u00e0 domicile \u00e0 Barcelone\",\"publisher\":{\"@id\":\"https:\\\/\\\/www.animalsalut.com\\\/fr\\\/?lang=ca\\\/#organization\"},\"alternateName\":\"Veterinari a domicili\",\"potentialAction\":[{\"@type\":\"SearchAction\",\"target\":{\"@type\":\"EntryPoint\",\"urlTemplate\":\"https:\\\/\\\/www.animalsalut.com\\\/fr\\\/?lang=ca\\\/?s={search_term_string}\"},\"query-input\":{\"@type\":\"PropertyValueSpecification\",\"valueRequired\":true,\"valueName\":\"search_term_string\"}}],\"inLanguage\":\"fr-FR\"},{\"@type\":\"Organization\",\"@id\":\"https:\\\/\\\/www.animalsalut.com\\\/fr\\\/?lang=ca\\\/#organization\",\"name\":\"Animal Salut\",\"alternateName\":\"Animal Salut - Veterinario a domicilio\",\"url\":\"https:\\\/\\\/www.animalsalut.com\\\/fr\\\/?lang=ca\\\/\",\"logo\":{\"@type\":\"ImageObject\",\"inLanguage\":\"fr-FR\",\"@id\":\"https:\\\/\\\/www.animalsalut.com\\\/fr\\\/?lang=ca\\\/#\\\/schema\\\/logo\\\/image\\\/\",\"url\":\"https:\\\/\\\/www.animalsalut.com\\\/wp-content\\\/uploads\\\/2018\\\/10\\\/cropped-logo_animal_salut-1.png\",\"contentUrl\":\"https:\\\/\\\/www.animalsalut.com\\\/wp-content\\\/uploads\\\/2018\\\/10\\\/cropped-logo_animal_salut-1.png\",\"width\":512,\"height\":512,\"caption\":\"Animal Salut\"},\"image\":{\"@id\":\"https:\\\/\\\/www.animalsalut.com\\\/fr\\\/?lang=ca\\\/#\\\/schema\\\/logo\\\/image\\\/\"},\"sameAs\":[\"https:\\\/\\\/www.facebook.com\\\/animalsalut\",\"https:\\\/\\\/x.com\\\/animalsalut\",\"https:\\\/\\\/www.instagram.com\\\/animalsalut\",\"https:\\\/\\\/www.threads.net\\\/@animalsalut\"]}]}<\/script>\n<!-- \/ Yoast SEO plugin. -->","yoast_head_json":{"title":"Centre v\u00e9t\u00e9rinaire dans Sagrera \u00e0 Barcelone - Animal Salut","description":"Notre centre v\u00e9t\u00e9rinaire est situ\u00e9 dans le quartier de Sagrera \u00e0 Barcelone. Plus de 10 ans d\u2019histoire et une grande \u00e9quipe au service des animaux","robots":{"index":"index","follow":"follow","max-snippet":"max-snippet:-1","max-image-preview":"max-image-preview:large","max-video-preview":"max-video-preview:-1"},"canonical":"https:\/\/www.animalsalut.com\/fr\/centre\/","og_locale":"fr_FR","og_type":"article","og_title":"Nosotros Animal Salut - Servicio de veterinario a domicilio","og_description":"Nuestra veterinario a domicilio es Mireia Badia Pinilla, licenciada en veterinaria en la Universidad Aut\u00f3noma de Barcelona.","og_url":"https:\/\/www.animalsalut.com\/fr\/centre\/","og_site_name":"Animal Salut","article_publisher":"https:\/\/www.facebook.com\/animalsalut","article_modified_time":"2025-03-08T15:44:59+00:00","og_image":[{"width":300,"height":300,"url":"https:\/\/www.animalsalut.com\/wp-content\/uploads\/2016\/12\/logo_icon.png","type":"image\/png"}],"twitter_card":"summary_large_image","twitter_title":"Nosotros Animal Salut - Servicio de veterinario a domicilio","twitter_description":"Nuestra veterinario a domicilio es Mireia Badia Pinilla, licenciada en veterinaria en la Universidad Aut\u00f3noma de Barcelona.","twitter_image":"https:\/\/www.animalsalut.com\/wp-content\/uploads\/2016\/12\/logo_icon.png","twitter_site":"@animalsalut","twitter_misc":{"Dur\u00e9e de lecture estim\u00e9e":"2 minutes"},"schema":{"@context":"https:\/\/schema.org","@graph":[{"@type":"WebPage","@id":"https:\/\/www.animalsalut.com\/fr\/centre\/","url":"https:\/\/www.animalsalut.com\/fr\/centre\/","name":"Centre v\u00e9t\u00e9rinaire dans Sagrera \u00e0 Barcelone - Animal Salut","isPartOf":{"@id":"https:\/\/www.animalsalut.com\/fr\/?lang=ca\/#website"},"datePublished":"2018-08-04T17:37:20+00:00","dateModified":"2025-03-08T15:44:59+00:00","description":"Notre centre v\u00e9t\u00e9rinaire est situ\u00e9 dans le quartier de Sagrera \u00e0 Barcelone. Plus de 10 ans d\u2019histoire et une grande \u00e9quipe au service des animaux","breadcrumb":{"@id":"https:\/\/www.animalsalut.com\/fr\/centre\/#breadcrumb"},"inLanguage":"fr-FR","potentialAction":[{"@type":"ReadAction","target":["https:\/\/www.animalsalut.com\/fr\/centre\/"]}]},{"@type":"BreadcrumbList","@id":"https:\/\/www.animalsalut.com\/fr\/centre\/#breadcrumb","itemListElement":[{"@type":"ListItem","position":1,"name":"Portada","item":"https:\/\/www.animalsalut.com\/fr\/"},{"@type":"ListItem","position":2,"name":"Centre"}]},{"@type":"WebSite","@id":"https:\/\/www.animalsalut.com\/fr\/?lang=ca\/#website","url":"https:\/\/www.animalsalut.com\/fr\/?lang=ca\/","name":"Animal Salut","description":"V\u00e9t\u00e9rinaire \u00e0 domicile \u00e0 Barcelone","publisher":{"@id":"https:\/\/www.animalsalut.com\/fr\/?lang=ca\/#organization"},"alternateName":"Veterinari a domicili","potentialAction":[{"@type":"SearchAction","target":{"@type":"EntryPoint","urlTemplate":"https:\/\/www.animalsalut.com\/fr\/?lang=ca\/?s={search_term_string}"},"query-input":{"@type":"PropertyValueSpecification","valueRequired":true,"valueName":"search_term_string"}}],"inLanguage":"fr-FR"},{"@type":"Organization","@id":"https:\/\/www.animalsalut.com\/fr\/?lang=ca\/#organization","name":"Animal Salut","alternateName":"Animal Salut - Veterinario a domicilio","url":"https:\/\/www.animalsalut.com\/fr\/?lang=ca\/","logo":{"@type":"ImageObject","inLanguage":"fr-FR","@id":"https:\/\/www.animalsalut.com\/fr\/?lang=ca\/#\/schema\/logo\/image\/","url":"https:\/\/www.animalsalut.com\/wp-content\/uploads\/2018\/10\/cropped-logo_animal_salut-1.png","contentUrl":"https:\/\/www.animalsalut.com\/wp-content\/uploads\/2018\/10\/cropped-logo_animal_salut-1.png","width":512,"height":512,"caption":"Animal Salut"},"image":{"@id":"https:\/\/www.animalsalut.com\/fr\/?lang=ca\/#\/schema\/logo\/image\/"},"sameAs":["https:\/\/www.facebook.com\/animalsalut","https:\/\/x.com\/animalsalut","https:\/\/www.instagram.com\/animalsalut","https:\/\/www.threads.net\/@animalsalut"]}]}},"_links":{"self":[{"href":"https:\/\/www.animalsalut.com\/fr\/wp-json\/wp\/v2\/pages\/20396","targetHints":{"allow":["GET"]}}],"collection":[{"href":"https:\/\/www.animalsalut.com\/fr\/wp-json\/wp\/v2\/pages"}],"about":[{"href":"https:\/\/www.animalsalut.com\/fr\/wp-json\/wp\/v2\/types\/page"}],"author":[{"embeddable":true,"href":"https:\/\/www.animalsalut.com\/fr\/wp-json\/wp\/v2\/users\/2"}],"replies":[{"embeddable":true,"href":"https:\/\/www.animalsalut.com\/fr\/wp-json\/wp\/v2\/comments?post=20396"}],"version-history":[{"count":6,"href":"https:\/\/www.animalsalut.com\/fr\/wp-json\/wp\/v2\/pages\/20396\/revisions"}],"predecessor-version":[{"id":39571,"href":"https:\/\/www.animalsalut.com\/fr\/wp-json\/wp\/v2\/pages\/20396\/revisions\/39571"}],"wp:attachment":[{"href":"https:\/\/www.animalsalut.com\/fr\/wp-json\/wp\/v2\/media?parent=20396"}],"curies":[{"name":"wp","href":"https:\/\/api.w.org\/{rel}","templated":true}]}}