{"id":20591,"date":"2018-08-04T19:41:01","date_gmt":"2018-08-04T17:41:01","guid":{"rendered":"https:\/\/staging2.animalsalut.com\/veterinario-a-domicilio\/"},"modified":"2025-03-06T10:05:04","modified_gmt":"2025-03-06T09:05:04","slug":"adresses","status":"publish","type":"page","link":"https:\/\/www.animalsalut.com\/fr\/adresses\/","title":{"rendered":"Adresses"},"content":{"rendered":"<div class=\"wpb-content-wrapper\"><p>[vc_row css_animation=\u00a0\u00bb\u00a0\u00bb row_type=\u00a0\u00bbrow\u00a0\u00bb use_row_as_full_screen_section=\u00a0\u00bbno\u00a0\u00bb type=\u00a0\u00bbgrid\u00a0\u00bb angled_section=\u00a0\u00bbno\u00a0\u00bb text_align=\u00a0\u00bbcenter\u00a0\u00bb background_image_as_pattern=\u00a0\u00bbwithout_pattern\u00a0\u00bb padding_top=\u00a0\u00bb100&Prime; z_index=\u00a0\u00bb\u00a0\u00bb][vc_column][vc_column_text css=\u00a0\u00bb\u00a0\u00bb]<\/p>\n<h1 style=\"text-align: center;\"><span style=\"font-size: 30pt; color: #1744b9;\">Service v\u00e9t\u00e9rinaire \u00e0 domicile<\/span><\/h1>\n<p>[\/vc_column_text][\/vc_column][\/vc_row][vc_row css_animation=\u00a0\u00bb\u00a0\u00bb row_type=\u00a0\u00bbrow\u00a0\u00bb use_row_as_full_screen_section=\u00a0\u00bbno\u00a0\u00bb type=\u00a0\u00bbgrid\u00a0\u00bb angled_section=\u00a0\u00bbno\u00a0\u00bb text_align=\u00a0\u00bbcenter\u00a0\u00bb background_image_as_pattern=\u00a0\u00bbwithout_pattern\u00a0\u00bb padding_top=\u00a0\u00bb100&Prime;][vc_column width=\u00a0\u00bb1\/2&Prime;][vc_column_text]<span style=\"font-weight: 400;\">Animal Salut offre un service v\u00e9t\u00e9rinaire \u00e0 domicile \u00e0 Barcelon\u00e8s, Garraf, Alt Pened\u00e9s et environs principalement. Avec nous, le v\u00e9t\u00e9rinaire sera toujours \u00e0 proximit\u00e9, car nous nous d\u00e9pla\u00e7ons \u00e0 votre domicile et pouvons vous offrir plus de confort, tant pour vous que pour votre animal.<\/span><\/p>\n<p>&nbsp;<\/p>\n<p><span style=\"font-weight: 400;\">Si vous habitez \u00e0 l&rsquo;ext\u00e9rieur de cette r\u00e9gion mais que vous avez besoin de nos services, veuillez nous contacter.<\/span>[\/vc_column_text][vc_empty_space height=\u00a0\u00bb3em\u00a0\u00bb][vc_column_text]<\/p>\n<h5><strong>Coordonn\u00e9es de contact<\/strong><\/h5>\n<p>[\/vc_column_text][vc_empty_space height=\u00a0\u00bb3em\u00a0\u00bb][vc_column_text]<strong>Courriel<\/strong>: <a href=\"mailto:info@animalsalut.com\">info@animalsalut.com<\/a><\/p>\n<p><strong>T\u00e9l\u00e9phone<\/strong>: <a href=\"tel:693711863\">+34 693 71 18 63<\/a><\/p>\n<p><span style=\"font-weight: 400;\"><strong>Heures d&rsquo;ouverture:<\/strong> du lundi au vendredi de 10:00h \u00e0 20:00h<\/span><\/p>\n<p><span style=\"font-weight: 400;\">Samedi de 10:00h \u00e0 14:00h<\/span>[\/vc_column_text][\/vc_column][vc_column width=\u00a0\u00bb1\/2&Prime;][vc_column_text]<\/p>\n<p style=\"text-align: center;\" align=\"center\">Demandez un rendez-vous en personne ou en ligne avec notre v\u00e9t\u00e9rinaire facilement, rapidement et automatiquement.<\/p>\n<div id=\"gtx-trans\" style=\"position: absolute; left: 265px; top: -9.50391px;\">\n<div class=\"gtx-trans-icon\"><\/div>\n<\/div>\n<p>[\/vc_column_text][vc_empty_space height=\u00a0\u00bb3em\u00a0\u00bb]<a  itemprop=\"url\" href=\"https:\/\/www.animalsalut.com\/fr\/visite-veterinaire-a-domicile\" target=\"_blank\"  class=\"qbutton  large default\" style=\"\">Prenez rendez-vous \u00e0 domicile<\/a>[vc_empty_space height=\u00a0\u00bb1em\u00a0\u00bb]<a  itemprop=\"url\" href=\"https:\/\/www.animalsalut.com\/fr\/consultez-un-veterinaire-en-ligne-facilement\/\" target=\"_blank\"  class=\"qbutton  large default\" style=\"\">Prenez rendez-vous en ligne<\/a>[vc_empty_space height=\u00a0\u00bb3em\u00a0\u00bb][vc_single_image image=\u00a0\u00bb20601&Prime; img_size=\u00a0\u00bbfull\u00a0\u00bb qode_css_animation=\u00a0\u00bb\u00a0\u00bb][\/vc_column][\/vc_row][vc_row css_animation=\u00a0\u00bb\u00a0\u00bb row_type=\u00a0\u00bbrow\u00a0\u00bb use_row_as_full_screen_section=\u00a0\u00bbno\u00a0\u00bb type=\u00a0\u00bbgrid\u00a0\u00bb angled_section=\u00a0\u00bbno\u00a0\u00bb text_align=\u00a0\u00bbcenter\u00a0\u00bb background_image_as_pattern=\u00a0\u00bbwithout_pattern\u00a0\u00bb padding_top=\u00a0\u00bb100&Prime; padding_bottom=\u00a0\u00bb80&Prime;][vc_column width=\u00a0\u00bb1\/3&Prime;][vc_empty_space height=\u00a0\u00bb1em\u00a0\u00bb][vc_single_image image=\u00a0\u00bb15828&Prime; img_size=\u00a0\u00bbfull\u00a0\u00bb alignment=\u00a0\u00bbcenter\u00a0\u00bb qode_css_animation=\u00a0\u00bb\u00a0\u00bb][vc_empty_space height=\u00a0\u00bb2em\u00a0\u00bb][vc_column_text]<\/p>\n<h3><strong>Moins de stress<\/strong><\/h3>\n<p>[\/vc_column_text][vc_empty_space height=\u00a0\u00bb1em\u00a0\u00bb][vc_separator type=\u00a0\u00bbnormal\u00a0\u00bb color=\u00a0\u00bb#b7b7b7&Prime;][vc_empty_space height=\u00a0\u00bb1em\u00a0\u00bb][vc_column_text]<span style=\"font-weight: 400;\">Il r\u00e9duit le stress et les risques pour la sant\u00e9, dans un environnement connu ils sont plus calmes.<\/span>[\/vc_column_text][\/vc_column][vc_column width=\u00a0\u00bb1\/3&Prime;][vc_empty_space height=\u00a0\u00bb1em\u00a0\u00bb][vc_single_image image=\u00a0\u00bb15824&Prime; img_size=\u00a0\u00bbfull\u00a0\u00bb alignment=\u00a0\u00bbcenter\u00a0\u00bb qode_css_animation=\u00a0\u00bb\u00a0\u00bb][vc_empty_space height=\u00a0\u00bb2em\u00a0\u00bb][vc_column_text]<\/p>\n<h3><strong>Confort pour vous<\/strong><\/h3>\n<p>[\/vc_column_text][vc_empty_space height=\u00a0\u00bb1em\u00a0\u00bb][vc_separator type=\u00a0\u00bbnormal\u00a0\u00bb color=\u00a0\u00bb#b7b7b7&Prime;][vc_empty_space height=\u00a0\u00bb1em\u00a0\u00bb][vc_column_text]<span style=\"font-weight: 400;\">Nous nous adaptons \u00e0 votre horaire et \u00e0 votre emplacement et vous pouvez \u00e9galement demander une visite en ligne.<\/span>[\/vc_column_text][\/vc_column][vc_column width=\u00a0\u00bb1\/3&Prime;][vc_empty_space height=\u00a0\u00bb1em\u00a0\u00bb][vc_single_image image=\u00a0\u00bb15831&Prime; img_size=\u00a0\u00bbfull\u00a0\u00bb alignment=\u00a0\u00bbcenter\u00a0\u00bb qode_css_animation=\u00a0\u00bb\u00a0\u00bb][vc_empty_space height=\u00a0\u00bb2em\u00a0\u00bb][vc_column_text]<\/p>\n<h3><strong>Attention personnalis\u00e9e<\/strong><\/h3>\n<p>[\/vc_column_text][vc_empty_space height=\u00a0\u00bb1em\u00a0\u00bb][vc_separator type=\u00a0\u00bbnormal\u00a0\u00bb color=\u00a0\u00bb#b7b7b7&Prime;][vc_empty_space height=\u00a0\u00bb1em\u00a0\u00bb][vc_column_text]<span style=\"font-weight: 400;\">Nous avons tous les services n\u00e9cessaires pour la sant\u00e9 de votre animal.<\/span>[\/vc_column_text][\/vc_column][\/vc_row][vc_row css_animation=\u00a0\u00bb\u00a0\u00bb row_type=\u00a0\u00bbrow\u00a0\u00bb use_row_as_full_screen_section=\u00a0\u00bbno\u00a0\u00bb type=\u00a0\u00bbfull_width\u00a0\u00bb angled_section=\u00a0\u00bbno\u00a0\u00bb text_align=\u00a0\u00bbleft\u00a0\u00bb background_image_as_pattern=\u00a0\u00bbwithout_pattern\u00a0\u00bb][vc_column width=\u00a0\u00bb1\/12&Prime;][\/vc_column][vc_column width=\u00a0\u00bb5\/6&Prime;][vc_gallery type=\u00a0\u00bbimage_grid\u00a0\u00bb images=\u00a0\u00bb20614,20615,20612,20613&Prime; img_size=\u00a0\u00bbfull\u00a0\u00bb column_number=\u00a0\u00bb4&Prime; grayscale=\u00a0\u00bbno\u00a0\u00bb images_space=\u00a0\u00bbgallery_without_space\u00a0\u00bb][\/vc_column][vc_column width=\u00a0\u00bb1\/12&Prime;][\/vc_column][\/vc_row][vc_row css_animation=\u00a0\u00bb\u00a0\u00bb row_type=\u00a0\u00bbrow\u00a0\u00bb use_row_as_full_screen_section=\u00a0\u00bbno\u00a0\u00bb type=\u00a0\u00bbgrid\u00a0\u00bb angled_section=\u00a0\u00bbno\u00a0\u00bb text_align=\u00a0\u00bbleft\u00a0\u00bb background_image_as_pattern=\u00a0\u00bbwithout_pattern\u00a0\u00bb z_index=\u00a0\u00bb\u00a0\u00bb][vc_column width=\u00a0\u00bb1\/12&Prime;][\/vc_column][vc_column width=\u00a0\u00bb5\/6&Prime;][vc_empty_space height=\u00a0\u00bb3em\u00a0\u00bb][vc_column_text]<\/p>\n<h3 style=\"text-align: center;\"><strong>Notre philosophie<\/strong><\/h3>\n<p>[\/vc_column_text][vc_empty_space height=\u00a0\u00bb1em\u00a0\u00bb][vc_separator type=\u00a0\u00bbnormal\u00a0\u00bb color=\u00a0\u00bb#b7b7b7&Prime;][vc_empty_space height=\u00a0\u00bb1em\u00a0\u00bb][vc_column_text]<\/p>\n<p style=\"text-align: justify;\"><span style=\"font-weight: 400;\">Notre philosophie est d&rsquo;offrir le confort du v\u00e9t\u00e9rinaire \u00e0 domicile avec un traitement personnalis\u00e9 et une attention v\u00e9t\u00e9rinaire de qualit\u00e9 et professionnelle. La majorit\u00e9 des visites et des traitements v\u00e9t\u00e9rinaires tels que les vaccinations, les micropuces, les tests, etc. peuvent \u00eatre effectu\u00e9s \u00e0 domicile avec les avantages suivants.<\/span><\/p>\n<p>&nbsp;<\/p>\n<ul style=\"text-align: justify;\">\n<li style=\"padding-left: 30px; text-align: justify;\"><span style=\"font-weight: 400;\">Le stress de l&rsquo;animal est r\u00e9duit : tant par le d\u00e9placement jusqu&rsquo;\u00e0 la clinique que par le nouvel environnement plein d&rsquo;odeurs et autres animaux. \u00c9tant tr\u00e8s sensibles, ils sont plus d\u00e9tendus dans un environnement confortable et familier.<\/span><\/li>\n<li style=\"padding-left: 30px; text-align: justify;\"><span style=\"font-weight: 400;\">Le risque sanitaire est r\u00e9duit : ne pas entrer dans une clinique v\u00e9t\u00e9rinaire physique r\u00e9duit le risque de contracter des maladies infectieuses ou parasitaires.<\/span><\/li>\n<li style=\"padding-left: 30px; text-align: justify;\"><span style=\"font-weight: 400;\">Confort : nous avons des horaires qui ne nous permettent pas d&#8217;emmener l&rsquo;animal \u00e0 la clinique, la difficult\u00e9 de d\u00e9placer plus d&rsquo;un chien, les animaux g\u00e9riatriques, les personnes \u00e0 mobilit\u00e9 r\u00e9duite&#8230;.<\/span>.<\/li>\n<li style=\"padding-left: 30px; text-align: justify;\"><span style=\"font-weight: 400;\">Il permet d&rsquo;examiner l&rsquo;environnement de l&rsquo;animal et d&rsquo;avoir une vision plus large des facteurs qui l&rsquo;influencent au jour le jour. Il nous aide \u00e0 comprendre la raison de certains probl\u00e8mes.<\/span><\/li>\n<li style=\"padding-left: 30px; text-align: justify;\"><span style=\"font-weight: 400;\">Nous servons personnellement votre animal de compagnie et vous, et nous avons le temps de r\u00e9soudre tous les doutes ou questions.<\/span><\/li>\n<\/ul>\n<p>&nbsp;<\/p>\n<p style=\"text-align: justify;\"><span style=\"font-weight: 400;\">Si vous avez besoin d&rsquo;un test ou d&rsquo;un traitement qui n&rsquo;est pas disponible \u00e0 domicile (comme une radiographie ou une chirurgie), nous vous dirigerons vers notre <a href=\"https:\/\/www.animalsalut.com\/fr\/centre\">centre v\u00e9t\u00e9rinaire<\/a> ou l&rsquo;un des centres de r\u00e9f\u00e9rence de la r\u00e9gion.<\/span><\/p>\n<p>[\/vc_column_text][\/vc_column][vc_column width=\u00a0\u00bb1\/12&Prime;][\/vc_column][\/vc_row][vc_row css_animation=\u00a0\u00bb\u00a0\u00bb row_type=\u00a0\u00bbrow\u00a0\u00bb use_row_as_full_screen_section=\u00a0\u00bbno\u00a0\u00bb type=\u00a0\u00bbfull_width\u00a0\u00bb angled_section=\u00a0\u00bbno\u00a0\u00bb text_align=\u00a0\u00bbleft\u00a0\u00bb background_image_as_pattern=\u00a0\u00bbwithout_pattern\u00a0\u00bb][vc_column][vc_empty_space height=\u00a0\u00bb3em\u00a0\u00bb][vc_column_text]<\/p>\n<h2 style=\"text-align: center;\">#animalsalut<\/h2>\n<p>[\/vc_column_text][vc_empty_space height=\u00a0\u00bb1em\u00a0\u00bb][\/vc_column][\/vc_row][vc_row css_animation=\u00a0\u00bb\u00a0\u00bb row_type=\u00a0\u00bbrow\u00a0\u00bb use_row_as_full_screen_section=\u00a0\u00bbno\u00a0\u00bb type=\u00a0\u00bbgrid\u00a0\u00bb angled_section=\u00a0\u00bbno\u00a0\u00bb text_align=\u00a0\u00bbleft\u00a0\u00bb background_image_as_pattern=\u00a0\u00bbwithout_pattern\u00a0\u00bb z_index=\u00a0\u00bb\u00a0\u00bb][vc_column width=\u00a0\u00bb1\/12&Prime;][\/vc_column][vc_column width=\u00a0\u00bb5\/6&Prime;][vc_separator type=\u00a0\u00bbnormal\u00a0\u00bb color=\u00a0\u00bb#b7b7b7&Prime;][vc_empty_space height=\u00a0\u00bb2em\u00a0\u00bb][\/vc_column][vc_column width=\u00a0\u00bb1\/12&Prime;][\/vc_column][\/vc_row][vc_row css_animation=\u00a0\u00bb\u00a0\u00bb row_type=\u00a0\u00bbrow\u00a0\u00bb use_row_as_full_screen_section=\u00a0\u00bbno\u00a0\u00bb type=\u00a0\u00bbgrid\u00a0\u00bb angled_section=\u00a0\u00bbno\u00a0\u00bb text_align=\u00a0\u00bbleft\u00a0\u00bb background_image_as_pattern=\u00a0\u00bbwithout_pattern\u00a0\u00bb z_index=\u00a0\u00bb\u00a0\u00bb][vc_column]<div class='blog_slider_holder clearfix '><div class='blog_slider blog_slider_carousel' data-blogs_shown=\"4\" data-auto_start=\"true\"><ul class='blog_slides'>Sorry, no posts matched your criteria.<\/ul><ul class=\"caroufredsel-direction-nav\"><li><a id=\"caroufredsel-prev\" class=\"caroufredsel-prev\" href=\"#\"><div><i class=\"fa fa-angle-left\"><\/i><\/div><\/a><\/li><li><a class=\"caroufredsel-next\" id=\"caroufredsel-next\" href=\"#\"><div><i class=\"fa fa-angle-right\"><\/i><\/div><\/a><\/li><\/ul><\/div><\/div>[vc_empty_space height=\u00a0\u00bb3em\u00a0\u00bb][\/vc_column][\/vc_row][vc_row css_animation=\u00a0\u00bb\u00a0\u00bb row_type=\u00a0\u00bbrow\u00a0\u00bb use_row_as_full_screen_section=\u00a0\u00bbno\u00a0\u00bb type=\u00a0\u00bbfull_width\u00a0\u00bb angled_section=\u00a0\u00bbno\u00a0\u00bb text_align=\u00a0\u00bbleft\u00a0\u00bb background_image_as_pattern=\u00a0\u00bbwithout_pattern\u00a0\u00bb][vc_column][vc_empty_space height=\u00a0\u00bb3em\u00a0\u00bb][\/vc_column][\/vc_row]<\/p>\n<\/div>","protected":false},"excerpt":{"rendered":"<p>[vc_row css_animation=\u00a0\u00bb\u00a0\u00bb row_type=\u00a0\u00bbrow\u00a0\u00bb use_row_as_full_screen_section=\u00a0\u00bbno\u00a0\u00bb type=\u00a0\u00bbgrid\u00a0\u00bb angled_section=\u00a0\u00bbno\u00a0\u00bb text_align=\u00a0\u00bbcenter\u00a0\u00bb background_image_as_pattern=\u00a0\u00bbwithout_pattern\u00a0\u00bb padding_top=\u00a0\u00bb100&Prime; z_index=\u00a0\u00bb\u00a0\u00bb][vc_column][vc_column_text css=\u00a0\u00bb\u00a0\u00bb] Service v\u00e9t\u00e9rinaire \u00e0 domicile [\/vc_column_text][\/vc_column][\/vc_row][vc_row css_animation=\u00a0\u00bb\u00a0\u00bb row_type=\u00a0\u00bbrow\u00a0\u00bb use_row_as_full_screen_section=\u00a0\u00bbno\u00a0\u00bb type=\u00a0\u00bbgrid\u00a0\u00bb angled_section=\u00a0\u00bbno\u00a0\u00bb text_align=\u00a0\u00bbcenter\u00a0\u00bb background_image_as_pattern=\u00a0\u00bbwithout_pattern\u00a0\u00bb padding_top=\u00a0\u00bb100&Prime;][vc_column width=\u00a0\u00bb1\/2&Prime;][vc_column_text]Animal Salut offre un service v\u00e9t\u00e9rinaire \u00e0 domicile \u00e0 Barcelon\u00e8s, Garraf, Alt Pened\u00e9s et environs principalement. Avec nous, le v\u00e9t\u00e9rinaire sera&#8230;<\/p>\n","protected":false},"author":2,"featured_media":0,"parent":0,"menu_order":0,"comment_status":"open","ping_status":"closed","template":"","meta":{"footnotes":""},"class_list":["post-20591","page","type-page","status-publish","hentry"],"yoast_head":"<!-- This site is optimized with the Yoast SEO plugin v27.5 - https:\/\/yoast.com\/product\/yoast-seo-wordpress\/ -->\n<title>Adresses Animal Salut - V\u00e9t\u00e9rinaire \u00e0 domicile et centre \u00e0 Barcelona<\/title>\n<meta name=\"description\" content=\"Animal Salut est un service v\u00e9t\u00e9rinaire \u00e0 domicile \u00e0 Barcelon\u00e8s. Chez nous, le v\u00e9t\u00e9rinaire sera toujours proche, \u00e0 mesure que nous d\u00e9m\u00e9nageons chez vous\" \/>\n<meta name=\"robots\" content=\"index, follow, max-snippet:-1, max-image-preview:large, max-video-preview:-1\" \/>\n<link rel=\"canonical\" href=\"https:\/\/www.animalsalut.com\/fr\/adresses\/\" \/>\n<meta property=\"og:locale\" content=\"fr_FR\" \/>\n<meta property=\"og:type\" content=\"article\" \/>\n<meta property=\"og:title\" content=\"Nosotros Animal Salut - Servicio de veterinario a domicilio\" \/>\n<meta property=\"og:description\" content=\"Nuestra veterinario a domicilio es Mireia Badia Pinilla, licenciada en veterinaria en la Universidad Aut\u00f3noma de Barcelona.\" \/>\n<meta property=\"og:url\" content=\"https:\/\/www.animalsalut.com\/fr\/adresses\/\" \/>\n<meta property=\"og:site_name\" content=\"Animal Salut\" \/>\n<meta property=\"article:publisher\" content=\"https:\/\/www.facebook.com\/animalsalut\" \/>\n<meta property=\"article:modified_time\" content=\"2025-03-06T09:05:04+00:00\" \/>\n<meta property=\"og:image\" content=\"https:\/\/www.animalsalut.com\/wp-content\/uploads\/2016\/12\/logo_icon.png\" \/>\n\t<meta property=\"og:image:width\" content=\"300\" \/>\n\t<meta property=\"og:image:height\" content=\"300\" \/>\n\t<meta property=\"og:image:type\" content=\"image\/png\" \/>\n<meta name=\"twitter:card\" content=\"summary_large_image\" \/>\n<meta name=\"twitter:title\" content=\"Nosotros Animal Salut - Servicio de veterinario a domicilio\" \/>\n<meta name=\"twitter:description\" content=\"Nuestra veterinario a domicilio es Mireia Badia Pinilla, licenciada en veterinaria en la Universidad Aut\u00f3noma de Barcelona.\" \/>\n<meta name=\"twitter:image\" content=\"https:\/\/www.animalsalut.com\/wp-content\/uploads\/2016\/12\/logo_icon.png\" \/>\n<meta name=\"twitter:site\" content=\"@animalsalut\" \/>\n<meta name=\"twitter:label1\" content=\"Dur\u00e9e de lecture estim\u00e9e\" \/>\n\t<meta name=\"twitter:data1\" content=\"5 minutes\" \/>\n<script type=\"application\/ld+json\" class=\"yoast-schema-graph\">{\"@context\":\"https:\\\/\\\/schema.org\",\"@graph\":[{\"@type\":\"WebPage\",\"@id\":\"https:\\\/\\\/www.animalsalut.com\\\/fr\\\/adresses\\\/\",\"url\":\"https:\\\/\\\/www.animalsalut.com\\\/fr\\\/adresses\\\/\",\"name\":\"Adresses Animal Salut - V\u00e9t\u00e9rinaire \u00e0 domicile et centre \u00e0 Barcelona\",\"isPartOf\":{\"@id\":\"https:\\\/\\\/www.animalsalut.com\\\/fr\\\/?lang=ca\\\/#website\"},\"datePublished\":\"2018-08-04T17:41:01+00:00\",\"dateModified\":\"2025-03-06T09:05:04+00:00\",\"description\":\"Animal Salut est un service v\u00e9t\u00e9rinaire \u00e0 domicile \u00e0 Barcelon\u00e8s. Chez nous, le v\u00e9t\u00e9rinaire sera toujours proche, \u00e0 mesure que nous d\u00e9m\u00e9nageons chez vous\",\"breadcrumb\":{\"@id\":\"https:\\\/\\\/www.animalsalut.com\\\/fr\\\/adresses\\\/#breadcrumb\"},\"inLanguage\":\"fr-FR\",\"potentialAction\":[{\"@type\":\"ReadAction\",\"target\":[\"https:\\\/\\\/www.animalsalut.com\\\/fr\\\/adresses\\\/\"]}]},{\"@type\":\"BreadcrumbList\",\"@id\":\"https:\\\/\\\/www.animalsalut.com\\\/fr\\\/adresses\\\/#breadcrumb\",\"itemListElement\":[{\"@type\":\"ListItem\",\"position\":1,\"name\":\"Portada\",\"item\":\"https:\\\/\\\/www.animalsalut.com\\\/fr\\\/\"},{\"@type\":\"ListItem\",\"position\":2,\"name\":\"Adresses\"}]},{\"@type\":\"WebSite\",\"@id\":\"https:\\\/\\\/www.animalsalut.com\\\/fr\\\/?lang=ca\\\/#website\",\"url\":\"https:\\\/\\\/www.animalsalut.com\\\/fr\\\/?lang=ca\\\/\",\"name\":\"Animal Salut\",\"description\":\"V\u00e9t\u00e9rinaire \u00e0 domicile \u00e0 Barcelone\",\"publisher\":{\"@id\":\"https:\\\/\\\/www.animalsalut.com\\\/fr\\\/?lang=ca\\\/#organization\"},\"alternateName\":\"Veterinari a domicili\",\"potentialAction\":[{\"@type\":\"SearchAction\",\"target\":{\"@type\":\"EntryPoint\",\"urlTemplate\":\"https:\\\/\\\/www.animalsalut.com\\\/fr\\\/?lang=ca\\\/?s={search_term_string}\"},\"query-input\":{\"@type\":\"PropertyValueSpecification\",\"valueRequired\":true,\"valueName\":\"search_term_string\"}}],\"inLanguage\":\"fr-FR\"},{\"@type\":\"Organization\",\"@id\":\"https:\\\/\\\/www.animalsalut.com\\\/fr\\\/?lang=ca\\\/#organization\",\"name\":\"Animal Salut\",\"alternateName\":\"Animal Salut - Veterinario a domicilio\",\"url\":\"https:\\\/\\\/www.animalsalut.com\\\/fr\\\/?lang=ca\\\/\",\"logo\":{\"@type\":\"ImageObject\",\"inLanguage\":\"fr-FR\",\"@id\":\"https:\\\/\\\/www.animalsalut.com\\\/fr\\\/?lang=ca\\\/#\\\/schema\\\/logo\\\/image\\\/\",\"url\":\"https:\\\/\\\/www.animalsalut.com\\\/wp-content\\\/uploads\\\/2018\\\/10\\\/cropped-logo_animal_salut-1.png\",\"contentUrl\":\"https:\\\/\\\/www.animalsalut.com\\\/wp-content\\\/uploads\\\/2018\\\/10\\\/cropped-logo_animal_salut-1.png\",\"width\":512,\"height\":512,\"caption\":\"Animal Salut\"},\"image\":{\"@id\":\"https:\\\/\\\/www.animalsalut.com\\\/fr\\\/?lang=ca\\\/#\\\/schema\\\/logo\\\/image\\\/\"},\"sameAs\":[\"https:\\\/\\\/www.facebook.com\\\/animalsalut\",\"https:\\\/\\\/x.com\\\/animalsalut\",\"https:\\\/\\\/www.instagram.com\\\/animalsalut\",\"https:\\\/\\\/www.threads.net\\\/@animalsalut\"]}]}<\/script>\n<!-- \/ Yoast SEO plugin. -->","yoast_head_json":{"title":"Adresses Animal Salut - V\u00e9t\u00e9rinaire \u00e0 domicile et centre \u00e0 Barcelona","description":"Animal Salut est un service v\u00e9t\u00e9rinaire \u00e0 domicile \u00e0 Barcelon\u00e8s. Chez nous, le v\u00e9t\u00e9rinaire sera toujours proche, \u00e0 mesure que nous d\u00e9m\u00e9nageons chez vous","robots":{"index":"index","follow":"follow","max-snippet":"max-snippet:-1","max-image-preview":"max-image-preview:large","max-video-preview":"max-video-preview:-1"},"canonical":"https:\/\/www.animalsalut.com\/fr\/adresses\/","og_locale":"fr_FR","og_type":"article","og_title":"Nosotros Animal Salut - Servicio de veterinario a domicilio","og_description":"Nuestra veterinario a domicilio es Mireia Badia Pinilla, licenciada en veterinaria en la Universidad Aut\u00f3noma de Barcelona.","og_url":"https:\/\/www.animalsalut.com\/fr\/adresses\/","og_site_name":"Animal Salut","article_publisher":"https:\/\/www.facebook.com\/animalsalut","article_modified_time":"2025-03-06T09:05:04+00:00","og_image":[{"width":300,"height":300,"url":"https:\/\/www.animalsalut.com\/wp-content\/uploads\/2016\/12\/logo_icon.png","type":"image\/png"}],"twitter_card":"summary_large_image","twitter_title":"Nosotros Animal Salut - Servicio de veterinario a domicilio","twitter_description":"Nuestra veterinario a domicilio es Mireia Badia Pinilla, licenciada en veterinaria en la Universidad Aut\u00f3noma de Barcelona.","twitter_image":"https:\/\/www.animalsalut.com\/wp-content\/uploads\/2016\/12\/logo_icon.png","twitter_site":"@animalsalut","twitter_misc":{"Dur\u00e9e de lecture estim\u00e9e":"5 minutes"},"schema":{"@context":"https:\/\/schema.org","@graph":[{"@type":"WebPage","@id":"https:\/\/www.animalsalut.com\/fr\/adresses\/","url":"https:\/\/www.animalsalut.com\/fr\/adresses\/","name":"Adresses Animal Salut - V\u00e9t\u00e9rinaire \u00e0 domicile et centre \u00e0 Barcelona","isPartOf":{"@id":"https:\/\/www.animalsalut.com\/fr\/?lang=ca\/#website"},"datePublished":"2018-08-04T17:41:01+00:00","dateModified":"2025-03-06T09:05:04+00:00","description":"Animal Salut est un service v\u00e9t\u00e9rinaire \u00e0 domicile \u00e0 Barcelon\u00e8s. Chez nous, le v\u00e9t\u00e9rinaire sera toujours proche, \u00e0 mesure que nous d\u00e9m\u00e9nageons chez vous","breadcrumb":{"@id":"https:\/\/www.animalsalut.com\/fr\/adresses\/#breadcrumb"},"inLanguage":"fr-FR","potentialAction":[{"@type":"ReadAction","target":["https:\/\/www.animalsalut.com\/fr\/adresses\/"]}]},{"@type":"BreadcrumbList","@id":"https:\/\/www.animalsalut.com\/fr\/adresses\/#breadcrumb","itemListElement":[{"@type":"ListItem","position":1,"name":"Portada","item":"https:\/\/www.animalsalut.com\/fr\/"},{"@type":"ListItem","position":2,"name":"Adresses"}]},{"@type":"WebSite","@id":"https:\/\/www.animalsalut.com\/fr\/?lang=ca\/#website","url":"https:\/\/www.animalsalut.com\/fr\/?lang=ca\/","name":"Animal Salut","description":"V\u00e9t\u00e9rinaire \u00e0 domicile \u00e0 Barcelone","publisher":{"@id":"https:\/\/www.animalsalut.com\/fr\/?lang=ca\/#organization"},"alternateName":"Veterinari a domicili","potentialAction":[{"@type":"SearchAction","target":{"@type":"EntryPoint","urlTemplate":"https:\/\/www.animalsalut.com\/fr\/?lang=ca\/?s={search_term_string}"},"query-input":{"@type":"PropertyValueSpecification","valueRequired":true,"valueName":"search_term_string"}}],"inLanguage":"fr-FR"},{"@type":"Organization","@id":"https:\/\/www.animalsalut.com\/fr\/?lang=ca\/#organization","name":"Animal Salut","alternateName":"Animal Salut - Veterinario a domicilio","url":"https:\/\/www.animalsalut.com\/fr\/?lang=ca\/","logo":{"@type":"ImageObject","inLanguage":"fr-FR","@id":"https:\/\/www.animalsalut.com\/fr\/?lang=ca\/#\/schema\/logo\/image\/","url":"https:\/\/www.animalsalut.com\/wp-content\/uploads\/2018\/10\/cropped-logo_animal_salut-1.png","contentUrl":"https:\/\/www.animalsalut.com\/wp-content\/uploads\/2018\/10\/cropped-logo_animal_salut-1.png","width":512,"height":512,"caption":"Animal Salut"},"image":{"@id":"https:\/\/www.animalsalut.com\/fr\/?lang=ca\/#\/schema\/logo\/image\/"},"sameAs":["https:\/\/www.facebook.com\/animalsalut","https:\/\/x.com\/animalsalut","https:\/\/www.instagram.com\/animalsalut","https:\/\/www.threads.net\/@animalsalut"]}]}},"_links":{"self":[{"href":"https:\/\/www.animalsalut.com\/fr\/wp-json\/wp\/v2\/pages\/20591","targetHints":{"allow":["GET"]}}],"collection":[{"href":"https:\/\/www.animalsalut.com\/fr\/wp-json\/wp\/v2\/pages"}],"about":[{"href":"https:\/\/www.animalsalut.com\/fr\/wp-json\/wp\/v2\/types\/page"}],"author":[{"embeddable":true,"href":"https:\/\/www.animalsalut.com\/fr\/wp-json\/wp\/v2\/users\/2"}],"replies":[{"embeddable":true,"href":"https:\/\/www.animalsalut.com\/fr\/wp-json\/wp\/v2\/comments?post=20591"}],"version-history":[{"count":10,"href":"https:\/\/www.animalsalut.com\/fr\/wp-json\/wp\/v2\/pages\/20591\/revisions"}],"predecessor-version":[{"id":42137,"href":"https:\/\/www.animalsalut.com\/fr\/wp-json\/wp\/v2\/pages\/20591\/revisions\/42137"}],"wp:attachment":[{"href":"https:\/\/www.animalsalut.com\/fr\/wp-json\/wp\/v2\/media?parent=20591"}],"curies":[{"name":"wp","href":"https:\/\/api.w.org\/{rel}","templated":true}]}}