{"id":20804,"date":"2018-08-05T13:31:56","date_gmt":"2018-08-05T11:31:56","guid":{"rendered":"https:\/\/staging2.animalsalut.com\/peluqueria\/"},"modified":"2025-03-04T10:29:00","modified_gmt":"2025-03-04T09:29:00","slug":"coiffure","status":"publish","type":"page","link":"https:\/\/www.animalsalut.com\/fr\/coiffure\/","title":{"rendered":"Coiffure"},"content":{"rendered":"<div class=\"wpb-content-wrapper\"><p>[vc_row css_animation=\u00a0\u00bb\u00a0\u00bb row_type=\u00a0\u00bbrow\u00a0\u00bb use_row_as_full_screen_section=\u00a0\u00bbyes\u00a0\u00bb type=\u00a0\u00bbfull_width\u00a0\u00bb angled_section=\u00a0\u00bbno\u00a0\u00bb text_align=\u00a0\u00bbcenter\u00a0\u00bb background_image_as_pattern=\u00a0\u00bbwithout_pattern\u00a0\u00bb css=\u00a0\u00bb.vc_custom_1741080309899{margin-top: 100px !important;}\u00a0\u00bb z_index=\u00a0\u00bb\u00a0\u00bb][vc_column][vc_column_text css=\u00a0\u00bb.vc_custom_1741080527658{margin-bottom: 0px !important;}\u00a0\u00bb]<\/p>\n<h1 style=\"text-align: center;\"><span style=\"font-size: 30pt; color: #1744b9;\">Coiffure<\/span><\/h1>\n<p>[\/vc_column_text][\/vc_column][\/vc_row][vc_row css_animation=\u00a0\u00bb\u00a0\u00bb row_type=\u00a0\u00bbrow\u00a0\u00bb use_row_as_full_screen_section=\u00a0\u00bbno\u00a0\u00bb type=\u00a0\u00bbfull_width\u00a0\u00bb angled_section=\u00a0\u00bbno\u00a0\u00bb text_align=\u00a0\u00bbleft\u00a0\u00bb background_image_as_pattern=\u00a0\u00bbwithout_pattern\u00a0\u00bb z_index=\u00a0\u00bb\u00a0\u00bb][vc_column][vc_empty_space height=\u00a0\u00bb3em\u00a0\u00bb][vc_row_inner row_type=\u00a0\u00bbrow\u00a0\u00bb type=\u00a0\u00bbgrid\u00a0\u00bb text_align=\u00a0\u00bbleft\u00a0\u00bb css_animation=\u00a0\u00bb\u00a0\u00bb][vc_column_inner width=\u00a0\u00bb1\/6&Prime;][\/vc_column_inner][vc_column_inner width=\u00a0\u00bb2\/3&Prime;][vc_column_text]<\/p>\n<p style=\"margin: 0cm 0cm 0.0001pt; text-align: center;\"><span style=\"font-weight: 400;\">Dans la coiffure Animal Salut, vous trouverez des professionnels de la coiffure canine, f\u00e9line et lapine. Nous offrons des coupes confortables, des coupes de concours, des coupes de stripping et des coupes sp\u00e9cifiques \u00e0 la race. Chaque individu est un cas unique pour nous, offrant toujours des conseils individuels et les meilleurs soins pour la sant\u00e9 et le bien-\u00eatre des poils et de la peau de votre animal.<\/span><\/p>\n<p>[\/vc_column_text][\/vc_column_inner][vc_column_inner width=\u00a0\u00bb1\/6&Prime;][\/vc_column_inner][\/vc_row_inner][vc_empty_space height=\u00a0\u00bb3em\u00a0\u00bb][\/vc_column][\/vc_row][vc_row css_animation=\u00a0\u00bb\u00a0\u00bb row_type=\u00a0\u00bbrow\u00a0\u00bb use_row_as_full_screen_section=\u00a0\u00bbno\u00a0\u00bb type=\u00a0\u00bbgrid\u00a0\u00bb angled_section=\u00a0\u00bbno\u00a0\u00bb text_align=\u00a0\u00bbleft\u00a0\u00bb background_image_as_pattern=\u00a0\u00bbwithout_pattern\u00a0\u00bb][vc_column][vc_gallery type=\u00a0\u00bbimage_grid\u00a0\u00bb images=\u00a0\u00bb20809,20808,20810,20805&Prime; img_size=\u00a0\u00bbfull\u00a0\u00bb column_number=\u00a0\u00bb4&Prime; grayscale=\u00a0\u00bbno\u00a0\u00bb images_space=\u00a0\u00bbgallery_without_space\u00a0\u00bb][\/vc_column][\/vc_row][vc_row css_animation=\u00a0\u00bb\u00a0\u00bb row_type=\u00a0\u00bbrow\u00a0\u00bb use_row_as_full_screen_section=\u00a0\u00bbno\u00a0\u00bb type=\u00a0\u00bbgrid\u00a0\u00bb angled_section=\u00a0\u00bbno\u00a0\u00bb text_align=\u00a0\u00bbleft\u00a0\u00bb background_image_as_pattern=\u00a0\u00bbwithout_pattern\u00a0\u00bb z_index=\u00a0\u00bb\u00a0\u00bb][vc_column][vc_empty_space height=\u00a0\u00bb3em\u00a0\u00bb][vc_column_text]<\/p>\n<h2 style=\"text-align: center;\">Nos sp\u00e9cialit\u00e9s<\/h2>\n<p>[\/vc_column_text][vc_empty_space height=\u00a0\u00bb3em\u00a0\u00bb][\/vc_column][\/vc_row][vc_row css_animation=\u00a0\u00bb\u00a0\u00bb row_type=\u00a0\u00bbrow\u00a0\u00bb use_row_as_full_screen_section=\u00a0\u00bbno\u00a0\u00bb type=\u00a0\u00bbgrid\u00a0\u00bb angled_section=\u00a0\u00bbno\u00a0\u00bb text_align=\u00a0\u00bbleft\u00a0\u00bb background_image_as_pattern=\u00a0\u00bbwithout_pattern\u00a0\u00bb][vc_column width=\u00a0\u00bb1\/4&Prime;][vc_column_text]<\/p>\n<h5 style=\"text-align: center;\"><strong>Coiffure canine<\/strong><\/h5>\n<p>[\/vc_column_text][vc_empty_space height=\u00a0\u00bb1em\u00a0\u00bb][vc_separator type=\u00a0\u00bbnormal\u00a0\u00bb color=\u00a0\u00bb#b7b7b7&Prime;][vc_empty_space height=\u00a0\u00bb1em\u00a0\u00bb][vc_column_text]<\/p>\n<p style=\"text-align: center;\"><span style=\"font-weight: 400;\">Ils seront toujours beaux gr\u00e2ce \u00e0 notre service. Nous incluons, <\/span><span style=\"font-weight: 400;\">au besoin,<\/span><span style=\"font-weight: 400;\"> la vidange des glandes anales et le nettoyage des oreilles et des plantaires.<\/span><\/p>\n<p>[\/vc_column_text][vc_empty_space height=\u00a0\u00bb3em\u00a0\u00bb][\/vc_column][vc_column width=\u00a0\u00bb1\/4&Prime;][vc_column_text]<\/p>\n<h5 style=\"text-align: center;\"><strong>Autres animaux<\/strong><\/h5>\n<p>[\/vc_column_text][vc_empty_space height=\u00a0\u00bb1em\u00a0\u00bb][vc_separator type=\u00a0\u00bbnormal\u00a0\u00bb color=\u00a0\u00bb#b7b7b7&Prime;][vc_empty_space height=\u00a0\u00bb1em\u00a0\u00bb][vc_column_text]<\/p>\n<p style=\"text-align: center;\"><span style=\"font-weight: 400;\">Nous offrons \u00e9galement des services de coiffure pour d&rsquo;autres animaux tels que chats, lapins, furets&#8230; Contactez-nous si vous avez des doutes.<\/span><\/p>\n<p>[\/vc_column_text][vc_empty_space height=\u00a0\u00bb3em\u00a0\u00bb][\/vc_column][vc_column width=\u00a0\u00bb1\/4&Prime;][vc_column_text]<\/p>\n<h5 style=\"text-align: center;\"><strong>Bain sp\u00e9cialis\u00e9e<\/strong><\/h5>\n<p>[\/vc_column_text][vc_empty_space height=\u00a0\u00bb1em\u00a0\u00bb][vc_separator type=\u00a0\u00bbnormal\u00a0\u00bb color=\u00a0\u00bb#b7b7b7&Prime;][vc_empty_space height=\u00a0\u00bb1em\u00a0\u00bb][vc_column_text]<\/p>\n<p style=\"text-align: center;\"><span style=\"font-weight: 400;\">Nous utilisons toujours les shampooings, revitalisants, produits et parfums les plus appropri\u00e9s pour la peau de chaque client en fonction de sa sensibilit\u00e9 ou de son \u00e9tat.<\/span><\/p>\n<p>[\/vc_column_text][vc_empty_space height=\u00a0\u00bb3em\u00a0\u00bb][\/vc_column][vc_column width=\u00a0\u00bb1\/4&Prime;][vc_column_text]<\/p>\n<h5 style=\"text-align: center;\"><strong>Technique de stripping<\/strong><\/h5>\n<p>[\/vc_column_text][vc_empty_space height=\u00a0\u00bb1em\u00a0\u00bb][vc_separator type=\u00a0\u00bbnormal\u00a0\u00bb color=\u00a0\u00bb#b7b7b7&Prime;][vc_empty_space height=\u00a0\u00bb1em\u00a0\u00bb][vc_column_text]<\/p>\n<p style=\"text-align: center;\"><span style=\"font-weight: 400;\">Seulement pour les chiens \u00e0 poils durs. Est bas\u00e9 sur l&rsquo;enl\u00e8vement de la longue couche pour permettre \u00e0 la nouvelle de cro\u00eetre, ainsi oxyg\u00e9ner et d&rsquo;am\u00e9liorer la qualit\u00e9 des poils.<\/span><\/p>\n<p>[\/vc_column_text][vc_empty_space height=\u00a0\u00bb3em\u00a0\u00bb][\/vc_column][\/vc_row][vc_row css_animation=\u00a0\u00bb\u00a0\u00bb row_type=\u00a0\u00bbrow\u00a0\u00bb use_row_as_full_screen_section=\u00a0\u00bbno\u00a0\u00bb type=\u00a0\u00bbgrid\u00a0\u00bb angled_section=\u00a0\u00bbno\u00a0\u00bb text_align=\u00a0\u00bbleft\u00a0\u00bb background_image_as_pattern=\u00a0\u00bbwithout_pattern\u00a0\u00bb][vc_column width=\u00a0\u00bb1\/4&Prime;][vc_column_text]<\/p>\n<h5 style=\"text-align: center;\"><strong>Coupez les ciseaux<\/strong><\/h5>\n<p>[\/vc_column_text][vc_empty_space height=\u00a0\u00bb1em\u00a0\u00bb][vc_separator type=\u00a0\u00bbnormal\u00a0\u00bb color=\u00a0\u00bb#b7b7b7&Prime;][vc_empty_space height=\u00a0\u00bb1em\u00a0\u00bb][vc_column_text]<\/p>\n<p style=\"text-align: center;\"><span style=\"font-weight: 400;\">Nous utilisons la coupe en ciseaux dans les zones d\u00e9licates telles que le visage ou les jambes. De cette fa\u00e7on, nous obtenons une finition parfaite et manuelle. Demandez-nous sur cette technique.<\/span><\/p>\n<p>[\/vc_column_text][vc_empty_space height=\u00a0\u00bb3em\u00a0\u00bb][\/vc_column][vc_column width=\u00a0\u00bb1\/4&Prime;][vc_column_text]<\/p>\n<h5 style=\"text-align: center;\"><strong>D\u00e9coupe \u00e0 la machine<\/strong><\/h5>\n<p>[\/vc_column_text][vc_empty_space height=\u00a0\u00bb1em\u00a0\u00bb][vc_separator type=\u00a0\u00bbnormal\u00a0\u00bb color=\u00a0\u00bb#b7b7b7&Prime;][vc_empty_space height=\u00a0\u00bb1em\u00a0\u00bb][vc_column_text]<\/p>\n<p style=\"text-align: center;\"><span style=\"font-weight: 400;\">C&rsquo;est la technique la plus utilis\u00e9e. Nous obtiendrons un r\u00e9sultat uniforme et nous pourrons acc\u00e9l\u00e9rer la coupe. Nous pouvons l&rsquo;utiliser pour de nombreuses races.<\/span><\/p>\n<p>[\/vc_column_text][vc_empty_space height=\u00a0\u00bb3em\u00a0\u00bb][\/vc_column][vc_column width=\u00a0\u00bb1\/4&Prime;][vc_column_text]<\/p>\n<h5 style=\"text-align: center;\"><strong>D\u00e9lamin\u00e9<\/strong><\/h5>\n<p>[\/vc_column_text][vc_empty_space height=\u00a0\u00bb1em\u00a0\u00bb][vc_separator type=\u00a0\u00bbnormal\u00a0\u00bb color=\u00a0\u00bb#b7b7b7&Prime;][vc_empty_space height=\u00a0\u00bb1em\u00a0\u00bb][vc_column_text]<\/p>\n<p style=\"text-align: center;\"><span style=\"font-weight: 400;\">Il y a des races qu&rsquo;il ne faut pas couper les poils, pour ces cas la meilleure chose \u00e0 faire est de <\/span><span style=\"font-weight: 400;\">d\u00e9lamin\u00e9<\/span><span style=\"font-weight: 400;\"> quand la saison chaude arrive et, avec elle, le muda.<\/span><\/p>\n<p>[\/vc_column_text][vc_empty_space height=\u00a0\u00bb3em\u00a0\u00bb][\/vc_column][vc_column width=\u00a0\u00bb1\/4&Prime;][vc_column_text]<\/p>\n<h5 style=\"text-align: center;\"><strong>D\u00e9brouiller<\/strong><\/h5>\n<p>[\/vc_column_text][vc_empty_space height=\u00a0\u00bb1em\u00a0\u00bb][vc_separator type=\u00a0\u00bbnormal\u00a0\u00bb color=\u00a0\u00bb#b7b7b7&Prime;][vc_empty_space height=\u00a0\u00bb1em\u00a0\u00bb][vc_column_text]<\/p>\n<p style=\"text-align: center;\"><span style=\"font-weight: 400;\">Il est parfois possible d&rsquo;enlever les n\u0153uds sans se raser. Les n\u0153uds emp\u00eachent l&rsquo;oxyg\u00e9nation des poils, donc les enlever signifie d\u00e9sinfecter la peau.<\/span><\/p>\n<p>[\/vc_column_text][vc_empty_space height=\u00a0\u00bb3em\u00a0\u00bb][\/vc_column][\/vc_row][vc_row css_animation=\u00a0\u00bb\u00a0\u00bb row_type=\u00a0\u00bbrow\u00a0\u00bb use_row_as_full_screen_section=\u00a0\u00bbno\u00a0\u00bb type=\u00a0\u00bbgrid\u00a0\u00bb angled_section=\u00a0\u00bbno\u00a0\u00bb text_align=\u00a0\u00bbleft\u00a0\u00bb background_image_as_pattern=\u00a0\u00bbwithout_pattern\u00a0\u00bb css=\u00a0\u00bb.vc_custom_1539638176126{background-color: #f3f3f3 !important;}\u00a0\u00bb z_index=\u00a0\u00bb\u00a0\u00bb][vc_column][vc_empty_space height=\u00a0\u00bb3em\u00a0\u00bb][vc_column_text]<\/p>\n<h2 style=\"text-align: center;\">#ponloguau<\/h2>\n<p>[\/vc_column_text][vc_empty_space height=\u00a0\u00bb3em\u00a0\u00bb][\/vc_column][\/vc_row][vc_row css_animation=\u00a0\u00bb\u00a0\u00bb row_type=\u00a0\u00bbrow\u00a0\u00bb use_row_as_full_screen_section=\u00a0\u00bbno\u00a0\u00bb type=\u00a0\u00bbgrid\u00a0\u00bb angled_section=\u00a0\u00bbno\u00a0\u00bb text_align=\u00a0\u00bbleft\u00a0\u00bb background_image_as_pattern=\u00a0\u00bbwithout_pattern\u00a0\u00bb css=\u00a0\u00bb.vc_custom_1539638187052{background-color: #f3f3f3 !important;}\u00a0\u00bb z_index=\u00a0\u00bb\u00a0\u00bb][vc_column]<div class='blog_slider_holder clearfix '><div class='blog_slider blog_slider_carousel' data-blogs_shown=\"4\" data-auto_start=\"true\"><ul class='blog_slides'>Sorry, no posts matched your criteria.<\/ul><ul class=\"caroufredsel-direction-nav\"><li><a id=\"caroufredsel-prev\" class=\"caroufredsel-prev\" href=\"#\"><div><i class=\"fa fa-angle-left\"><\/i><\/div><\/a><\/li><li><a class=\"caroufredsel-next\" id=\"caroufredsel-next\" href=\"#\"><div><i class=\"fa fa-angle-right\"><\/i><\/div><\/a><\/li><\/ul><\/div><\/div>[vc_empty_space height=\u00a0\u00bb3em\u00a0\u00bb][\/vc_column][\/vc_row][vc_row css_animation=\u00a0\u00bb\u00a0\u00bb row_type=\u00a0\u00bbrow\u00a0\u00bb use_row_as_full_screen_section=\u00a0\u00bbno\u00a0\u00bb type=\u00a0\u00bbgrid\u00a0\u00bb angled_section=\u00a0\u00bbno\u00a0\u00bb text_align=\u00a0\u00bbleft\u00a0\u00bb background_image_as_pattern=\u00a0\u00bbwithout_pattern\u00a0\u00bb][vc_column][vc_gallery type=\u00a0\u00bbimage_grid\u00a0\u00bb images=\u00a0\u00bb20812,20814,20815,20813&Prime; img_size=\u00a0\u00bbfull\u00a0\u00bb column_number=\u00a0\u00bb4&Prime; grayscale=\u00a0\u00bbno\u00a0\u00bb images_space=\u00a0\u00bbgallery_without_space\u00a0\u00bb][vc_empty_space height=\u00a0\u00bb5em\u00a0\u00bb][\/vc_column][\/vc_row]<\/p>\n<\/div>","protected":false},"excerpt":{"rendered":"<p>[vc_row css_animation=\u00a0\u00bb\u00a0\u00bb row_type=\u00a0\u00bbrow\u00a0\u00bb use_row_as_full_screen_section=\u00a0\u00bbyes\u00a0\u00bb type=\u00a0\u00bbfull_width\u00a0\u00bb angled_section=\u00a0\u00bbno\u00a0\u00bb text_align=\u00a0\u00bbcenter\u00a0\u00bb background_image_as_pattern=\u00a0\u00bbwithout_pattern\u00a0\u00bb css=\u00a0\u00bb.vc_custom_1741080309899{margin-top: 100px !important;}\u00a0\u00bb z_index=\u00a0\u00bb\u00a0\u00bb][vc_column][vc_column_text css=\u00a0\u00bb.vc_custom_1741080527658{margin-bottom: 0px !important;}\u00a0\u00bb] Coiffure [\/vc_column_text][\/vc_column][\/vc_row][vc_row css_animation=\u00a0\u00bb\u00a0\u00bb row_type=\u00a0\u00bbrow\u00a0\u00bb use_row_as_full_screen_section=\u00a0\u00bbno\u00a0\u00bb type=\u00a0\u00bbfull_width\u00a0\u00bb angled_section=\u00a0\u00bbno\u00a0\u00bb text_align=\u00a0\u00bbleft\u00a0\u00bb background_image_as_pattern=\u00a0\u00bbwithout_pattern\u00a0\u00bb z_index=\u00a0\u00bb\u00a0\u00bb][vc_column][vc_empty_space height=\u00a0\u00bb3em\u00a0\u00bb][vc_row_inner row_type=\u00a0\u00bbrow\u00a0\u00bb type=\u00a0\u00bbgrid\u00a0\u00bb text_align=\u00a0\u00bbleft\u00a0\u00bb css_animation=\u00a0\u00bb\u00a0\u00bb][vc_column_inner width=\u00a0\u00bb1\/6&Prime;][\/vc_column_inner][vc_column_inner width=\u00a0\u00bb2\/3&Prime;][vc_column_text] Dans la coiffure Animal Salut, vous trouverez des professionnels de la coiffure canine,&#8230;<\/p>\n","protected":false},"author":2,"featured_media":0,"parent":0,"menu_order":0,"comment_status":"open","ping_status":"closed","template":"full_width.php","meta":{"footnotes":""},"class_list":["post-20804","page","type-page","status-publish","hentry"],"yoast_head":"<!-- This site is optimized with the Yoast SEO plugin v27.5 - https:\/\/yoast.com\/product\/yoast-seo-wordpress\/ -->\n<title>Coiffure Animal Salut - V\u00e9t\u00e9rinaire \u00e0 domicile et centre \u00e0 Barcelona<\/title>\n<meta name=\"description\" content=\"Dans notre salon de coiffure, vous trouverez des professionnels du stylisme animalier. Coupes confortables, contest\u00e9es, d\u00e9capantes et sp\u00e9cifiques.\" \/>\n<meta name=\"robots\" content=\"index, follow, max-snippet:-1, max-image-preview:large, max-video-preview:-1\" \/>\n<link rel=\"canonical\" href=\"https:\/\/www.animalsalut.com\/fr\/coiffure\/\" \/>\n<meta property=\"og:locale\" content=\"fr_FR\" \/>\n<meta property=\"og:type\" content=\"article\" \/>\n<meta property=\"og:title\" content=\"Nosotros Animal Salut - Servicio de veterinario a domicilio\" \/>\n<meta property=\"og:description\" content=\"Nuestra veterinario a domicilio es Mireia Badia Pinilla, licenciada en veterinaria en la Universidad Aut\u00f3noma de Barcelona.\" \/>\n<meta property=\"og:url\" content=\"https:\/\/www.animalsalut.com\/fr\/coiffure\/\" \/>\n<meta property=\"og:site_name\" content=\"Animal Salut\" \/>\n<meta property=\"article:publisher\" content=\"https:\/\/www.facebook.com\/animalsalut\" \/>\n<meta property=\"article:modified_time\" content=\"2025-03-04T09:29:00+00:00\" \/>\n<meta property=\"og:image\" content=\"https:\/\/www.animalsalut.com\/wp-content\/uploads\/2016\/12\/logo_icon.png\" \/>\n\t<meta property=\"og:image:width\" content=\"300\" \/>\n\t<meta property=\"og:image:height\" content=\"300\" \/>\n\t<meta property=\"og:image:type\" content=\"image\/png\" \/>\n<meta name=\"twitter:card\" content=\"summary_large_image\" \/>\n<meta name=\"twitter:title\" content=\"Nosotros Animal Salut - Servicio de veterinario a domicilio\" \/>\n<meta name=\"twitter:description\" content=\"Nuestra veterinario a domicilio es Mireia Badia Pinilla, licenciada en veterinaria en la Universidad Aut\u00f3noma de Barcelona.\" \/>\n<meta name=\"twitter:image\" content=\"https:\/\/www.animalsalut.com\/wp-content\/uploads\/2016\/12\/logo_icon.png\" \/>\n<meta name=\"twitter:site\" content=\"@animalsalut\" \/>\n<meta name=\"twitter:label1\" content=\"Dur\u00e9e de lecture estim\u00e9e\" \/>\n\t<meta name=\"twitter:data1\" content=\"4 minutes\" \/>\n<script type=\"application\/ld+json\" class=\"yoast-schema-graph\">{\"@context\":\"https:\\\/\\\/schema.org\",\"@graph\":[{\"@type\":\"WebPage\",\"@id\":\"https:\\\/\\\/www.animalsalut.com\\\/fr\\\/coiffure\\\/\",\"url\":\"https:\\\/\\\/www.animalsalut.com\\\/fr\\\/coiffure\\\/\",\"name\":\"Coiffure Animal Salut - V\u00e9t\u00e9rinaire \u00e0 domicile et centre \u00e0 Barcelona\",\"isPartOf\":{\"@id\":\"https:\\\/\\\/www.animalsalut.com\\\/fr\\\/?lang=ca\\\/#website\"},\"datePublished\":\"2018-08-05T11:31:56+00:00\",\"dateModified\":\"2025-03-04T09:29:00+00:00\",\"description\":\"Dans notre salon de coiffure, vous trouverez des professionnels du stylisme animalier. Coupes confortables, contest\u00e9es, d\u00e9capantes et sp\u00e9cifiques.\",\"breadcrumb\":{\"@id\":\"https:\\\/\\\/www.animalsalut.com\\\/fr\\\/coiffure\\\/#breadcrumb\"},\"inLanguage\":\"fr-FR\",\"potentialAction\":[{\"@type\":\"ReadAction\",\"target\":[\"https:\\\/\\\/www.animalsalut.com\\\/fr\\\/coiffure\\\/\"]}]},{\"@type\":\"BreadcrumbList\",\"@id\":\"https:\\\/\\\/www.animalsalut.com\\\/fr\\\/coiffure\\\/#breadcrumb\",\"itemListElement\":[{\"@type\":\"ListItem\",\"position\":1,\"name\":\"Portada\",\"item\":\"https:\\\/\\\/www.animalsalut.com\\\/fr\\\/\"},{\"@type\":\"ListItem\",\"position\":2,\"name\":\"Coiffure\"}]},{\"@type\":\"WebSite\",\"@id\":\"https:\\\/\\\/www.animalsalut.com\\\/fr\\\/?lang=ca\\\/#website\",\"url\":\"https:\\\/\\\/www.animalsalut.com\\\/fr\\\/?lang=ca\\\/\",\"name\":\"Animal Salut\",\"description\":\"V\u00e9t\u00e9rinaire \u00e0 domicile \u00e0 Barcelone\",\"publisher\":{\"@id\":\"https:\\\/\\\/www.animalsalut.com\\\/fr\\\/?lang=ca\\\/#organization\"},\"alternateName\":\"Veterinari a domicili\",\"potentialAction\":[{\"@type\":\"SearchAction\",\"target\":{\"@type\":\"EntryPoint\",\"urlTemplate\":\"https:\\\/\\\/www.animalsalut.com\\\/fr\\\/?lang=ca\\\/?s={search_term_string}\"},\"query-input\":{\"@type\":\"PropertyValueSpecification\",\"valueRequired\":true,\"valueName\":\"search_term_string\"}}],\"inLanguage\":\"fr-FR\"},{\"@type\":\"Organization\",\"@id\":\"https:\\\/\\\/www.animalsalut.com\\\/fr\\\/?lang=ca\\\/#organization\",\"name\":\"Animal Salut\",\"alternateName\":\"Animal Salut - Veterinario a domicilio\",\"url\":\"https:\\\/\\\/www.animalsalut.com\\\/fr\\\/?lang=ca\\\/\",\"logo\":{\"@type\":\"ImageObject\",\"inLanguage\":\"fr-FR\",\"@id\":\"https:\\\/\\\/www.animalsalut.com\\\/fr\\\/?lang=ca\\\/#\\\/schema\\\/logo\\\/image\\\/\",\"url\":\"https:\\\/\\\/www.animalsalut.com\\\/wp-content\\\/uploads\\\/2018\\\/10\\\/cropped-logo_animal_salut-1.png\",\"contentUrl\":\"https:\\\/\\\/www.animalsalut.com\\\/wp-content\\\/uploads\\\/2018\\\/10\\\/cropped-logo_animal_salut-1.png\",\"width\":512,\"height\":512,\"caption\":\"Animal Salut\"},\"image\":{\"@id\":\"https:\\\/\\\/www.animalsalut.com\\\/fr\\\/?lang=ca\\\/#\\\/schema\\\/logo\\\/image\\\/\"},\"sameAs\":[\"https:\\\/\\\/www.facebook.com\\\/animalsalut\",\"https:\\\/\\\/x.com\\\/animalsalut\",\"https:\\\/\\\/www.instagram.com\\\/animalsalut\",\"https:\\\/\\\/www.threads.net\\\/@animalsalut\"]}]}<\/script>\n<!-- \/ Yoast SEO plugin. -->","yoast_head_json":{"title":"Coiffure Animal Salut - V\u00e9t\u00e9rinaire \u00e0 domicile et centre \u00e0 Barcelona","description":"Dans notre salon de coiffure, vous trouverez des professionnels du stylisme animalier. Coupes confortables, contest\u00e9es, d\u00e9capantes et sp\u00e9cifiques.","robots":{"index":"index","follow":"follow","max-snippet":"max-snippet:-1","max-image-preview":"max-image-preview:large","max-video-preview":"max-video-preview:-1"},"canonical":"https:\/\/www.animalsalut.com\/fr\/coiffure\/","og_locale":"fr_FR","og_type":"article","og_title":"Nosotros Animal Salut - Servicio de veterinario a domicilio","og_description":"Nuestra veterinario a domicilio es Mireia Badia Pinilla, licenciada en veterinaria en la Universidad Aut\u00f3noma de Barcelona.","og_url":"https:\/\/www.animalsalut.com\/fr\/coiffure\/","og_site_name":"Animal Salut","article_publisher":"https:\/\/www.facebook.com\/animalsalut","article_modified_time":"2025-03-04T09:29:00+00:00","og_image":[{"width":300,"height":300,"url":"https:\/\/www.animalsalut.com\/wp-content\/uploads\/2016\/12\/logo_icon.png","type":"image\/png"}],"twitter_card":"summary_large_image","twitter_title":"Nosotros Animal Salut - Servicio de veterinario a domicilio","twitter_description":"Nuestra veterinario a domicilio es Mireia Badia Pinilla, licenciada en veterinaria en la Universidad Aut\u00f3noma de Barcelona.","twitter_image":"https:\/\/www.animalsalut.com\/wp-content\/uploads\/2016\/12\/logo_icon.png","twitter_site":"@animalsalut","twitter_misc":{"Dur\u00e9e de lecture estim\u00e9e":"4 minutes"},"schema":{"@context":"https:\/\/schema.org","@graph":[{"@type":"WebPage","@id":"https:\/\/www.animalsalut.com\/fr\/coiffure\/","url":"https:\/\/www.animalsalut.com\/fr\/coiffure\/","name":"Coiffure Animal Salut - V\u00e9t\u00e9rinaire \u00e0 domicile et centre \u00e0 Barcelona","isPartOf":{"@id":"https:\/\/www.animalsalut.com\/fr\/?lang=ca\/#website"},"datePublished":"2018-08-05T11:31:56+00:00","dateModified":"2025-03-04T09:29:00+00:00","description":"Dans notre salon de coiffure, vous trouverez des professionnels du stylisme animalier. Coupes confortables, contest\u00e9es, d\u00e9capantes et sp\u00e9cifiques.","breadcrumb":{"@id":"https:\/\/www.animalsalut.com\/fr\/coiffure\/#breadcrumb"},"inLanguage":"fr-FR","potentialAction":[{"@type":"ReadAction","target":["https:\/\/www.animalsalut.com\/fr\/coiffure\/"]}]},{"@type":"BreadcrumbList","@id":"https:\/\/www.animalsalut.com\/fr\/coiffure\/#breadcrumb","itemListElement":[{"@type":"ListItem","position":1,"name":"Portada","item":"https:\/\/www.animalsalut.com\/fr\/"},{"@type":"ListItem","position":2,"name":"Coiffure"}]},{"@type":"WebSite","@id":"https:\/\/www.animalsalut.com\/fr\/?lang=ca\/#website","url":"https:\/\/www.animalsalut.com\/fr\/?lang=ca\/","name":"Animal Salut","description":"V\u00e9t\u00e9rinaire \u00e0 domicile \u00e0 Barcelone","publisher":{"@id":"https:\/\/www.animalsalut.com\/fr\/?lang=ca\/#organization"},"alternateName":"Veterinari a domicili","potentialAction":[{"@type":"SearchAction","target":{"@type":"EntryPoint","urlTemplate":"https:\/\/www.animalsalut.com\/fr\/?lang=ca\/?s={search_term_string}"},"query-input":{"@type":"PropertyValueSpecification","valueRequired":true,"valueName":"search_term_string"}}],"inLanguage":"fr-FR"},{"@type":"Organization","@id":"https:\/\/www.animalsalut.com\/fr\/?lang=ca\/#organization","name":"Animal Salut","alternateName":"Animal Salut - Veterinario a domicilio","url":"https:\/\/www.animalsalut.com\/fr\/?lang=ca\/","logo":{"@type":"ImageObject","inLanguage":"fr-FR","@id":"https:\/\/www.animalsalut.com\/fr\/?lang=ca\/#\/schema\/logo\/image\/","url":"https:\/\/www.animalsalut.com\/wp-content\/uploads\/2018\/10\/cropped-logo_animal_salut-1.png","contentUrl":"https:\/\/www.animalsalut.com\/wp-content\/uploads\/2018\/10\/cropped-logo_animal_salut-1.png","width":512,"height":512,"caption":"Animal Salut"},"image":{"@id":"https:\/\/www.animalsalut.com\/fr\/?lang=ca\/#\/schema\/logo\/image\/"},"sameAs":["https:\/\/www.facebook.com\/animalsalut","https:\/\/x.com\/animalsalut","https:\/\/www.instagram.com\/animalsalut","https:\/\/www.threads.net\/@animalsalut"]}]}},"_links":{"self":[{"href":"https:\/\/www.animalsalut.com\/fr\/wp-json\/wp\/v2\/pages\/20804","targetHints":{"allow":["GET"]}}],"collection":[{"href":"https:\/\/www.animalsalut.com\/fr\/wp-json\/wp\/v2\/pages"}],"about":[{"href":"https:\/\/www.animalsalut.com\/fr\/wp-json\/wp\/v2\/types\/page"}],"author":[{"embeddable":true,"href":"https:\/\/www.animalsalut.com\/fr\/wp-json\/wp\/v2\/users\/2"}],"replies":[{"embeddable":true,"href":"https:\/\/www.animalsalut.com\/fr\/wp-json\/wp\/v2\/comments?post=20804"}],"version-history":[{"count":6,"href":"https:\/\/www.animalsalut.com\/fr\/wp-json\/wp\/v2\/pages\/20804\/revisions"}],"predecessor-version":[{"id":41751,"href":"https:\/\/www.animalsalut.com\/fr\/wp-json\/wp\/v2\/pages\/20804\/revisions\/41751"}],"wp:attachment":[{"href":"https:\/\/www.animalsalut.com\/fr\/wp-json\/wp\/v2\/media?parent=20804"}],"curies":[{"name":"wp","href":"https:\/\/api.w.org\/{rel}","templated":true}]}}