{"id":37694,"date":"2024-07-22T16:29:35","date_gmt":"2024-07-22T14:29:35","guid":{"rendered":"https:\/\/www.animalsalut.com\/visita-a-domicilio\/"},"modified":"2025-10-21T17:27:41","modified_gmt":"2025-10-21T15:27:41","slug":"visite-veterinaire-a-domicile","status":"publish","type":"page","link":"https:\/\/www.animalsalut.com\/fr\/visite-veterinaire-a-domicile\/","title":{"rendered":"Visite v\u00e9t\u00e9rinaire \u00e0 domicile"},"content":{"rendered":"\t\t<div data-elementor-type=\"wp-page\" data-elementor-id=\"37694\" class=\"elementor elementor-37694 elementor-37686\" data-elementor-post-type=\"page\">\n\t\t\t\t\t\t<section class=\"elementor-section elementor-top-section elementor-element elementor-element-51ef3466 elementor-section-boxed elementor-section-height-default elementor-section-height-default parallax_section_no qode_elementor_container_no\" data-id=\"51ef3466\" data-element_type=\"section\" data-e-type=\"section\">\n\t\t\t\t\t\t<div class=\"elementor-container elementor-column-gap-default\">\n\t\t\t\t\t<div class=\"elementor-column elementor-col-100 elementor-top-column elementor-element elementor-element-420dc96f\" data-id=\"420dc96f\" data-element_type=\"column\" data-e-type=\"column\">\n\t\t\t<div class=\"elementor-widget-wrap elementor-element-populated\">\n\t\t\t\t\t\t<div class=\"elementor-element elementor-element-6388bc7 elementor-button-align-stretch elementor-widget elementor-widget-form\" data-id=\"6388bc7\" data-element_type=\"widget\" data-e-type=\"widget\" data-settings=\"{&quot;step_next_label&quot;:&quot;Next&quot;,&quot;step_previous_label&quot;:&quot;Previous&quot;,&quot;button_width&quot;:&quot;100&quot;,&quot;step_type&quot;:&quot;number_text&quot;,&quot;step_icon_shape&quot;:&quot;circle&quot;}\" data-widget_type=\"form.default\">\n\t\t\t\t<div class=\"elementor-widget-container\">\n\t\t\t\t\t\t\t<form class=\"elementor-form\" method=\"post\" name=\"Nuevo Formulario\" aria-label=\"Nuevo Formulario\">\n\t\t\t<input type=\"hidden\" name=\"post_id\" value=\"37694\"\/>\n\t\t\t<input type=\"hidden\" name=\"form_id\" value=\"6388bc7\"\/>\n\t\t\t<input type=\"hidden\" name=\"referer_title\" value=\"Visite v\u00e9t\u00e9rinaire \u00e0 domicile\" \/>\n\n\t\t\t\t\t\t\t<input type=\"hidden\" name=\"queried_id\" value=\"37694\"\/>\n\t\t\t\n\t\t\t<div class=\"elementor-form-fields-wrapper elementor-labels-above\">\n\t\t\t\t\t\t\t\t<div class=\"elementor-field-type-html elementor-field-group elementor-column elementor-field-group-field_092d9e9 elementor-col-100\">\n\t\t\t\t\t<h1><span style=\"font-size:24pt;     line-height: 1.1em !important;\">R\u00e9servez votre prochaine visite v\u00e9t\u00e9rinaire \u00e0 domicile<\/h1>\n<br>\nRemplissez le formulaire avec les d\u00e9tails de votre visite. Nous vous contacterons dans les plus brefs d\u00e9lais pour prendre rendez-vous.\t\t\t\t<\/div>\n\t\t\t\t\t\t\t\t<div class=\"elementor-field-type-text elementor-field-group elementor-column elementor-field-group-field_cf04935 elementor-col-100 elementor-field-required\">\n\t\t\t\t\t\t\t\t\t\t\t\t\t<input size=\"1\" type=\"text\" name=\"form_fields[field_cf04935]\" id=\"form-field-field_cf04935\" class=\"elementor-field elementor-size-sm  elementor-field-textual\" placeholder=\"Prenom\" required=\"required\">\n\t\t\t\t\t\t\t\t\t\t\t<\/div>\n\t\t\t\t\t\t\t\t<div class=\"elementor-field-type-text elementor-field-group elementor-column elementor-field-group-field_6e409b5 elementor-col-100 elementor-field-required\">\n\t\t\t\t\t\t\t\t\t\t\t\t\t<input size=\"1\" type=\"text\" name=\"form_fields[field_6e409b5]\" id=\"form-field-field_6e409b5\" class=\"elementor-field elementor-size-sm  elementor-field-textual\" placeholder=\"Nom\" required=\"required\">\n\t\t\t\t\t\t\t\t\t\t\t<\/div>\n\t\t\t\t\t\t\t\t<div class=\"elementor-field-type-text elementor-field-group elementor-column elementor-field-group-name elementor-col-100 elementor-field-required\">\n\t\t\t\t\t\t\t\t\t\t\t\t\t<input size=\"1\" type=\"text\" name=\"form_fields[name]\" id=\"form-field-name\" class=\"elementor-field elementor-size-sm  elementor-field-textual\" placeholder=\"Adresse\" required=\"required\">\n\t\t\t\t\t\t\t\t\t\t\t<\/div>\n\t\t\t\t\t\t\t\t<div class=\"elementor-field-type-text elementor-field-group elementor-column elementor-field-group-field_9fb28b3 elementor-col-100 elementor-field-required\">\n\t\t\t\t\t\t\t\t\t\t\t\t\t<input size=\"1\" type=\"text\" name=\"form_fields[field_9fb28b3]\" id=\"form-field-field_9fb28b3\" class=\"elementor-field elementor-size-sm  elementor-field-textual\" placeholder=\"Code postal\" required=\"required\">\n\t\t\t\t\t\t\t\t\t\t\t<\/div>\n\t\t\t\t\t\t\t\t<div class=\"elementor-field-type-text elementor-field-group elementor-column elementor-field-group-field_36f422a elementor-col-100 elementor-field-required\">\n\t\t\t\t\t\t\t\t\t\t\t\t\t<input size=\"1\" type=\"text\" name=\"form_fields[field_36f422a]\" id=\"form-field-field_36f422a\" class=\"elementor-field elementor-size-sm  elementor-field-textual\" placeholder=\"T\u00e9l\u00e9phone\" required=\"required\">\n\t\t\t\t\t\t\t\t\t\t\t<\/div>\n\t\t\t\t\t\t\t\t<div class=\"elementor-field-type-email elementor-field-group elementor-column elementor-field-group-field_1825bb2 elementor-col-100 elementor-field-required\">\n\t\t\t\t\t\t\t\t\t\t\t\t\t<input size=\"1\" type=\"email\" name=\"form_fields[field_1825bb2]\" id=\"form-field-field_1825bb2\" class=\"elementor-field elementor-size-sm  elementor-field-textual\" placeholder=\"Email\" required=\"required\">\n\t\t\t\t\t\t\t\t\t\t\t<\/div>\n\t\t\t\t\t\t\t\t<div class=\"elementor-field-type-text elementor-field-group elementor-column elementor-field-group-field_e44a867 elementor-col-100 elementor-field-required\">\n\t\t\t\t\t\t\t\t\t\t\t\t\t<input size=\"1\" type=\"text\" name=\"form_fields[field_e44a867]\" id=\"form-field-field_e44a867\" class=\"elementor-field elementor-size-sm  elementor-field-textual\" placeholder=\"Le nom de l&#039;animal\" required=\"required\">\n\t\t\t\t\t\t\t\t\t\t\t<\/div>\n\t\t\t\t\t\t\t\t<div class=\"elementor-field-type-radio elementor-field-group elementor-column elementor-field-group-field_5a6746e elementor-col-100 elementor-field-required\">\n\t\t\t\t\t\t\t\t\t\t\t\t<label for=\"form-field-field_5a6746e\" class=\"elementor-field-label\">\n\t\t\t\t\t\t\t\tQuel animal est?\t\t\t\t\t\t\t<\/label>\n\t\t\t\t\t\t<div class=\"elementor-field-subgroup  \"><span class=\"elementor-field-option\"><input type=\"radio\" value=\"Chien\" id=\"form-field-field_5a6746e-0\" name=\"form_fields[field_5a6746e]\" required=\"required\"> <label for=\"form-field-field_5a6746e-0\">Chien<\/label><\/span><span class=\"elementor-field-option\"><input type=\"radio\" value=\"Chat\" id=\"form-field-field_5a6746e-1\" name=\"form_fields[field_5a6746e]\" required=\"required\"> <label for=\"form-field-field_5a6746e-1\">Chat<\/label><\/span><span class=\"elementor-field-option\"><input type=\"radio\" value=\"Autres\" id=\"form-field-field_5a6746e-2\" name=\"form_fields[field_5a6746e]\" required=\"required\"> <label for=\"form-field-field_5a6746e-2\">Autres<\/label><\/span><\/div>\t\t\t\t<\/div>\n\t\t\t\t\t\t\t\t<div class=\"elementor-field-type-text elementor-field-group elementor-column elementor-field-group-field_6cea21e elementor-col-100\">\n\t\t\t\t\t\t\t\t\t\t\t\t<label for=\"form-field-field_6cea21e\" class=\"elementor-field-label\">\n\t\t\t\t\t\t\t\tSi vous avez cliqu\u00e9 sur les autres, de quel animal s'agit-il?\t\t\t\t\t\t\t<\/label>\n\t\t\t\t\t\t\t\t\t\t\t\t\t\t<input size=\"1\" type=\"text\" name=\"form_fields[field_6cea21e]\" id=\"form-field-field_6cea21e\" class=\"elementor-field elementor-size-sm  elementor-field-textual\">\n\t\t\t\t\t\t\t\t\t\t\t<\/div>\n\t\t\t\t\t\t\t\t<div class=\"elementor-field-type-html elementor-field-group elementor-column elementor-field-group-field_0e5d910 elementor-col-100\">\n\t\t\t\t\t<br>\n<h4>1. Quelle est la raison de votre demande?<\/h4>\t\t\t\t<\/div>\n\t\t\t\t\t\t\t\t<div class=\"elementor-field-type-textarea elementor-field-group elementor-column elementor-field-group-field_f0cfb91 elementor-col-100 elementor-field-required\">\n\t\t\t\t\t<textarea class=\"elementor-field-textual elementor-field  elementor-size-sm\" name=\"form_fields[field_f0cfb91]\" id=\"form-field-field_f0cfb91\" rows=\"4\" placeholder=\"Veuillez indiquer la raison de votre demande\" required=\"required\"><\/textarea>\t\t\t\t<\/div>\n\t\t\t\t\t\t\t\t<div class=\"elementor-field-type-upload elementor-field-group elementor-column elementor-field-group-field_65d6dd0 elementor-col-100\">\n\t\t\t\t\t\t\t\t\t\t\t\t<label for=\"form-field-field_65d6dd0\" class=\"elementor-field-label\">\n\t\t\t\t\t\t\t\tSi vous souhaitez nous envoyer des photos, des rapports de cas ou d'autres fichiers \u00e0 titre de r\u00e9f\u00e9rence, vous pouvez les t\u00e9l\u00e9charger ci-dessous:\t\t\t\t\t\t\t<\/label>\n\t\t\t\t\t\t\t\t<input type=\"file\" name=\"form_fields[field_65d6dd0][]\" id=\"form-field-field_65d6dd0\" class=\"elementor-field elementor-size-sm  elementor-upload-field\" multiple=\"multiple\" data-maxsize=\"10\" data-maxsize-message=\"Ce fichier d\u00e9passe la taille maximale autoris\u00e9e.\">\n\n\t\t\t\t\t\t<\/div>\n\t\t\t\t\t\t\t\t<div class=\"elementor-field-type-html elementor-field-group elementor-column elementor-field-group-field_d72b6d5 elementor-col-100\">\n\t\t\t\t\t<br>\n<h4>2. A quelle heure pr\u00e9f\u00e9rez-vous que nous fassions la visite?<\/h4>\n\t\t\t\t<\/div>\n\t\t\t\t\t\t\t\t<div class=\"elementor-field-type-radio elementor-field-group elementor-column elementor-field-group-field_036a485 elementor-col-100 elementor-field-required\">\n\t\t\t\t\t<div class=\"elementor-field-subgroup  \"><span class=\"elementor-field-option\"><input type=\"radio\" value=\"Matin\" id=\"form-field-field_036a485-0\" name=\"form_fields[field_036a485]\" required=\"required\"> <label for=\"form-field-field_036a485-0\">Matin<\/label><\/span><span class=\"elementor-field-option\"><input type=\"radio\" value=\"Midi\" id=\"form-field-field_036a485-1\" name=\"form_fields[field_036a485]\" required=\"required\"> <label for=\"form-field-field_036a485-1\">Midi<\/label><\/span><span class=\"elementor-field-option\"><input type=\"radio\" value=\"Prend\" id=\"form-field-field_036a485-2\" name=\"form_fields[field_036a485]\" required=\"required\"> <label for=\"form-field-field_036a485-2\">Prend<\/label><\/span><\/div>\t\t\t\t<\/div>\n\t\t\t\t\t\t\t\t<div class=\"elementor-field-type-html elementor-field-group elementor-column elementor-field-group-field_a976bcf elementor-col-100\">\n\t\t\t\t\t<br>\n<h4>3. Quelle m\u00e9thode de paiement souhaitez-vous utiliser?\n<\/h4>\n\t\t\t\t<\/div>\n\t\t\t\t\t\t\t\t<div class=\"elementor-field-type-radio elementor-field-group elementor-column elementor-field-group-field_ebbd0c3 elementor-col-100 elementor-field-required\">\n\t\t\t\t\t\t\t\t\t\t\t\t<label for=\"form-field-field_ebbd0c3\" class=\"elementor-field-label\">\n\t\t\t\t\t\t\t\tS\u00e9lectionnez le mode de paiement que vous souhaitez utiliser\t\t\t\t\t\t\t<\/label>\n\t\t\t\t\t\t<div class=\"elementor-field-subgroup  \"><span class=\"elementor-field-option\"><input type=\"radio\" value=\"En esp\u00e8ces\" id=\"form-field-field_ebbd0c3-0\" name=\"form_fields[field_ebbd0c3]\" required=\"required\"> <label for=\"form-field-field_ebbd0c3-0\">En esp\u00e8ces<\/label><\/span><span class=\"elementor-field-option\"><input type=\"radio\" value=\"Carte\" id=\"form-field-field_ebbd0c3-1\" name=\"form_fields[field_ebbd0c3]\" required=\"required\"> <label for=\"form-field-field_ebbd0c3-1\">Carte<\/label><\/span><span class=\"elementor-field-option\"><input type=\"radio\" value=\"Virement bancaire (IMM\u00c9DIATE uniquement)\" id=\"form-field-field_ebbd0c3-2\" name=\"form_fields[field_ebbd0c3]\" required=\"required\"> <label for=\"form-field-field_ebbd0c3-2\">Virement bancaire (IMM\u00c9DIATE uniquement)<\/label><\/span><\/div>\t\t\t\t<\/div>\n\t\t\t\t\t\t\t\t<div class=\"elementor-field-type-html elementor-field-group elementor-column elementor-field-group-field_fb21139 elementor-col-100\">\n\t\t\t\t\t<br>\n<h4>D\u00e9tails du service:\n<\/h4>\n\t\t\t\t<\/div>\n\t\t\t\t\t\t\t\t<div class=\"elementor-field-type-html elementor-field-group elementor-column elementor-field-group-field_7288df3 elementor-col-100\">\n\t\t\t\t\tLa visite \u00e0 domicile est un service de consultation v\u00e9t\u00e9rinaire non urgent. \u00c0 domicile, vous pouvez effectuer la plupart des visites et des traitements v\u00e9t\u00e9rinaires tels que des vaccinations, des micropuces, des tests, etc. Dans les cas o\u00f9 un test ou un traitement non disponible \u00e0 domicile est n\u00e9cessaire (comme une radiographie ou une chirurgie), nous vous dirigerons vers l'un des centres de r\u00e9f\u00e9rence de la r\u00e9gion.\t\t\t\t<\/div>\n\t\t\t\t\t\t\t\t<div class=\"elementor-field-type-html elementor-field-group elementor-column elementor-field-group-field_11f597a elementor-col-100\">\n\t\t\t\t\t<b>CONTR\u00d4LEUR DE DONN\u00c9ES: ANIMAL SALUT<\/b>\n<br>\n<b>OBJECTIF:<\/b> R\u00e9pondre aux demandes et \/ ou fournir les informations requises par l'utilisateur.<br>\n<b>L\u00c9GITIMATION:<\/b> Consentement de la partie int\u00e9ress\u00e9e aux deux fins.<br>\n<b>MISSIONS:<\/b> Aucun transfert n'est pr\u00e9vu, sauf par obligation l\u00e9gale ou exigence judiciaire.<br>\n<b>DROITS:<\/b> Acc\u00e8s, rectification, suppression, opposition, limitation, portabilit\u00e9, r\u00e9vocation du consentement. Si vous estimez que le traitement de vos donn\u00e9es n'est pas conforme \u00e0 la r\u00e9glementation, vous pouvez vous adresser \u00e0 l'autorit\u00e9 de contr\u00f4le(www.aepd.es).<br>\n<b>INFORMATION COMPL\u00c9MENTAIRE: <\/b>Consultez notre <a href=\"https:\/\/animalsalut.com\/politica-de-privacidad\/\">Politique de confidentialit\u00e9.<\/a>\t\t\t\t<\/div>\n\t\t\t\t\t\t\t\t<div class=\"elementor-field-type-acceptance elementor-field-group elementor-column elementor-field-group-field_cce6185 elementor-col-100 elementor-field-required\">\n\t\t\t\t\t\t\t<div class=\"elementor-field-subgroup\">\n\t\t\t<span class=\"elementor-field-option\">\n\t\t\t\t<input type=\"checkbox\" name=\"form_fields[field_cce6185]\" id=\"form-field-field_cce6185\" class=\"elementor-field elementor-size-sm  elementor-acceptance-field\" required=\"required\">\n\t\t\t\t<label for=\"form-field-field_cce6185\">J'accepte le <a href=\"https:\/\/animalsalut.com\/politica-de-privacidad\/\">Politique de confidentialit\u00e9<\/a> et <a href=\"https:\/\/animalsalut.com\/condiciones-generales-de-contratacion\">conditions g\u00e9n\u00e9rales*<\/a><\/label>\t\t\t<\/span>\n\t\t<\/div>\n\t\t\t\t\t\t<\/div>\n\t\t\t\t\t\t\t\t<div class=\"elementor-field-type-recaptcha_v3 elementor-field-group elementor-column elementor-field-group-field_4b04689 elementor-col-100 recaptcha_v3-bottomright\">\n\t\t\t\t\t<div class=\"elementor-field\" id=\"form-field-field_4b04689\"><div class=\"elementor-g-recaptcha\" data-sitekey=\"6LfMfPAZAAAAACTD85hlQHGrI2LJwpm8dCKLMxtp\" data-type=\"v3\" data-action=\"Form\" data-badge=\"bottomright\" data-size=\"invisible\"><\/div><\/div>\t\t\t\t<\/div>\n\t\t\t\t\t\t\t\t<div class=\"elementor-field-type-text\">\n\t\t\t\t\t<input size=\"1\" type=\"text\" name=\"form_fields[field_d359781]\" id=\"form-field-field_d359781\" class=\"elementor-field elementor-size-sm \" style=\"display:none !important;\">\t\t\t\t<\/div>\n\t\t\t\t\t\t\t\t<div class=\"elementor-field-group elementor-column elementor-field-type-submit elementor-col-100 e-form__buttons\">\n\t\t\t\t\t<button class=\"elementor-button elementor-size-sm\" type=\"submit\">\n\t\t\t\t\t\t<span class=\"elementor-button-content-wrapper\">\n\t\t\t\t\t\t\t\t\t\t\t\t\t\t\t\t\t\t\t\t\t\t<span class=\"elementor-button-text\">Envoyer<\/span>\n\t\t\t\t\t\t\t\t\t\t\t\t\t<\/span>\n\t\t\t\t\t<\/button>\n\t\t\t\t<\/div>\n\t\t\t<\/div>\n\t\t<\/form>\n\t\t\t\t\t\t<\/div>\n\t\t\t\t<\/div>\n\t\t\t\t\t<\/div>\n\t\t<\/div>\n\t\t\t\t\t<\/div>\n\t\t<\/section>\n\t\t\t\t<\/div>\n\t\t","protected":false},"excerpt":{"rendered":"","protected":false},"author":2,"featured_media":0,"parent":0,"menu_order":0,"comment_status":"closed","ping_status":"closed","template":"","meta":{"footnotes":""},"class_list":["post-37694","page","type-page","status-publish","hentry"],"yoast_head":"<!-- This site is optimized with the Yoast SEO plugin v27.5 - https:\/\/yoast.com\/product\/yoast-seo-wordpress\/ -->\n<title>Visite v\u00e9t\u00e9rinaire \u00e0 domicile<\/title>\n<meta name=\"description\" content=\"R\u00e9servez confortablement votre visite \u00e0 domicile avec nos v\u00e9t\u00e9rinaires pour le service dont votre animal a besoin sans stress\" \/>\n<meta name=\"robots\" content=\"index, follow, max-snippet:-1, max-image-preview:large, max-video-preview:-1\" \/>\n<link rel=\"canonical\" href=\"https:\/\/www.animalsalut.com\/fr\/visite-veterinaire-a-domicile\/\" \/>\n<meta property=\"og:locale\" content=\"fr_FR\" \/>\n<meta property=\"og:type\" content=\"article\" \/>\n<meta property=\"og:title\" content=\"Visite v\u00e9t\u00e9rinaire \u00e0 domicile\" \/>\n<meta property=\"og:description\" content=\"R\u00e9servez confortablement votre visite \u00e0 domicile avec nos v\u00e9t\u00e9rinaires pour le service dont votre animal a besoin sans stress\" \/>\n<meta property=\"og:url\" content=\"https:\/\/www.animalsalut.com\/fr\/visite-veterinaire-a-domicile\/\" \/>\n<meta property=\"og:site_name\" content=\"Animal Salut\" \/>\n<meta property=\"article:publisher\" content=\"https:\/\/www.facebook.com\/animalsalut\" \/>\n<meta property=\"article:modified_time\" content=\"2025-10-21T15:27:41+00:00\" \/>\n<meta name=\"twitter:card\" content=\"summary_large_image\" \/>\n<meta name=\"twitter:site\" content=\"@animalsalut\" \/>\n<meta name=\"twitter:label1\" content=\"Dur\u00e9e de lecture estim\u00e9e\" \/>\n\t<meta name=\"twitter:data1\" content=\"2 minutes\" \/>\n<script type=\"application\/ld+json\" class=\"yoast-schema-graph\">{\"@context\":\"https:\\\/\\\/schema.org\",\"@graph\":[{\"@type\":\"WebPage\",\"@id\":\"https:\\\/\\\/www.animalsalut.com\\\/fr\\\/visite-veterinaire-a-domicile\\\/\",\"url\":\"https:\\\/\\\/www.animalsalut.com\\\/fr\\\/visite-veterinaire-a-domicile\\\/\",\"name\":\"Visite v\u00e9t\u00e9rinaire \u00e0 domicile\",\"isPartOf\":{\"@id\":\"https:\\\/\\\/www.animalsalut.com\\\/fr\\\/?lang=ca\\\/#website\"},\"datePublished\":\"2024-07-22T14:29:35+00:00\",\"dateModified\":\"2025-10-21T15:27:41+00:00\",\"description\":\"R\u00e9servez confortablement votre visite \u00e0 domicile avec nos v\u00e9t\u00e9rinaires pour le service dont votre animal a besoin sans stress\",\"breadcrumb\":{\"@id\":\"https:\\\/\\\/www.animalsalut.com\\\/fr\\\/visite-veterinaire-a-domicile\\\/#breadcrumb\"},\"inLanguage\":\"fr-FR\",\"potentialAction\":[{\"@type\":\"ReadAction\",\"target\":[\"https:\\\/\\\/www.animalsalut.com\\\/fr\\\/visite-veterinaire-a-domicile\\\/\"]}]},{\"@type\":\"BreadcrumbList\",\"@id\":\"https:\\\/\\\/www.animalsalut.com\\\/fr\\\/visite-veterinaire-a-domicile\\\/#breadcrumb\",\"itemListElement\":[{\"@type\":\"ListItem\",\"position\":1,\"name\":\"Portada\",\"item\":\"https:\\\/\\\/www.animalsalut.com\\\/fr\\\/\"},{\"@type\":\"ListItem\",\"position\":2,\"name\":\"Visite v\u00e9t\u00e9rinaire \u00e0 domicile\"}]},{\"@type\":\"WebSite\",\"@id\":\"https:\\\/\\\/www.animalsalut.com\\\/fr\\\/?lang=ca\\\/#website\",\"url\":\"https:\\\/\\\/www.animalsalut.com\\\/fr\\\/?lang=ca\\\/\",\"name\":\"Animal Salut\",\"description\":\"V\u00e9t\u00e9rinaire \u00e0 domicile \u00e0 Barcelone\",\"publisher\":{\"@id\":\"https:\\\/\\\/www.animalsalut.com\\\/fr\\\/?lang=ca\\\/#organization\"},\"alternateName\":\"Veterinari a domicili\",\"potentialAction\":[{\"@type\":\"SearchAction\",\"target\":{\"@type\":\"EntryPoint\",\"urlTemplate\":\"https:\\\/\\\/www.animalsalut.com\\\/fr\\\/?lang=ca\\\/?s={search_term_string}\"},\"query-input\":{\"@type\":\"PropertyValueSpecification\",\"valueRequired\":true,\"valueName\":\"search_term_string\"}}],\"inLanguage\":\"fr-FR\"},{\"@type\":\"Organization\",\"@id\":\"https:\\\/\\\/www.animalsalut.com\\\/fr\\\/?lang=ca\\\/#organization\",\"name\":\"Animal Salut\",\"alternateName\":\"Animal Salut - Veterinario a domicilio\",\"url\":\"https:\\\/\\\/www.animalsalut.com\\\/fr\\\/?lang=ca\\\/\",\"logo\":{\"@type\":\"ImageObject\",\"inLanguage\":\"fr-FR\",\"@id\":\"https:\\\/\\\/www.animalsalut.com\\\/fr\\\/?lang=ca\\\/#\\\/schema\\\/logo\\\/image\\\/\",\"url\":\"https:\\\/\\\/www.animalsalut.com\\\/wp-content\\\/uploads\\\/2018\\\/10\\\/cropped-logo_animal_salut-1.png\",\"contentUrl\":\"https:\\\/\\\/www.animalsalut.com\\\/wp-content\\\/uploads\\\/2018\\\/10\\\/cropped-logo_animal_salut-1.png\",\"width\":512,\"height\":512,\"caption\":\"Animal Salut\"},\"image\":{\"@id\":\"https:\\\/\\\/www.animalsalut.com\\\/fr\\\/?lang=ca\\\/#\\\/schema\\\/logo\\\/image\\\/\"},\"sameAs\":[\"https:\\\/\\\/www.facebook.com\\\/animalsalut\",\"https:\\\/\\\/x.com\\\/animalsalut\",\"https:\\\/\\\/www.instagram.com\\\/animalsalut\",\"https:\\\/\\\/www.threads.net\\\/@animalsalut\"]}]}<\/script>\n<!-- \/ Yoast SEO plugin. -->","yoast_head_json":{"title":"Visite v\u00e9t\u00e9rinaire \u00e0 domicile","description":"R\u00e9servez confortablement votre visite \u00e0 domicile avec nos v\u00e9t\u00e9rinaires pour le service dont votre animal a besoin sans stress","robots":{"index":"index","follow":"follow","max-snippet":"max-snippet:-1","max-image-preview":"max-image-preview:large","max-video-preview":"max-video-preview:-1"},"canonical":"https:\/\/www.animalsalut.com\/fr\/visite-veterinaire-a-domicile\/","og_locale":"fr_FR","og_type":"article","og_title":"Visite v\u00e9t\u00e9rinaire \u00e0 domicile","og_description":"R\u00e9servez confortablement votre visite \u00e0 domicile avec nos v\u00e9t\u00e9rinaires pour le service dont votre animal a besoin sans stress","og_url":"https:\/\/www.animalsalut.com\/fr\/visite-veterinaire-a-domicile\/","og_site_name":"Animal Salut","article_publisher":"https:\/\/www.facebook.com\/animalsalut","article_modified_time":"2025-10-21T15:27:41+00:00","twitter_card":"summary_large_image","twitter_site":"@animalsalut","twitter_misc":{"Dur\u00e9e de lecture estim\u00e9e":"2 minutes"},"schema":{"@context":"https:\/\/schema.org","@graph":[{"@type":"WebPage","@id":"https:\/\/www.animalsalut.com\/fr\/visite-veterinaire-a-domicile\/","url":"https:\/\/www.animalsalut.com\/fr\/visite-veterinaire-a-domicile\/","name":"Visite v\u00e9t\u00e9rinaire \u00e0 domicile","isPartOf":{"@id":"https:\/\/www.animalsalut.com\/fr\/?lang=ca\/#website"},"datePublished":"2024-07-22T14:29:35+00:00","dateModified":"2025-10-21T15:27:41+00:00","description":"R\u00e9servez confortablement votre visite \u00e0 domicile avec nos v\u00e9t\u00e9rinaires pour le service dont votre animal a besoin sans stress","breadcrumb":{"@id":"https:\/\/www.animalsalut.com\/fr\/visite-veterinaire-a-domicile\/#breadcrumb"},"inLanguage":"fr-FR","potentialAction":[{"@type":"ReadAction","target":["https:\/\/www.animalsalut.com\/fr\/visite-veterinaire-a-domicile\/"]}]},{"@type":"BreadcrumbList","@id":"https:\/\/www.animalsalut.com\/fr\/visite-veterinaire-a-domicile\/#breadcrumb","itemListElement":[{"@type":"ListItem","position":1,"name":"Portada","item":"https:\/\/www.animalsalut.com\/fr\/"},{"@type":"ListItem","position":2,"name":"Visite v\u00e9t\u00e9rinaire \u00e0 domicile"}]},{"@type":"WebSite","@id":"https:\/\/www.animalsalut.com\/fr\/?lang=ca\/#website","url":"https:\/\/www.animalsalut.com\/fr\/?lang=ca\/","name":"Animal Salut","description":"V\u00e9t\u00e9rinaire \u00e0 domicile \u00e0 Barcelone","publisher":{"@id":"https:\/\/www.animalsalut.com\/fr\/?lang=ca\/#organization"},"alternateName":"Veterinari a domicili","potentialAction":[{"@type":"SearchAction","target":{"@type":"EntryPoint","urlTemplate":"https:\/\/www.animalsalut.com\/fr\/?lang=ca\/?s={search_term_string}"},"query-input":{"@type":"PropertyValueSpecification","valueRequired":true,"valueName":"search_term_string"}}],"inLanguage":"fr-FR"},{"@type":"Organization","@id":"https:\/\/www.animalsalut.com\/fr\/?lang=ca\/#organization","name":"Animal Salut","alternateName":"Animal Salut - Veterinario a domicilio","url":"https:\/\/www.animalsalut.com\/fr\/?lang=ca\/","logo":{"@type":"ImageObject","inLanguage":"fr-FR","@id":"https:\/\/www.animalsalut.com\/fr\/?lang=ca\/#\/schema\/logo\/image\/","url":"https:\/\/www.animalsalut.com\/wp-content\/uploads\/2018\/10\/cropped-logo_animal_salut-1.png","contentUrl":"https:\/\/www.animalsalut.com\/wp-content\/uploads\/2018\/10\/cropped-logo_animal_salut-1.png","width":512,"height":512,"caption":"Animal Salut"},"image":{"@id":"https:\/\/www.animalsalut.com\/fr\/?lang=ca\/#\/schema\/logo\/image\/"},"sameAs":["https:\/\/www.facebook.com\/animalsalut","https:\/\/x.com\/animalsalut","https:\/\/www.instagram.com\/animalsalut","https:\/\/www.threads.net\/@animalsalut"]}]}},"_links":{"self":[{"href":"https:\/\/www.animalsalut.com\/fr\/wp-json\/wp\/v2\/pages\/37694","targetHints":{"allow":["GET"]}}],"collection":[{"href":"https:\/\/www.animalsalut.com\/fr\/wp-json\/wp\/v2\/pages"}],"about":[{"href":"https:\/\/www.animalsalut.com\/fr\/wp-json\/wp\/v2\/types\/page"}],"author":[{"embeddable":true,"href":"https:\/\/www.animalsalut.com\/fr\/wp-json\/wp\/v2\/users\/2"}],"replies":[{"embeddable":true,"href":"https:\/\/www.animalsalut.com\/fr\/wp-json\/wp\/v2\/comments?post=37694"}],"version-history":[{"count":23,"href":"https:\/\/www.animalsalut.com\/fr\/wp-json\/wp\/v2\/pages\/37694\/revisions"}],"predecessor-version":[{"id":43366,"href":"https:\/\/www.animalsalut.com\/fr\/wp-json\/wp\/v2\/pages\/37694\/revisions\/43366"}],"wp:attachment":[{"href":"https:\/\/www.animalsalut.com\/fr\/wp-json\/wp\/v2\/media?parent=37694"}],"curies":[{"name":"wp","href":"https:\/\/api.w.org\/{rel}","templated":true}]}}