{"id":43796,"date":"2025-12-14T13:09:39","date_gmt":"2025-12-14T12:09:39","guid":{"rendered":"https:\/\/www.animalsalut.com\/?page_id=43796"},"modified":"2025-12-14T13:14:41","modified_gmt":"2025-12-14T12:14:41","slug":"participation-reussie-au-tirage-au-sort","status":"publish","type":"page","link":"https:\/\/www.animalsalut.com\/fr\/participation-reussie-au-tirage-au-sort\/","title":{"rendered":"Participation r\u00e9ussie au tirage au sort"},"content":{"rendered":"\t\t<div data-elementor-type=\"wp-page\" data-elementor-id=\"43796\" class=\"elementor elementor-43796 elementor-43793\" data-elementor-post-type=\"page\">\n\t\t\t\t\t\t<section class=\"elementor-section elementor-top-section elementor-element elementor-element-6edf461 elementor-section-boxed elementor-section-height-default elementor-section-height-default parallax_section_no qode_elementor_container_no\" data-id=\"6edf461\" data-element_type=\"section\" data-e-type=\"section\">\n\t\t\t\t\t\t<div class=\"elementor-container elementor-column-gap-default\">\n\t\t\t\t\t<div class=\"elementor-column elementor-col-100 elementor-top-column elementor-element elementor-element-a20b046\" data-id=\"a20b046\" data-element_type=\"column\" data-e-type=\"column\">\n\t\t\t<div class=\"elementor-widget-wrap elementor-element-populated\">\n\t\t\t\t\t\t<div class=\"elementor-element elementor-element-59c356e elementor-widget elementor-widget-spacer\" data-id=\"59c356e\" data-element_type=\"widget\" data-e-type=\"widget\" data-widget_type=\"spacer.default\">\n\t\t\t\t<div class=\"elementor-widget-container\">\n\t\t\t\t\t\t\t<div class=\"elementor-spacer\">\n\t\t\t<div class=\"elementor-spacer-inner\"><\/div>\n\t\t<\/div>\n\t\t\t\t\t\t<\/div>\n\t\t\t\t<\/div>\n\t\t\t\t<div class=\"elementor-element elementor-element-61ae2bc elementor-widget elementor-widget-text-editor\" data-id=\"61ae2bc\" data-element_type=\"widget\" data-e-type=\"widget\" data-widget_type=\"text-editor.default\">\n\t\t\t\t<div class=\"elementor-widget-container\">\n\t\t\t\t\t\t\t\t\t<h1><span style=\"font-size: 24pt;\">Tirage au sort du panier de No\u00ebl Animal Salut 2025<\/span><\/h1>\t\t\t\t\t\t\t\t<\/div>\n\t\t\t\t<\/div>\n\t\t\t\t\t<\/div>\n\t\t<\/div>\n\t\t\t\t\t<\/div>\n\t\t<\/section>\n\t\t\t\t<section class=\"elementor-section elementor-top-section elementor-element elementor-element-79566297 elementor-section-boxed elementor-section-height-default elementor-section-height-default parallax_section_no qode_elementor_container_no\" data-id=\"79566297\" data-element_type=\"section\" data-e-type=\"section\">\n\t\t\t\t\t\t<div class=\"elementor-container elementor-column-gap-default\">\n\t\t\t\t\t<div class=\"elementor-column elementor-col-100 elementor-top-column elementor-element elementor-element-91c10ff\" data-id=\"91c10ff\" data-element_type=\"column\" data-e-type=\"column\">\n\t\t\t<div class=\"elementor-widget-wrap elementor-element-populated\">\n\t\t\t\t\t\t<div class=\"elementor-element elementor-element-010d3f3 elementor-widget elementor-widget-text-editor\" data-id=\"010d3f3\" data-element_type=\"widget\" data-e-type=\"widget\" data-widget_type=\"text-editor.default\">\n\t\t\t\t<div class=\"elementor-widget-container\">\n\t\t\t\t\t\t\t\t\t<p data-start=\"234\" data-end=\"311\"><strong data-start=\"234\" data-end=\"262\">Merci pour votre participation!<\/strong><br data-start=\"262\" data-end=\"265\" \/>Nous avons bien re\u00e7u votre participation.<\/p> <p data-start=\"313\" data-end=\"509\">Le tirage au sort aura lieu le <strong data-start=\"339\" data-end=\"366\">20 d\u00e9cembre 2025<\/strong>.<br data-start=\"367\" data-end=\"370\" \/>Si vous \u00eates le-la gagnant-e, nous vous informerons \u00e0 l&rsquo;aide des donn\u00e9es indiqu\u00e9es afin que vous puissiez r\u00e9cup\u00e9rer le panier dans notre clinique Animal Salut de <strong data-start=\"494\" data-end=\"508\">La Sagrera<\/strong>.<\/p> \t\t\t\t\t\t\t\t<\/div>\n\t\t\t\t<\/div>\n\t\t\t\t\t<\/div>\n\t\t<\/div>\n\t\t\t\t\t<\/div>\n\t\t<\/section>\n\t\t\t\t<section class=\"elementor-section elementor-top-section elementor-element elementor-element-fe57d2b elementor-section-boxed elementor-section-height-default elementor-section-height-default parallax_section_no qode_elementor_container_no\" data-id=\"fe57d2b\" data-element_type=\"section\" data-e-type=\"section\">\n\t\t\t\t\t\t<div class=\"elementor-container elementor-column-gap-default\">\n\t\t\t\t\t<div class=\"elementor-column elementor-col-100 elementor-top-column elementor-element elementor-element-98bd1d2\" data-id=\"98bd1d2\" data-element_type=\"column\" data-e-type=\"column\">\n\t\t\t<div class=\"elementor-widget-wrap elementor-element-populated\">\n\t\t\t\t\t\t<div class=\"elementor-element elementor-element-cb1171c elementor-widget elementor-widget-image\" data-id=\"cb1171c\" data-element_type=\"widget\" data-e-type=\"widget\" data-widget_type=\"image.default\">\n\t\t\t\t<div class=\"elementor-widget-container\">\n\t\t\t\t\t\t\t\t\t\t\t\t\t\t\t<img fetchpriority=\"high\" decoding=\"async\" width=\"511\" height=\"489\" src=\"https:\/\/www.animalsalut.com\/wp-content\/uploads\/2025\/12\/Panera-navidad-animal-salut-1.webp\" class=\"attachment-large size-large wp-image-43828\" alt=\"\" srcset=\"https:\/\/www.animalsalut.com\/wp-content\/uploads\/2025\/12\/Panera-navidad-animal-salut-1.webp 511w, https:\/\/www.animalsalut.com\/wp-content\/uploads\/2025\/12\/Panera-navidad-animal-salut-1-300x287.webp 300w\" sizes=\"(max-width: 511px) 100vw, 511px\" \/>\t\t\t\t\t\t\t\t\t\t\t\t\t\t\t<\/div>\n\t\t\t\t<\/div>\n\t\t\t\t<div class=\"elementor-element elementor-element-b844896 elementor-widget elementor-widget-spacer\" data-id=\"b844896\" data-element_type=\"widget\" data-e-type=\"widget\" data-widget_type=\"spacer.default\">\n\t\t\t\t<div class=\"elementor-widget-container\">\n\t\t\t\t\t\t\t<div class=\"elementor-spacer\">\n\t\t\t<div class=\"elementor-spacer-inner\"><\/div>\n\t\t<\/div>\n\t\t\t\t\t\t<\/div>\n\t\t\t\t<\/div>\n\t\t\t\t\t<\/div>\n\t\t<\/div>\n\t\t\t\t\t<\/div>\n\t\t<\/section>\n\t\t\t\t<\/div>\n\t\t","protected":false},"excerpt":{"rendered":"<p>Tirage au sort du panier de No\u00ebl Animal Salut 2025 Merci pour votre participation!Nous avons bien re\u00e7u votre participation. Le tirage au sort aura lieu le 20 d\u00e9cembre 2025.Si vous \u00eates le-la gagnant-e, nous vous informerons \u00e0 l&rsquo;aide des donn\u00e9es indiqu\u00e9es afin que vous puissiez&#8230;<\/p>\n","protected":false},"author":2,"featured_media":0,"parent":0,"menu_order":0,"comment_status":"open","ping_status":"closed","template":"elementor_header_footer","meta":{"footnotes":""},"class_list":["post-43796","page","type-page","status-publish","hentry"],"yoast_head":"<!-- This site is optimized with the Yoast SEO plugin v27.5 - https:\/\/yoast.com\/product\/yoast-seo-wordpress\/ -->\n<title>Participation r\u00e9ussie au tirage au sort<\/title>\n<meta name=\"description\" content=\"Veterinario a domicilio en el Barcelon\u00e8s, Garraf, Alt Pened\u00e9s y cercan\u00edas principalmente. Nos deplazamos a tu domicilio. Centro veterinario en Barcelona.\" \/>\n<meta name=\"robots\" content=\"index, follow, max-snippet:-1, max-image-preview:large, max-video-preview:-1\" \/>\n<link rel=\"canonical\" href=\"https:\/\/www.animalsalut.com\/fr\/participation-reussie-au-tirage-au-sort\/\" \/>\n<meta property=\"og:locale\" content=\"fr_FR\" \/>\n<meta property=\"og:type\" content=\"article\" \/>\n<meta property=\"og:title\" content=\"Contacto Animal Salut - Veterinario a domicilio en el Barcelon\u00e8s, Garraf\" \/>\n<meta property=\"og:description\" content=\"Veterinario a domicilio en el Barcelon\u00e8s, Garraf, Alt Pened\u00e9s y cercan\u00edas principalmente. Nos desplazamos hasta tu casa para m\u00e1s comodidad.\" \/>\n<meta property=\"og:url\" content=\"https:\/\/www.animalsalut.com\/fr\/participation-reussie-au-tirage-au-sort\/\" \/>\n<meta property=\"og:site_name\" content=\"Animal Salut\" \/>\n<meta property=\"article:publisher\" content=\"https:\/\/www.facebook.com\/animalsalut\" \/>\n<meta property=\"article:modified_time\" content=\"2025-12-14T12:14:41+00:00\" \/>\n<meta property=\"og:image\" content=\"https:\/\/www.animalsalut.com\/wp-content\/uploads\/2016\/12\/logo_icon.png\" \/>\n\t<meta property=\"og:image:width\" content=\"300\" \/>\n\t<meta property=\"og:image:height\" content=\"300\" \/>\n\t<meta property=\"og:image:type\" content=\"image\/png\" \/>\n<meta name=\"twitter:card\" content=\"summary_large_image\" \/>\n<meta name=\"twitter:title\" content=\"Contacto Animal Salut - Veterinario a domicilio en el Barcelon\u00e8s, Garraf\" \/>\n<meta name=\"twitter:description\" content=\"Veterinario a domicilio en el Barcelon\u00e8s, Garraf, Alt Pened\u00e9s y cercan\u00edas principalmente. Nos desplazamos hasta tu casa para m\u00e1s comodidad.\" \/>\n<meta name=\"twitter:image\" content=\"https:\/\/www.animalsalut.com\/wp-content\/uploads\/2016\/12\/logo_icon.png\" \/>\n<meta name=\"twitter:site\" content=\"@animalsalut\" \/>\n<meta name=\"twitter:label1\" content=\"Dur\u00e9e de lecture estim\u00e9e\" \/>\n\t<meta name=\"twitter:data1\" content=\"1 minute\" \/>\n<script type=\"application\/ld+json\" class=\"yoast-schema-graph\">{\"@context\":\"https:\\\/\\\/schema.org\",\"@graph\":[{\"@type\":\"WebPage\",\"@id\":\"https:\\\/\\\/www.animalsalut.com\\\/fr\\\/participation-reussie-au-tirage-au-sort\\\/\",\"url\":\"https:\\\/\\\/www.animalsalut.com\\\/fr\\\/participation-reussie-au-tirage-au-sort\\\/\",\"name\":\"Participation r\u00e9ussie au tirage au sort\",\"isPartOf\":{\"@id\":\"https:\\\/\\\/www.animalsalut.com\\\/fr\\\/?lang=ca\\\/#website\"},\"primaryImageOfPage\":{\"@id\":\"https:\\\/\\\/www.animalsalut.com\\\/fr\\\/participation-reussie-au-tirage-au-sort\\\/#primaryimage\"},\"image\":{\"@id\":\"https:\\\/\\\/www.animalsalut.com\\\/fr\\\/participation-reussie-au-tirage-au-sort\\\/#primaryimage\"},\"thumbnailUrl\":\"https:\\\/\\\/www.animalsalut.com\\\/wp-content\\\/uploads\\\/2025\\\/12\\\/Panera-navidad-animal-salut-1.webp\",\"datePublished\":\"2025-12-14T12:09:39+00:00\",\"dateModified\":\"2025-12-14T12:14:41+00:00\",\"description\":\"Veterinario a domicilio en el Barcelon\u00e8s, Garraf, Alt Pened\u00e9s y cercan\u00edas principalmente. Nos deplazamos a tu domicilio. Centro veterinario en Barcelona.\",\"breadcrumb\":{\"@id\":\"https:\\\/\\\/www.animalsalut.com\\\/fr\\\/participation-reussie-au-tirage-au-sort\\\/#breadcrumb\"},\"inLanguage\":\"fr-FR\",\"potentialAction\":[{\"@type\":\"ReadAction\",\"target\":[\"https:\\\/\\\/www.animalsalut.com\\\/fr\\\/participation-reussie-au-tirage-au-sort\\\/\"]}]},{\"@type\":\"ImageObject\",\"inLanguage\":\"fr-FR\",\"@id\":\"https:\\\/\\\/www.animalsalut.com\\\/fr\\\/participation-reussie-au-tirage-au-sort\\\/#primaryimage\",\"url\":\"https:\\\/\\\/www.animalsalut.com\\\/wp-content\\\/uploads\\\/2025\\\/12\\\/Panera-navidad-animal-salut-1.webp\",\"contentUrl\":\"https:\\\/\\\/www.animalsalut.com\\\/wp-content\\\/uploads\\\/2025\\\/12\\\/Panera-navidad-animal-salut-1.webp\"},{\"@type\":\"BreadcrumbList\",\"@id\":\"https:\\\/\\\/www.animalsalut.com\\\/fr\\\/participation-reussie-au-tirage-au-sort\\\/#breadcrumb\",\"itemListElement\":[{\"@type\":\"ListItem\",\"position\":1,\"name\":\"Portada\",\"item\":\"https:\\\/\\\/www.animalsalut.com\\\/fr\\\/animal-salut\\\/\"},{\"@type\":\"ListItem\",\"position\":2,\"name\":\"Participation r\u00e9ussie au tirage au sort\"}]},{\"@type\":\"WebSite\",\"@id\":\"https:\\\/\\\/www.animalsalut.com\\\/fr\\\/?lang=ca\\\/#website\",\"url\":\"https:\\\/\\\/www.animalsalut.com\\\/fr\\\/?lang=ca\\\/\",\"name\":\"Animal Salut\",\"description\":\"V\u00e9t\u00e9rinaire \u00e0 domicile \u00e0 Barcelone\",\"publisher\":{\"@id\":\"https:\\\/\\\/www.animalsalut.com\\\/fr\\\/?lang=ca\\\/#organization\"},\"alternateName\":\"Veterinari a domicili\",\"potentialAction\":[{\"@type\":\"SearchAction\",\"target\":{\"@type\":\"EntryPoint\",\"urlTemplate\":\"https:\\\/\\\/www.animalsalut.com\\\/fr\\\/?lang=ca\\\/?s={search_term_string}\"},\"query-input\":{\"@type\":\"PropertyValueSpecification\",\"valueRequired\":true,\"valueName\":\"search_term_string\"}}],\"inLanguage\":\"fr-FR\"},{\"@type\":\"Organization\",\"@id\":\"https:\\\/\\\/www.animalsalut.com\\\/fr\\\/?lang=ca\\\/#organization\",\"name\":\"Animal Salut\",\"alternateName\":\"Animal Salut - Veterinario a domicilio\",\"url\":\"https:\\\/\\\/www.animalsalut.com\\\/fr\\\/?lang=ca\\\/\",\"logo\":{\"@type\":\"ImageObject\",\"inLanguage\":\"fr-FR\",\"@id\":\"https:\\\/\\\/www.animalsalut.com\\\/fr\\\/?lang=ca\\\/#\\\/schema\\\/logo\\\/image\\\/\",\"url\":\"https:\\\/\\\/www.animalsalut.com\\\/wp-content\\\/uploads\\\/2018\\\/10\\\/cropped-logo_animal_salut-1.png\",\"contentUrl\":\"https:\\\/\\\/www.animalsalut.com\\\/wp-content\\\/uploads\\\/2018\\\/10\\\/cropped-logo_animal_salut-1.png\",\"width\":512,\"height\":512,\"caption\":\"Animal Salut\"},\"image\":{\"@id\":\"https:\\\/\\\/www.animalsalut.com\\\/fr\\\/?lang=ca\\\/#\\\/schema\\\/logo\\\/image\\\/\"},\"sameAs\":[\"https:\\\/\\\/www.facebook.com\\\/animalsalut\",\"https:\\\/\\\/x.com\\\/animalsalut\",\"https:\\\/\\\/www.instagram.com\\\/animalsalut\",\"https:\\\/\\\/www.threads.net\\\/@animalsalut\"]}]}<\/script>\n<!-- \/ Yoast SEO plugin. -->","yoast_head_json":{"title":"Participation r\u00e9ussie au tirage au sort","description":"Veterinario a domicilio en el Barcelon\u00e8s, Garraf, Alt Pened\u00e9s y cercan\u00edas principalmente. Nos deplazamos a tu domicilio. Centro veterinario en Barcelona.","robots":{"index":"index","follow":"follow","max-snippet":"max-snippet:-1","max-image-preview":"max-image-preview:large","max-video-preview":"max-video-preview:-1"},"canonical":"https:\/\/www.animalsalut.com\/fr\/participation-reussie-au-tirage-au-sort\/","og_locale":"fr_FR","og_type":"article","og_title":"Contacto Animal Salut - Veterinario a domicilio en el Barcelon\u00e8s, Garraf","og_description":"Veterinario a domicilio en el Barcelon\u00e8s, Garraf, Alt Pened\u00e9s y cercan\u00edas principalmente. Nos desplazamos hasta tu casa para m\u00e1s comodidad.","og_url":"https:\/\/www.animalsalut.com\/fr\/participation-reussie-au-tirage-au-sort\/","og_site_name":"Animal Salut","article_publisher":"https:\/\/www.facebook.com\/animalsalut","article_modified_time":"2025-12-14T12:14:41+00:00","og_image":[{"width":300,"height":300,"url":"https:\/\/www.animalsalut.com\/wp-content\/uploads\/2016\/12\/logo_icon.png","type":"image\/png"}],"twitter_card":"summary_large_image","twitter_title":"Contacto Animal Salut - Veterinario a domicilio en el Barcelon\u00e8s, Garraf","twitter_description":"Veterinario a domicilio en el Barcelon\u00e8s, Garraf, Alt Pened\u00e9s y cercan\u00edas principalmente. Nos desplazamos hasta tu casa para m\u00e1s comodidad.","twitter_image":"https:\/\/www.animalsalut.com\/wp-content\/uploads\/2016\/12\/logo_icon.png","twitter_site":"@animalsalut","twitter_misc":{"Dur\u00e9e de lecture estim\u00e9e":"1 minute"},"schema":{"@context":"https:\/\/schema.org","@graph":[{"@type":"WebPage","@id":"https:\/\/www.animalsalut.com\/fr\/participation-reussie-au-tirage-au-sort\/","url":"https:\/\/www.animalsalut.com\/fr\/participation-reussie-au-tirage-au-sort\/","name":"Participation r\u00e9ussie au tirage au sort","isPartOf":{"@id":"https:\/\/www.animalsalut.com\/fr\/?lang=ca\/#website"},"primaryImageOfPage":{"@id":"https:\/\/www.animalsalut.com\/fr\/participation-reussie-au-tirage-au-sort\/#primaryimage"},"image":{"@id":"https:\/\/www.animalsalut.com\/fr\/participation-reussie-au-tirage-au-sort\/#primaryimage"},"thumbnailUrl":"https:\/\/www.animalsalut.com\/wp-content\/uploads\/2025\/12\/Panera-navidad-animal-salut-1.webp","datePublished":"2025-12-14T12:09:39+00:00","dateModified":"2025-12-14T12:14:41+00:00","description":"Veterinario a domicilio en el Barcelon\u00e8s, Garraf, Alt Pened\u00e9s y cercan\u00edas principalmente. Nos deplazamos a tu domicilio. Centro veterinario en Barcelona.","breadcrumb":{"@id":"https:\/\/www.animalsalut.com\/fr\/participation-reussie-au-tirage-au-sort\/#breadcrumb"},"inLanguage":"fr-FR","potentialAction":[{"@type":"ReadAction","target":["https:\/\/www.animalsalut.com\/fr\/participation-reussie-au-tirage-au-sort\/"]}]},{"@type":"ImageObject","inLanguage":"fr-FR","@id":"https:\/\/www.animalsalut.com\/fr\/participation-reussie-au-tirage-au-sort\/#primaryimage","url":"https:\/\/www.animalsalut.com\/wp-content\/uploads\/2025\/12\/Panera-navidad-animal-salut-1.webp","contentUrl":"https:\/\/www.animalsalut.com\/wp-content\/uploads\/2025\/12\/Panera-navidad-animal-salut-1.webp"},{"@type":"BreadcrumbList","@id":"https:\/\/www.animalsalut.com\/fr\/participation-reussie-au-tirage-au-sort\/#breadcrumb","itemListElement":[{"@type":"ListItem","position":1,"name":"Portada","item":"https:\/\/www.animalsalut.com\/fr\/animal-salut\/"},{"@type":"ListItem","position":2,"name":"Participation r\u00e9ussie au tirage au sort"}]},{"@type":"WebSite","@id":"https:\/\/www.animalsalut.com\/fr\/?lang=ca\/#website","url":"https:\/\/www.animalsalut.com\/fr\/?lang=ca\/","name":"Animal Salut","description":"V\u00e9t\u00e9rinaire \u00e0 domicile \u00e0 Barcelone","publisher":{"@id":"https:\/\/www.animalsalut.com\/fr\/?lang=ca\/#organization"},"alternateName":"Veterinari a domicili","potentialAction":[{"@type":"SearchAction","target":{"@type":"EntryPoint","urlTemplate":"https:\/\/www.animalsalut.com\/fr\/?lang=ca\/?s={search_term_string}"},"query-input":{"@type":"PropertyValueSpecification","valueRequired":true,"valueName":"search_term_string"}}],"inLanguage":"fr-FR"},{"@type":"Organization","@id":"https:\/\/www.animalsalut.com\/fr\/?lang=ca\/#organization","name":"Animal Salut","alternateName":"Animal Salut - Veterinario a domicilio","url":"https:\/\/www.animalsalut.com\/fr\/?lang=ca\/","logo":{"@type":"ImageObject","inLanguage":"fr-FR","@id":"https:\/\/www.animalsalut.com\/fr\/?lang=ca\/#\/schema\/logo\/image\/","url":"https:\/\/www.animalsalut.com\/wp-content\/uploads\/2018\/10\/cropped-logo_animal_salut-1.png","contentUrl":"https:\/\/www.animalsalut.com\/wp-content\/uploads\/2018\/10\/cropped-logo_animal_salut-1.png","width":512,"height":512,"caption":"Animal Salut"},"image":{"@id":"https:\/\/www.animalsalut.com\/fr\/?lang=ca\/#\/schema\/logo\/image\/"},"sameAs":["https:\/\/www.facebook.com\/animalsalut","https:\/\/x.com\/animalsalut","https:\/\/www.instagram.com\/animalsalut","https:\/\/www.threads.net\/@animalsalut"]}]}},"_links":{"self":[{"href":"https:\/\/www.animalsalut.com\/fr\/wp-json\/wp\/v2\/pages\/43796","targetHints":{"allow":["GET"]}}],"collection":[{"href":"https:\/\/www.animalsalut.com\/fr\/wp-json\/wp\/v2\/pages"}],"about":[{"href":"https:\/\/www.animalsalut.com\/fr\/wp-json\/wp\/v2\/types\/page"}],"author":[{"embeddable":true,"href":"https:\/\/www.animalsalut.com\/fr\/wp-json\/wp\/v2\/users\/2"}],"replies":[{"embeddable":true,"href":"https:\/\/www.animalsalut.com\/fr\/wp-json\/wp\/v2\/comments?post=43796"}],"version-history":[{"count":6,"href":"https:\/\/www.animalsalut.com\/fr\/wp-json\/wp\/v2\/pages\/43796\/revisions"}],"predecessor-version":[{"id":43904,"href":"https:\/\/www.animalsalut.com\/fr\/wp-json\/wp\/v2\/pages\/43796\/revisions\/43904"}],"wp:attachment":[{"href":"https:\/\/www.animalsalut.com\/fr\/wp-json\/wp\/v2\/media?parent=43796"}],"curies":[{"name":"wp","href":"https:\/\/api.w.org\/{rel}","templated":true}]}}